{"id":871,"date":"2023-10-02T11:09:07","date_gmt":"2023-10-02T15:09:07","guid":{"rendered":"https:\/\/shop.paulettesauve.com\/product\/ville-turquoise\/"},"modified":"2025-07-01T11:23:55","modified_gmt":"2025-07-01T15:23:55","slug":"ville-turquoise","status":"publish","type":"product","link":"https:\/\/shop.paulettesauve.com\/fr\/produit\/ville-turquoise\/","title":{"rendered":"Ville turquoise"},"content":{"rendered":"<p>Ville turquoise<\/p>\n","protected":false},"excerpt":{"rendered":"<h5><strong>Il s\u2019agit d\u2019une tapisserie unique, tiss\u00e9e \u00e0 la main. Un certificat d\u2019authenticit\u00e9 accompagne chaque \u0153uvre d\u2019art. L\u2019artiste, r\u00e9cipiendaire d\u2019une ma\u00eetrise en beaux-arts de l\u2019Universit\u00e9 du Qu\u00e9bec \u00e0 Montr\u00e9al, expose ses \u0153uvres dans des mus\u00e9es, des collections corporatives et priv\u00e9es dans plusieurs pays.<br \/>\nCette tapisserie repr\u00e9sente le Vieux-Port de Montr\u00e9al, au Qu\u00e9bec, et est tiss\u00e9e avec des fils de coton et de bambou.  <\/strong><strong>Dimensions encadr\u00e9es : 72 cm sur 97 cm.  <\/strong><strong>Le prix comprend les taxes. Frais de port calcul\u00e9s \u00e0 la caisse. <\/strong><strong>\u00e0 la caisse<\/strong><\/h5>\n<p><img decoding=\"async\" class=\"size-full wp-image-4280\" src=\"https:\/\/shop.paulettesauve.com\/wp-content\/uploads\/2023\/09\/P-M-Sauve_CREDIT-CARDS-ACCEPTED_1b.jpg\" alt=\".\" width=\"265\" height=\"59\"><\/p>\n","protected":false},"featured_media":750,"comment_status":"closed","ping_status":"closed","template":"","meta":[],"product_brand":[],"product_cat":[147,66],"product_tag":[148,72],"class_list":{"0":"post-871","1":"product","2":"type-product","3":"status-publish","4":"has-post-thumbnail","6":"product_cat-cityscape-fr","7":"product_cat-tapisseries-fr","8":"product_tag-cityscape-fr","9":"product_tag-tapisseries","11":"first","12":"instock","13":"sold-individually","14":"shipping-taxable","15":"purchasable","16":"product-type-simple"},"jetpack_sharing_enabled":true,"_links":{"self":[{"href":"https:\/\/shop.paulettesauve.com\/fr\/wp-json\/wp\/v2\/product\/871","targetHints":{"allow":["GET"]}}],"collection":[{"href":"https:\/\/shop.paulettesauve.com\/fr\/wp-json\/wp\/v2\/product"}],"about":[{"href":"https:\/\/shop.paulettesauve.com\/fr\/wp-json\/wp\/v2\/types\/product"}],"replies":[{"embeddable":true,"href":"https:\/\/shop.paulettesauve.com\/fr\/wp-json\/wp\/v2\/comments?post=871"}],"version-history":[{"count":6,"href":"https:\/\/shop.paulettesauve.com\/fr\/wp-json\/wp\/v2\/product\/871\/revisions"}],"predecessor-version":[{"id":7821,"href":"https:\/\/shop.paulettesauve.com\/fr\/wp-json\/wp\/v2\/product\/871\/revisions\/7821"}],"wp:featuredmedia":[{"embeddable":true,"href":"https:\/\/shop.paulettesauve.com\/fr\/wp-json\/wp\/v2\/media\/750"}],"wp:attachment":[{"href":"https:\/\/shop.paulettesauve.com\/fr\/wp-json\/wp\/v2\/media?parent=871"}],"wp:term":[{"taxonomy":"product_brand","embeddable":true,"href":"https:\/\/shop.paulettesauve.com\/fr\/wp-json\/wp\/v2\/product_brand?post=871"},{"taxonomy":"product_cat","embeddable":true,"href":"https:\/\/shop.paulettesauve.com\/fr\/wp-json\/wp\/v2\/product_cat?post=871"},{"taxonomy":"product_tag","embeddable":true,"href":"https:\/\/shop.paulettesauve.com\/fr\/wp-json\/wp\/v2\/product_tag?post=871"}],"curies":[{"name":"wp","href":"https:\/\/api.w.org\/{rel}","templated":true}]}}