{"id":870,"date":"2023-09-24T08:20:35","date_gmt":"2023-09-24T12:20:35","guid":{"rendered":"https:\/\/shop.paulettesauve.com\/product\/le-mystere-aquatique-de-claude-ds1\/"},"modified":"2025-07-01T09:38:07","modified_gmt":"2025-07-01T13:38:07","slug":"claudes-aquatic-mystery-ds1","status":"publish","type":"product","link":"https:\/\/shop.paulettesauve.com\/fr\/produit\/claudes-aquatic-mystery-ds1\/","title":{"rendered":"Le myst\u00e8re aquatique de Claude DS1"},"content":{"rendered":"<p>Le myst\u00e8re aquatique de Claude DS1<\/p>\n","protected":false},"excerpt":{"rendered":"<h5>Il s\u2019agit d\u2019une tapisserie unique, tiss\u00e9e \u00e0 la main. Un certificat d\u2019authenticit\u00e9 accompagne chaque \u0153uvre d\u2019art. L\u2019artiste, r\u00e9cipiendaire d\u2019une ma\u00eetrise en beaux-arts de l\u2019Universit\u00e9 du Qu\u00e9bec \u00e0 Montr\u00e9al, expose ses \u0153uvres dans des mus\u00e9es, des collections corporatives et priv\u00e9es dans plusieurs pays.<\/h5>\n<h5>Tiss\u00e9e en fils de bambou et de coton, cette \u0153uvre d\u2019art est encadr\u00e9e et mesure 74 x 74 cm. Le prix comprend les taxes. Frais de port calcul\u00e9s \u00e0 la caisse<\/h5>\n[caption id=\"attachment_4280\" align=\"alignnone\" width=\"265\"]<img decoding=\"async\" class=\"size-full wp-image-4280\" src=\"https:\/\/shop.paulettesauve.com\/wp-content\/uploads\/2023\/09\/P-M-Sauve_CREDIT-CARDS-ACCEPTED_1b.jpg\" alt=\".\" width=\"265\" height=\"59\"> Cartes de cr\u00e9dit accept\u00e9es dans PayPal[\/caption]\n","protected":false},"featured_media":743,"comment_status":"closed","ping_status":"closed","template":"","meta":[],"product_brand":[],"product_cat":[116,65,66,62],"product_tag":[117,69,72,68],"class_list":{"0":"post-870","1":"product","2":"type-product","3":"status-publish","4":"has-post-thumbnail","6":"product_cat-proteger-la-faune","7":"product_cat-tapisserie","8":"product_cat-tapisseries-fr","9":"product_cat-textile-art-fr","10":"product_tag-proteger-la-faune","11":"product_tag-tapisserie","12":"product_tag-tapisseries","13":"product_tag-tisse-a-la-main","15":"first","16":"instock","17":"shipping-taxable","18":"purchasable","19":"product-type-simple"},"jetpack_sharing_enabled":true,"_links":{"self":[{"href":"https:\/\/shop.paulettesauve.com\/fr\/wp-json\/wp\/v2\/product\/870","targetHints":{"allow":["GET"]}}],"collection":[{"href":"https:\/\/shop.paulettesauve.com\/fr\/wp-json\/wp\/v2\/product"}],"about":[{"href":"https:\/\/shop.paulettesauve.com\/fr\/wp-json\/wp\/v2\/types\/product"}],"replies":[{"embeddable":true,"href":"https:\/\/shop.paulettesauve.com\/fr\/wp-json\/wp\/v2\/comments?post=870"}],"version-history":[{"count":7,"href":"https:\/\/shop.paulettesauve.com\/fr\/wp-json\/wp\/v2\/product\/870\/revisions"}],"predecessor-version":[{"id":7802,"href":"https:\/\/shop.paulettesauve.com\/fr\/wp-json\/wp\/v2\/product\/870\/revisions\/7802"}],"wp:featuredmedia":[{"embeddable":true,"href":"https:\/\/shop.paulettesauve.com\/fr\/wp-json\/wp\/v2\/media\/743"}],"wp:attachment":[{"href":"https:\/\/shop.paulettesauve.com\/fr\/wp-json\/wp\/v2\/media?parent=870"}],"wp:term":[{"taxonomy":"product_brand","embeddable":true,"href":"https:\/\/shop.paulettesauve.com\/fr\/wp-json\/wp\/v2\/product_brand?post=870"},{"taxonomy":"product_cat","embeddable":true,"href":"https:\/\/shop.paulettesauve.com\/fr\/wp-json\/wp\/v2\/product_cat?post=870"},{"taxonomy":"product_tag","embeddable":true,"href":"https:\/\/shop.paulettesauve.com\/fr\/wp-json\/wp\/v2\/product_tag?post=870"}],"curies":[{"name":"wp","href":"https:\/\/api.w.org\/{rel}","templated":true}]}}