{"id":866,"date":"2023-09-17T13:40:23","date_gmt":"2023-09-17T17:40:23","guid":{"rendered":"https:\/\/shop.paulettesauve.com\/product\/basilique-et-vieux-port\/"},"modified":"2025-07-01T09:14:36","modified_gmt":"2025-07-01T13:14:36","slug":"basilique-vieux-port","status":"publish","type":"product","link":"https:\/\/shop.paulettesauve.com\/fr\/produit\/basilique-vieux-port\/","title":{"rendered":"BASILIQUE ET VIEUX-PORT"},"content":{"rendered":"<p>BASILIQUE ET VIEUX-PORT<\/p>\n","protected":false},"excerpt":{"rendered":"<h5>Il s\u2019agit d\u2019une tapisserie unique, tiss\u00e9e \u00e0 la main. Un certificat d\u2019authenticit\u00e9 accompagne chaque \u0153uvre d\u2019art. L\u2019artiste, r\u00e9cipiendaire d\u2019une ma\u00eetrise en beaux-arts de l\u2019Universit\u00e9 du Qu\u00e9bec \u00e0 Montr\u00e9al, expose ses \u0153uvres dans des mus\u00e9es, des collections corporatives et priv\u00e9es dans plusieurs pays.<\/h5>\n<h5>Tiss\u00e9 \u00e0 la main, coton, bambou<br \/>\nDimensions encadr\u00e9es : 72 x 72 cm (28H x 28L pouces)<br \/>\nLe prix comprend toutes les taxes.<br \/>\nQuincaillerie install\u00e9e.<\/h5>\n[caption id=\"attachment_4280\" align=\"alignnone\" width=\"265\"]<img decoding=\"async\" class=\"size-full wp-image-4280\" src=\"https:\/\/shop.paulettesauve.com\/wp-content\/uploads\/2023\/09\/P-M-Sauve_CREDIT-CARDS-ACCEPTED_1b.jpg\" alt=\".\" width=\"265\" height=\"59\"> Cartes de cr\u00e9dit accept\u00e9es dans PayPal[\/caption]\n<p>&nbsp;<\/p>\n","protected":false},"featured_media":738,"comment_status":"closed","ping_status":"closed","template":"","meta":[],"product_brand":[],"product_cat":[147,66],"product_tag":[148,72,68],"class_list":{"0":"post-866","1":"product","2":"type-product","3":"status-publish","4":"has-post-thumbnail","6":"product_cat-cityscape-fr","7":"product_cat-tapisseries-fr","8":"product_tag-cityscape-fr","9":"product_tag-tapisseries","10":"product_tag-tisse-a-la-main","12":"first","13":"instock","14":"shipping-taxable","15":"purchasable","16":"product-type-simple"},"jetpack_sharing_enabled":true,"_links":{"self":[{"href":"https:\/\/shop.paulettesauve.com\/fr\/wp-json\/wp\/v2\/product\/866","targetHints":{"allow":["GET"]}}],"collection":[{"href":"https:\/\/shop.paulettesauve.com\/fr\/wp-json\/wp\/v2\/product"}],"about":[{"href":"https:\/\/shop.paulettesauve.com\/fr\/wp-json\/wp\/v2\/types\/product"}],"replies":[{"embeddable":true,"href":"https:\/\/shop.paulettesauve.com\/fr\/wp-json\/wp\/v2\/comments?post=866"}],"version-history":[{"count":4,"href":"https:\/\/shop.paulettesauve.com\/fr\/wp-json\/wp\/v2\/product\/866\/revisions"}],"predecessor-version":[{"id":7793,"href":"https:\/\/shop.paulettesauve.com\/fr\/wp-json\/wp\/v2\/product\/866\/revisions\/7793"}],"wp:featuredmedia":[{"embeddable":true,"href":"https:\/\/shop.paulettesauve.com\/fr\/wp-json\/wp\/v2\/media\/738"}],"wp:attachment":[{"href":"https:\/\/shop.paulettesauve.com\/fr\/wp-json\/wp\/v2\/media?parent=866"}],"wp:term":[{"taxonomy":"product_brand","embeddable":true,"href":"https:\/\/shop.paulettesauve.com\/fr\/wp-json\/wp\/v2\/product_brand?post=866"},{"taxonomy":"product_cat","embeddable":true,"href":"https:\/\/shop.paulettesauve.com\/fr\/wp-json\/wp\/v2\/product_cat?post=866"},{"taxonomy":"product_tag","embeddable":true,"href":"https:\/\/shop.paulettesauve.com\/fr\/wp-json\/wp\/v2\/product_tag?post=866"}],"curies":[{"name":"wp","href":"https:\/\/api.w.org\/{rel}","templated":true}]}}