{"id":863,"date":"2023-09-16T15:11:15","date_gmt":"2023-09-16T19:11:15","guid":{"rendered":"https:\/\/shop.paulettesauve.com\/product\/port-basilique\/"},"modified":"2025-04-14T13:57:53","modified_gmt":"2025-04-14T17:57:53","slug":"port-basilique","status":"publish","type":"product","link":"https:\/\/shop.paulettesauve.com\/fr\/produit\/port-basilique\/","title":{"rendered":"PORT &amp; BASILIQUE"},"content":{"rendered":"<p>PORT &amp; BASILIQUE<\/p>\n","protected":false},"excerpt":{"rendered":"<h4>Il s\u2019agit d\u2019une peinture \u00e0 l\u2019huile sur toile unique. Un certificat d\u2019authenticit\u00e9 accompagne chaque \u0153uvre d\u2019art. L\u2019artiste expose ses \u0153uvres dans des mus\u00e9es, des entreprises et des collections priv\u00e9es dans le monde entier.<br \/>\nIl s\u2019agit d\u2019une repr\u00e9sentation abstraite du Port de Montr\u00e9al, montrant des parties de la ville et de la basilique Notre-Dame de Montr\u00e9al. Peint \u00e0 l\u2019huile et en techniques mixtes sur toile, il est dans un cadre flottant de haute qualit\u00e9 et mesure 95 cm de haut sur 125 cm de large sur 5 cm de profondeur.<br \/>\nLe prix comprend les taxes. Les frais de port sont calcul\u00e9s \u00e0 la caisse.<\/h4>\n<p><img decoding=\"async\" class=\"alignnone size-full wp-image-4280\" src=\"https:\/\/shop.paulettesauve.com\/wp-content\/uploads\/2023\/09\/P-M-Sauve_CREDIT-CARDS-ACCEPTED_1b.jpg\" alt=\".\" width=\"265\" height=\"59\"><\/p>\n","protected":false},"featured_media":736,"comment_status":"closed","ping_status":"closed","template":"","meta":[],"product_brand":[],"product_cat":[147,170,59,185],"product_tag":[148,79],"class_list":{"0":"post-863","1":"product","2":"type-product","3":"status-publish","4":"has-post-thumbnail","6":"product_cat-cityscape-fr","7":"product_cat-huile-sur-toile","8":"product_cat-peintures","9":"product_cat-peintures-paysages-urbains","10":"product_tag-cityscape-fr","11":"product_tag-huile-sur-toile","13":"first","14":"instock","15":"sold-individually","16":"shipping-taxable","17":"purchasable","18":"product-type-simple"},"jetpack_sharing_enabled":true,"_links":{"self":[{"href":"https:\/\/shop.paulettesauve.com\/fr\/wp-json\/wp\/v2\/product\/863","targetHints":{"allow":["GET"]}}],"collection":[{"href":"https:\/\/shop.paulettesauve.com\/fr\/wp-json\/wp\/v2\/product"}],"about":[{"href":"https:\/\/shop.paulettesauve.com\/fr\/wp-json\/wp\/v2\/types\/product"}],"replies":[{"embeddable":true,"href":"https:\/\/shop.paulettesauve.com\/fr\/wp-json\/wp\/v2\/comments?post=863"}],"version-history":[{"count":8,"href":"https:\/\/shop.paulettesauve.com\/fr\/wp-json\/wp\/v2\/product\/863\/revisions"}],"predecessor-version":[{"id":7695,"href":"https:\/\/shop.paulettesauve.com\/fr\/wp-json\/wp\/v2\/product\/863\/revisions\/7695"}],"wp:featuredmedia":[{"embeddable":true,"href":"https:\/\/shop.paulettesauve.com\/fr\/wp-json\/wp\/v2\/media\/736"}],"wp:attachment":[{"href":"https:\/\/shop.paulettesauve.com\/fr\/wp-json\/wp\/v2\/media?parent=863"}],"wp:term":[{"taxonomy":"product_brand","embeddable":true,"href":"https:\/\/shop.paulettesauve.com\/fr\/wp-json\/wp\/v2\/product_brand?post=863"},{"taxonomy":"product_cat","embeddable":true,"href":"https:\/\/shop.paulettesauve.com\/fr\/wp-json\/wp\/v2\/product_cat?post=863"},{"taxonomy":"product_tag","embeddable":true,"href":"https:\/\/shop.paulettesauve.com\/fr\/wp-json\/wp\/v2\/product_tag?post=863"}],"curies":[{"name":"wp","href":"https:\/\/api.w.org\/{rel}","templated":true}]}}