{"id":861,"date":"2023-09-10T17:33:13","date_gmt":"2023-09-10T21:33:13","guid":{"rendered":"https:\/\/shop.paulettesauve.com\/product\/tapisserie-du-grand-heron\/"},"modified":"2024-08-16T14:44:24","modified_gmt":"2024-08-16T18:44:24","slug":"tapisserie-grand-heron","status":"publish","type":"product","link":"https:\/\/shop.paulettesauve.com\/fr\/produit\/tapisserie-grand-heron\/","title":{"rendered":"Tapisserie du Grand H\u00e9ron"},"content":{"rendered":"<p>Tapisserie du Grand H\u00e9ron Tapisserie tiss\u00e9e \u00e0 la main, laine, soie, coton Encadr\u00e9.<br \/>\nDimensions : 87 cm de haut sur 72 cm de large (34 pouces de haut sur 28 de large) Pour les travaux sur commande, tout ce dont vous avez besoin pour votre d\u00e9coration int\u00e9rieure peut \u00eatre cr\u00e9\u00e9.<br \/>\nPour plus d\u2019informations, contactez l\u2019artiste par mail : paulette@paulettesauve.com SKU378072  <\/p>\n","protected":false},"excerpt":{"rendered":"<p>Tapisserie tiss\u00e9e \u00e0 la main, laine, soie, coton encadr\u00e9.<br \/>\nDimensions : 87 cm de haut par 72 cm de large (34 par 28 pouces) Art personnalis\u00e9 disponible : info@paulettesauve.com <\/p>\n","protected":false},"featured_media":721,"comment_status":"closed","ping_status":"closed","template":"","meta":[],"product_brand":[],"product_cat":[51],"product_tag":[],"class_list":{"0":"post-861","1":"product","2":"type-product","3":"status-publish","4":"has-post-thumbnail","6":"product_cat-non-classifiee","8":"first","9":"outofstock","10":"sold-individually","11":"taxable","12":"shipping-taxable","13":"product-type-simple"},"jetpack_sharing_enabled":true,"_links":{"self":[{"href":"https:\/\/shop.paulettesauve.com\/fr\/wp-json\/wp\/v2\/product\/861","targetHints":{"allow":["GET"]}}],"collection":[{"href":"https:\/\/shop.paulettesauve.com\/fr\/wp-json\/wp\/v2\/product"}],"about":[{"href":"https:\/\/shop.paulettesauve.com\/fr\/wp-json\/wp\/v2\/types\/product"}],"replies":[{"embeddable":true,"href":"https:\/\/shop.paulettesauve.com\/fr\/wp-json\/wp\/v2\/comments?post=861"}],"version-history":[{"count":5,"href":"https:\/\/shop.paulettesauve.com\/fr\/wp-json\/wp\/v2\/product\/861\/revisions"}],"predecessor-version":[{"id":6646,"href":"https:\/\/shop.paulettesauve.com\/fr\/wp-json\/wp\/v2\/product\/861\/revisions\/6646"}],"wp:featuredmedia":[{"embeddable":true,"href":"https:\/\/shop.paulettesauve.com\/fr\/wp-json\/wp\/v2\/media\/721"}],"wp:attachment":[{"href":"https:\/\/shop.paulettesauve.com\/fr\/wp-json\/wp\/v2\/media?parent=861"}],"wp:term":[{"taxonomy":"product_brand","embeddable":true,"href":"https:\/\/shop.paulettesauve.com\/fr\/wp-json\/wp\/v2\/product_brand?post=861"},{"taxonomy":"product_cat","embeddable":true,"href":"https:\/\/shop.paulettesauve.com\/fr\/wp-json\/wp\/v2\/product_cat?post=861"},{"taxonomy":"product_tag","embeddable":true,"href":"https:\/\/shop.paulettesauve.com\/fr\/wp-json\/wp\/v2\/product_tag?post=861"}],"curies":[{"name":"wp","href":"https:\/\/api.w.org\/{rel}","templated":true}]}}