{"id":859,"date":"2023-09-11T17:59:20","date_gmt":"2023-09-11T21:59:20","guid":{"rendered":"https:\/\/shop.paulettesauve.com\/product\/vision-superieure-au-dela\/"},"modified":"2025-01-23T10:15:50","modified_gmt":"2025-01-23T15:15:50","slug":"haute-vision-au-dela","status":"publish","type":"product","link":"https:\/\/shop.paulettesauve.com\/fr\/produit\/haute-vision-au-dela\/","title":{"rendered":"VISION SUP\u00c9RIEURE-AU-DELA"},"content":{"rendered":"<p>HAUTE VISION-AU-DELA _tapisserie triptyque, 158 par 222 cm<br \/>\n&#8211; collection du Mus\u00e9e des m\u00e9tiers d\u2019art du Qu\u00e9bec (MUMAQ)<\/p>\n<p>&nbsp;<\/p>\n<p>VENDU SKU336923<\/p>\n<p>&nbsp;<\/p>\n<p>&nbsp;<\/p>\n<p>&nbsp;<\/p>\n","protected":false},"excerpt":{"rendered":"<p>HIGHER VISION-AU-DELA _tapestry triptyque, 158 par 222 cm<br \/>\nTiss\u00e9 sur m\u00e9tier \u00e0 tisser TC2 Jacquard avec fil de coton et minuscules lumi\u00e8res<\/p>\n<p>LED anim\u00e9es par un microcontr\u00f4leur programm\u00e9 par l\u2019artiste<\/p>\n<p>Dans la collection permanente du Mus\u00e9e des m\u00e9tiers d\u2019art du Qu\u00e9bec (MUMAQ)<\/p>\n<p>VENDU<\/p>\n","protected":false},"featured_media":725,"comment_status":"closed","ping_status":"closed","template":"","meta":[],"product_brand":[],"product_cat":[99,208,65,66,62],"product_tag":[63,101,209,69,68],"class_list":{"0":"post-859","1":"product","2":"type-product","3":"status-publish","4":"has-post-thumbnail","6":"product_cat-art-electronique","7":"product_cat-art-numerique-fr-2","8":"product_cat-tapisserie","9":"product_cat-tapisseries-fr","10":"product_cat-textile-art-fr","11":"product_tag-art","12":"product_tag-art-electronique","13":"product_tag-art-numerique-fr-3","14":"product_tag-tapisserie","15":"product_tag-tisse-a-la-main","17":"first","18":"outofstock","19":"taxable","20":"shipping-taxable","21":"product-type-simple"},"jetpack_sharing_enabled":true,"_links":{"self":[{"href":"https:\/\/shop.paulettesauve.com\/fr\/wp-json\/wp\/v2\/product\/859","targetHints":{"allow":["GET"]}}],"collection":[{"href":"https:\/\/shop.paulettesauve.com\/fr\/wp-json\/wp\/v2\/product"}],"about":[{"href":"https:\/\/shop.paulettesauve.com\/fr\/wp-json\/wp\/v2\/types\/product"}],"replies":[{"embeddable":true,"href":"https:\/\/shop.paulettesauve.com\/fr\/wp-json\/wp\/v2\/comments?post=859"}],"version-history":[{"count":3,"href":"https:\/\/shop.paulettesauve.com\/fr\/wp-json\/wp\/v2\/product\/859\/revisions"}],"predecessor-version":[{"id":7345,"href":"https:\/\/shop.paulettesauve.com\/fr\/wp-json\/wp\/v2\/product\/859\/revisions\/7345"}],"wp:featuredmedia":[{"embeddable":true,"href":"https:\/\/shop.paulettesauve.com\/fr\/wp-json\/wp\/v2\/media\/725"}],"wp:attachment":[{"href":"https:\/\/shop.paulettesauve.com\/fr\/wp-json\/wp\/v2\/media?parent=859"}],"wp:term":[{"taxonomy":"product_brand","embeddable":true,"href":"https:\/\/shop.paulettesauve.com\/fr\/wp-json\/wp\/v2\/product_brand?post=859"},{"taxonomy":"product_cat","embeddable":true,"href":"https:\/\/shop.paulettesauve.com\/fr\/wp-json\/wp\/v2\/product_cat?post=859"},{"taxonomy":"product_tag","embeddable":true,"href":"https:\/\/shop.paulettesauve.com\/fr\/wp-json\/wp\/v2\/product_tag?post=859"}],"curies":[{"name":"wp","href":"https:\/\/api.w.org\/{rel}","templated":true}]}}