{"id":857,"date":"2023-09-11T17:46:56","date_gmt":"2023-09-11T21:46:56","guid":{"rendered":"https:\/\/shop.paulettesauve.com\/product\/rue-notre-dame-city-heat\/"},"modified":"2024-09-18T16:39:49","modified_gmt":"2024-09-18T20:39:49","slug":"rue-notre-dame-city-heat","status":"publish","type":"product","link":"https:\/\/shop.paulettesauve.com\/fr\/produit\/rue-notre-dame-city-heat\/","title":{"rendered":"RUE NOTRE-DAME CITY HEAT"},"content":{"rendered":"<p>RUE NOTRE &#8211; DAME CITY HEAT, 2015 Encre d\u2019archives sur aluminium La taille encadr\u00e9e est de 122 x 92 cm (48 x 36 pouces) Tous droits r\u00e9serv\u00e9s \u00a9 Paulette-Marie Sauv\u00e9 SKU31392LE3  &nbsp;<\/p>\n","protected":false},"excerpt":{"rendered":"<p><strong>RUE NOTRE &#8211; DAME CITY HEAT, 2015<\/strong><strong>Encre d\u2019archives sur aluminium<\/strong><strong>La taille du cadre est de 122 x 92 cm (48 x 36 pouces)<\/strong><br \/>\n<strong>Le prix comprend les taxes. Disponible sur demande, contacter : info@paulettesauve.com  <\/strong><\/p>\n","protected":false},"featured_media":724,"comment_status":"closed","ping_status":"closed","template":"","meta":[],"product_brand":[],"product_cat":[59,185],"product_tag":[73,186],"class_list":{"0":"post-857","1":"product","2":"type-product","3":"status-publish","4":"has-post-thumbnail","6":"product_cat-peintures","7":"product_cat-peintures-paysages-urbains","8":"product_tag-encre-darchivage-sur-aluminium","9":"product_tag-peintures-paysages-urbains","11":"first","12":"instock","13":"sold-individually","14":"shipping-taxable","15":"product-type-simple"},"jetpack_sharing_enabled":true,"_links":{"self":[{"href":"https:\/\/shop.paulettesauve.com\/fr\/wp-json\/wp\/v2\/product\/857","targetHints":{"allow":["GET"]}}],"collection":[{"href":"https:\/\/shop.paulettesauve.com\/fr\/wp-json\/wp\/v2\/product"}],"about":[{"href":"https:\/\/shop.paulettesauve.com\/fr\/wp-json\/wp\/v2\/types\/product"}],"replies":[{"embeddable":true,"href":"https:\/\/shop.paulettesauve.com\/fr\/wp-json\/wp\/v2\/comments?post=857"}],"version-history":[{"count":6,"href":"https:\/\/shop.paulettesauve.com\/fr\/wp-json\/wp\/v2\/product\/857\/revisions"}],"predecessor-version":[{"id":7097,"href":"https:\/\/shop.paulettesauve.com\/fr\/wp-json\/wp\/v2\/product\/857\/revisions\/7097"}],"wp:featuredmedia":[{"embeddable":true,"href":"https:\/\/shop.paulettesauve.com\/fr\/wp-json\/wp\/v2\/media\/724"}],"wp:attachment":[{"href":"https:\/\/shop.paulettesauve.com\/fr\/wp-json\/wp\/v2\/media?parent=857"}],"wp:term":[{"taxonomy":"product_brand","embeddable":true,"href":"https:\/\/shop.paulettesauve.com\/fr\/wp-json\/wp\/v2\/product_brand?post=857"},{"taxonomy":"product_cat","embeddable":true,"href":"https:\/\/shop.paulettesauve.com\/fr\/wp-json\/wp\/v2\/product_cat?post=857"},{"taxonomy":"product_tag","embeddable":true,"href":"https:\/\/shop.paulettesauve.com\/fr\/wp-json\/wp\/v2\/product_tag?post=857"}],"curies":[{"name":"wp","href":"https:\/\/api.w.org\/{rel}","templated":true}]}}