{"id":855,"date":"2023-09-08T17:04:52","date_gmt":"2023-09-08T21:04:52","guid":{"rendered":"https:\/\/shop.paulettesauve.com\/product\/symphonie-de-lart-textile\/"},"modified":"2024-08-16T14:49:03","modified_gmt":"2024-08-16T18:49:03","slug":"symphonie-dart-textile","status":"publish","type":"product","link":"https:\/\/shop.paulettesauve.com\/fr\/produit\/symphonie-dart-textile\/","title":{"rendered":"SYMPHONIE DE L\u2019ART TEXTILE"},"content":{"rendered":"<p>Paulette-Marie Sauv\u00e9 est peintre, artiste textile et auteure. Elle a publi\u00e9 plusieurs livres dont celui-ci intitul\u00e9 \u00ab FIBRE ART SYMPHONY, a Retrospective \u00bb en anglais, mais aussi en fran\u00e7ais (Vibrations sur fibres). Ce livre pr\u00e9sente pr\u00e8s de 45 ans d\u2019\u0153uvres cr\u00e9\u00e9es par l\u2019artiste, et compte 74 pages, la plupart en couleur, et plusieurs photos en noir et blanc. FIBRE ART SYMPHONY, une r\u00e9trospective Paulette-Marie Sauv\u00e9 est auteure et \u00e9ditrice Biblioth\u00e8que et Archives Canada 2019 ISBN : 978-0-9688935-2-4  &nbsp;<\/p>\n","protected":false},"excerpt":{"rendered":"<p>Livre : pr\u00e9sentant 45 ans d\u2019\u0153uvres cr\u00e9\u00e9es par l\u2019artiste 74 pages, photos couleur. Biblioth\u00e8que et Archives Canada, 2019  &nbsp;<\/p>\n","protected":false},"featured_media":717,"comment_status":"closed","ping_status":"closed","template":"","meta":[],"product_brand":[],"product_cat":[83,76],"product_tag":[87,89,78],"class_list":{"0":"post-855","1":"product","2":"type-product","3":"status-publish","4":"has-post-thumbnail","6":"product_cat-impressions_numeriques_et_cadeaux","7":"product_cat-publications-fr","8":"product_tag-cadeau","9":"product_tag-cadeaux","10":"product_tag-publication-fr","12":"first","13":"instock","14":"taxable","15":"shipping-taxable","16":"purchasable","17":"product-type-simple"},"jetpack_sharing_enabled":true,"_links":{"self":[{"href":"https:\/\/shop.paulettesauve.com\/fr\/wp-json\/wp\/v2\/product\/855","targetHints":{"allow":["GET"]}}],"collection":[{"href":"https:\/\/shop.paulettesauve.com\/fr\/wp-json\/wp\/v2\/product"}],"about":[{"href":"https:\/\/shop.paulettesauve.com\/fr\/wp-json\/wp\/v2\/types\/product"}],"replies":[{"embeddable":true,"href":"https:\/\/shop.paulettesauve.com\/fr\/wp-json\/wp\/v2\/comments?post=855"}],"version-history":[{"count":2,"href":"https:\/\/shop.paulettesauve.com\/fr\/wp-json\/wp\/v2\/product\/855\/revisions"}],"predecessor-version":[{"id":6647,"href":"https:\/\/shop.paulettesauve.com\/fr\/wp-json\/wp\/v2\/product\/855\/revisions\/6647"}],"wp:featuredmedia":[{"embeddable":true,"href":"https:\/\/shop.paulettesauve.com\/fr\/wp-json\/wp\/v2\/media\/717"}],"wp:attachment":[{"href":"https:\/\/shop.paulettesauve.com\/fr\/wp-json\/wp\/v2\/media?parent=855"}],"wp:term":[{"taxonomy":"product_brand","embeddable":true,"href":"https:\/\/shop.paulettesauve.com\/fr\/wp-json\/wp\/v2\/product_brand?post=855"},{"taxonomy":"product_cat","embeddable":true,"href":"https:\/\/shop.paulettesauve.com\/fr\/wp-json\/wp\/v2\/product_cat?post=855"},{"taxonomy":"product_tag","embeddable":true,"href":"https:\/\/shop.paulettesauve.com\/fr\/wp-json\/wp\/v2\/product_tag?post=855"}],"curies":[{"name":"wp","href":"https:\/\/api.w.org\/{rel}","templated":true}]}}