{"id":854,"date":"2023-09-15T18:30:43","date_gmt":"2023-09-15T22:30:43","guid":{"rendered":"https:\/\/shop.paulettesauve.com\/product\/rue-vinet\/"},"modified":"2024-09-09T13:56:58","modified_gmt":"2024-09-09T17:56:58","slug":"rue-vinet","status":"publish","type":"product","link":"https:\/\/shop.paulettesauve.com\/fr\/produit\/rue-vinet\/","title":{"rendered":"RUE VINET"},"content":{"rendered":"<p>RUE VINET Reproduction de l\u2019huile sur toile de l\u2019artiste, encre d\u2019archives sur toile Dimensions encadr\u00e9es : 59 x 44 cm (23 x 17 pouces)  &nbsp;<\/p>\n","protected":false},"excerpt":{"rendered":"<p><strong>Reproduction de l\u2019huile sur toile de l\u2019artiste, encre d\u2019archives sur toile<\/strong><strong>Dimensions encadr\u00e9es : 59 x 44 cm (23 x 17 pouces)<\/strong><strong>Prix taxes incluses<\/strong><strong>Cartes de cr\u00e9dit accept\u00e9es \u00e0 la caisse<\/strong><\/p>\n<p><img decoding=\"async\" class=\"alignnone size-full wp-image-4280\" src=\"https:\/\/shop.paulettesauve.com\/wp-content\/uploads\/2023\/09\/P-M-Sauve_CREDIT-CARDS-ACCEPTED_1b.jpg\" alt=\"CARTES DE CR\u00c9DIT ACCEPT\u00c9ES\" width=\"265\" height=\"59\"><\/p>\n","protected":false},"featured_media":728,"comment_status":"closed","ping_status":"closed","template":"","meta":[],"product_brand":[],"product_cat":[94,92],"product_tag":[63,129],"class_list":{"0":"post-854","1":"product","2":"type-product","3":"status-publish","4":"has-post-thumbnail","6":"product_cat-art","7":"product_cat-estampes","8":"product_tag-art","9":"product_tag-impressions","11":"first","12":"instock","13":"sold-individually","14":"shipping-taxable","15":"purchasable","16":"product-type-simple"},"jetpack_sharing_enabled":true,"_links":{"self":[{"href":"https:\/\/shop.paulettesauve.com\/fr\/wp-json\/wp\/v2\/product\/854","targetHints":{"allow":["GET"]}}],"collection":[{"href":"https:\/\/shop.paulettesauve.com\/fr\/wp-json\/wp\/v2\/product"}],"about":[{"href":"https:\/\/shop.paulettesauve.com\/fr\/wp-json\/wp\/v2\/types\/product"}],"replies":[{"embeddable":true,"href":"https:\/\/shop.paulettesauve.com\/fr\/wp-json\/wp\/v2\/comments?post=854"}],"version-history":[{"count":3,"href":"https:\/\/shop.paulettesauve.com\/fr\/wp-json\/wp\/v2\/product\/854\/revisions"}],"predecessor-version":[{"id":6777,"href":"https:\/\/shop.paulettesauve.com\/fr\/wp-json\/wp\/v2\/product\/854\/revisions\/6777"}],"wp:featuredmedia":[{"embeddable":true,"href":"https:\/\/shop.paulettesauve.com\/fr\/wp-json\/wp\/v2\/media\/728"}],"wp:attachment":[{"href":"https:\/\/shop.paulettesauve.com\/fr\/wp-json\/wp\/v2\/media?parent=854"}],"wp:term":[{"taxonomy":"product_brand","embeddable":true,"href":"https:\/\/shop.paulettesauve.com\/fr\/wp-json\/wp\/v2\/product_brand?post=854"},{"taxonomy":"product_cat","embeddable":true,"href":"https:\/\/shop.paulettesauve.com\/fr\/wp-json\/wp\/v2\/product_cat?post=854"},{"taxonomy":"product_tag","embeddable":true,"href":"https:\/\/shop.paulettesauve.com\/fr\/wp-json\/wp\/v2\/product_tag?post=854"}],"curies":[{"name":"wp","href":"https:\/\/api.w.org\/{rel}","templated":true}]}}