{"id":850,"date":"2023-09-15T18:06:57","date_gmt":"2023-09-15T22:06:57","guid":{"rendered":"https:\/\/shop.paulettesauve.com\/product\/atomicite-profonde\/"},"modified":"2025-05-10T13:10:51","modified_gmt":"2025-05-10T17:10:51","slug":"atomicite-profonde","status":"publish","type":"product","link":"https:\/\/shop.paulettesauve.com\/fr\/produit\/atomicite-profonde\/","title":{"rendered":"ATOMICIT\u00c9 PROFONDE"},"content":{"rendered":"<p>ATOMICIT\u00c9 PROFONDE 2020 tapisserie encadr\u00e9e 157 x 74 cm- SKU336543<\/p>\n","protected":false},"excerpt":{"rendered":"<h5>Il s\u2019agit d\u2019une tapisserie unique, tiss\u00e9e \u00e0 la main. Un certificat d\u2019authenticit\u00e9 accompagne chaque \u0153uvre d\u2019art. L\u2019artiste, r\u00e9cipiendaire d\u2019une ma\u00eetrise en beaux-arts de l\u2019Universit\u00e9 du Qu\u00e9bec \u00e0 Montr\u00e9al, expose ses \u0153uvres dans des mus\u00e9es, des collections corporatives et priv\u00e9es dans plusieurs pays.<\/h5>\n<h5>Cette belle \u0153uvre d\u2019art repr\u00e9sente une phrase \u00e9crite en 1948, \u00e0 Paris, en France, par Pierre Teilhard de Chardin. Cette tapisserie est tiss\u00e9e \u00e0 la main sur un m\u00e9tier \u00e0 tisser Jacquard avec des fils de bambou, de tencel et de coton. Magnifiquement encadr\u00e9 avec crochets install\u00e9s, la taille est de 157 x 74 cm.\u00a0 Le prix comprend les taxes. Frais de port calcul\u00e9s \u00e0 la caisse.<\/h5>\n<p><img decoding=\"async\" class=\"size-full wp-image-4280\" src=\"https:\/\/shop.paulettesauve.com\/wp-content\/uploads\/2023\/09\/P-M-Sauve_CREDIT-CARDS-ACCEPTED_1b.jpg\" alt=\"CARTES DE CR\u00c9DIT ACCEPT\u00c9ES\" width=\"265\" height=\"59\" \/><\/p>\n<p>Cartes de cr\u00e9dit accept\u00e9es dans PayPal&nbsp;<\/p>\n","protected":false},"featured_media":727,"comment_status":"closed","ping_status":"closed","template":"","meta":[],"product_brand":[],"product_cat":[139,65,66],"product_tag":[137,72,68],"class_list":{"0":"post-850","1":"product","2":"type-product","3":"status-publish","4":"has-post-thumbnail","6":"product_cat-conceptuel","7":"product_cat-tapisserie","8":"product_cat-tapisseries-fr","9":"product_tag-conceptuel","10":"product_tag-tapisseries","11":"product_tag-tisse-a-la-main","13":"first","14":"instock","15":"sold-individually","16":"shipping-taxable","17":"purchasable","18":"product-type-simple"},"jetpack_sharing_enabled":true,"_links":{"self":[{"href":"https:\/\/shop.paulettesauve.com\/fr\/wp-json\/wp\/v2\/product\/850","targetHints":{"allow":["GET"]}}],"collection":[{"href":"https:\/\/shop.paulettesauve.com\/fr\/wp-json\/wp\/v2\/product"}],"about":[{"href":"https:\/\/shop.paulettesauve.com\/fr\/wp-json\/wp\/v2\/types\/product"}],"replies":[{"embeddable":true,"href":"https:\/\/shop.paulettesauve.com\/fr\/wp-json\/wp\/v2\/comments?post=850"}],"version-history":[{"count":10,"href":"https:\/\/shop.paulettesauve.com\/fr\/wp-json\/wp\/v2\/product\/850\/revisions"}],"predecessor-version":[{"id":7726,"href":"https:\/\/shop.paulettesauve.com\/fr\/wp-json\/wp\/v2\/product\/850\/revisions\/7726"}],"wp:featuredmedia":[{"embeddable":true,"href":"https:\/\/shop.paulettesauve.com\/fr\/wp-json\/wp\/v2\/media\/727"}],"wp:attachment":[{"href":"https:\/\/shop.paulettesauve.com\/fr\/wp-json\/wp\/v2\/media?parent=850"}],"wp:term":[{"taxonomy":"product_brand","embeddable":true,"href":"https:\/\/shop.paulettesauve.com\/fr\/wp-json\/wp\/v2\/product_brand?post=850"},{"taxonomy":"product_cat","embeddable":true,"href":"https:\/\/shop.paulettesauve.com\/fr\/wp-json\/wp\/v2\/product_cat?post=850"},{"taxonomy":"product_tag","embeddable":true,"href":"https:\/\/shop.paulettesauve.com\/fr\/wp-json\/wp\/v2\/product_tag?post=850"}],"curies":[{"name":"wp","href":"https:\/\/api.w.org\/{rel}","templated":true}]}}