{"id":849,"date":"2023-09-16T13:48:42","date_gmt":"2023-09-16T17:48:42","guid":{"rendered":"https:\/\/shop.paulettesauve.com\/product\/deep-atomic-perception-latomicite-profonde\/"},"modified":"2024-09-07T00:00:23","modified_gmt":"2024-09-07T04:00:23","slug":"profonde-perception-atomique-latomicite-profonde","status":"publish","type":"product","link":"https:\/\/shop.paulettesauve.com\/fr\/produit\/profonde-perception-atomique-latomicite-profonde\/","title":{"rendered":"PERCEPTION ATOMIQUE PROFONDE"},"content":{"rendered":"<p>PERCEPTION ATOMIQUE PROFONDE Tous droits r\u00e9serv\u00e9s \u00a9 Paulette-Marie Sauv\u00e9<\/p>\n","protected":false},"excerpt":{"rendered":"<p><strong>Beau photo-montage \u00e0 l\u2019encre d\u2019archives sur aluminium<br \/>\n<\/strong><\/p>\n<p><strong>Avec un encadrement de belle qualit\u00e9<br \/>\n<\/strong><\/p>\n<p><strong>Dimensions encadr\u00e9es : 87 cm par 127 cm (34H X 50L pouces).<br \/>\n<\/strong><\/p>\n<p><strong>Prix taxes incluses. \u00a0\u00a0 \u00a0 <\/strong><\/p>\n<p><strong>Cartes de cr\u00e9dit accept\u00e9es \u00e0 la caisse<\/strong><\/p>\n<p><img decoding=\"async\" class=\"alignnone size-full wp-image-4280\" src=\"https:\/\/shop.paulettesauve.com\/wp-content\/uploads\/2023\/09\/P-M-Sauve_CREDIT-CARDS-ACCEPTED_1b.jpg\" alt=\"CARTES DE CR\u00c9DIT ACCEPT\u00c9ES\" width=\"265\" height=\"59\" \/><\/p>\n","protected":false},"featured_media":732,"comment_status":"closed","ping_status":"closed","template":"","meta":[],"product_brand":[],"product_cat":[174,59,185],"product_tag":[148,73,155],"class_list":{"0":"post-849","1":"product","2":"type-product","3":"status-publish","4":"has-post-thumbnail","6":"product_cat-encre-darchives-sur-aluminium","7":"product_cat-peintures","8":"product_cat-peintures-paysages-urbains","9":"product_tag-cityscape-fr","10":"product_tag-encre-darchivage-sur-aluminium","11":"product_tag-photo-montage-fr","13":"first","14":"instock","15":"sold-individually","16":"shipping-taxable","17":"product-type-simple"},"jetpack_sharing_enabled":true,"_links":{"self":[{"href":"https:\/\/shop.paulettesauve.com\/fr\/wp-json\/wp\/v2\/product\/849","targetHints":{"allow":["GET"]}}],"collection":[{"href":"https:\/\/shop.paulettesauve.com\/fr\/wp-json\/wp\/v2\/product"}],"about":[{"href":"https:\/\/shop.paulettesauve.com\/fr\/wp-json\/wp\/v2\/types\/product"}],"replies":[{"embeddable":true,"href":"https:\/\/shop.paulettesauve.com\/fr\/wp-json\/wp\/v2\/comments?post=849"}],"version-history":[{"count":8,"href":"https:\/\/shop.paulettesauve.com\/fr\/wp-json\/wp\/v2\/product\/849\/revisions"}],"predecessor-version":[{"id":6851,"href":"https:\/\/shop.paulettesauve.com\/fr\/wp-json\/wp\/v2\/product\/849\/revisions\/6851"}],"wp:featuredmedia":[{"embeddable":true,"href":"https:\/\/shop.paulettesauve.com\/fr\/wp-json\/wp\/v2\/media\/732"}],"wp:attachment":[{"href":"https:\/\/shop.paulettesauve.com\/fr\/wp-json\/wp\/v2\/media?parent=849"}],"wp:term":[{"taxonomy":"product_brand","embeddable":true,"href":"https:\/\/shop.paulettesauve.com\/fr\/wp-json\/wp\/v2\/product_brand?post=849"},{"taxonomy":"product_cat","embeddable":true,"href":"https:\/\/shop.paulettesauve.com\/fr\/wp-json\/wp\/v2\/product_cat?post=849"},{"taxonomy":"product_tag","embeddable":true,"href":"https:\/\/shop.paulettesauve.com\/fr\/wp-json\/wp\/v2\/product_tag?post=849"}],"curies":[{"name":"wp","href":"https:\/\/api.w.org\/{rel}","templated":true}]}}