{"id":847,"date":"2023-09-08T14:13:02","date_gmt":"2023-09-08T18:13:02","guid":{"rendered":"https:\/\/shop.paulettesauve.com\/product\/ville-fluviale-irisee\/"},"modified":"2024-09-18T16:23:33","modified_gmt":"2024-09-18T20:23:33","slug":"ville-fluviale-irisee","status":"publish","type":"product","link":"https:\/\/shop.paulettesauve.com\/fr\/produit\/ville-fluviale-irisee\/","title":{"rendered":"VILLE FLUVIALE IRIS\u00c9E"},"content":{"rendered":"<p>Paulette-Marie Sauv\u00e9 a r\u00e9alis\u00e9 cette peinture sur toile intitul\u00e9e IRIDESCENT RIVER CITY en 2015. Tous droits r\u00e9serv\u00e9s \u00a9 Paulette-Marie Sauv\u00e9  &nbsp;<\/p>\n<p>&nbsp;<\/p>\n","protected":false},"excerpt":{"rendered":"<p><strong>Peinture \u00e0 l\u2019encre d\u2019archives sur toile tendue de galerie<\/strong><\/p>\n<p><strong>La toile a une profondeur de 2 pouces et ses dimensions sont de 92 x 122 cm. (36 par 48 pouces)<\/strong><\/p>\n<p><strong>Le prix comprend les taxes. Disponible sur demande, contacter : info@paulettesauve.com  <\/strong><\/p>\n<p>&nbsp;<\/p>\n","protected":false},"featured_media":715,"comment_status":"closed","ping_status":"closed","template":"","meta":[],"product_brand":[],"product_cat":[94,185],"product_tag":[63,108,186],"class_list":{"0":"post-847","1":"product","2":"type-product","3":"status-publish","4":"has-post-thumbnail","6":"product_cat-art","7":"product_cat-peintures-paysages-urbains","8":"product_tag-art","9":"product_tag-art-numerique-fr-2","10":"product_tag-peintures-paysages-urbains","12":"first","13":"instock","14":"sold-individually","15":"shipping-taxable","16":"product-type-simple"},"jetpack_sharing_enabled":true,"_links":{"self":[{"href":"https:\/\/shop.paulettesauve.com\/fr\/wp-json\/wp\/v2\/product\/847","targetHints":{"allow":["GET"]}}],"collection":[{"href":"https:\/\/shop.paulettesauve.com\/fr\/wp-json\/wp\/v2\/product"}],"about":[{"href":"https:\/\/shop.paulettesauve.com\/fr\/wp-json\/wp\/v2\/types\/product"}],"replies":[{"embeddable":true,"href":"https:\/\/shop.paulettesauve.com\/fr\/wp-json\/wp\/v2\/comments?post=847"}],"version-history":[{"count":6,"href":"https:\/\/shop.paulettesauve.com\/fr\/wp-json\/wp\/v2\/product\/847\/revisions"}],"predecessor-version":[{"id":7091,"href":"https:\/\/shop.paulettesauve.com\/fr\/wp-json\/wp\/v2\/product\/847\/revisions\/7091"}],"wp:featuredmedia":[{"embeddable":true,"href":"https:\/\/shop.paulettesauve.com\/fr\/wp-json\/wp\/v2\/media\/715"}],"wp:attachment":[{"href":"https:\/\/shop.paulettesauve.com\/fr\/wp-json\/wp\/v2\/media?parent=847"}],"wp:term":[{"taxonomy":"product_brand","embeddable":true,"href":"https:\/\/shop.paulettesauve.com\/fr\/wp-json\/wp\/v2\/product_brand?post=847"},{"taxonomy":"product_cat","embeddable":true,"href":"https:\/\/shop.paulettesauve.com\/fr\/wp-json\/wp\/v2\/product_cat?post=847"},{"taxonomy":"product_tag","embeddable":true,"href":"https:\/\/shop.paulettesauve.com\/fr\/wp-json\/wp\/v2\/product_tag?post=847"}],"curies":[{"name":"wp","href":"https:\/\/api.w.org\/{rel}","templated":true}]}}