{"id":845,"date":"2023-09-10T18:37:55","date_gmt":"2023-09-10T22:37:55","guid":{"rendered":"https:\/\/shop.paulettesauve.com\/product\/pont-jacques-cartier\/"},"modified":"2024-05-17T00:35:56","modified_gmt":"2024-05-17T04:35:56","slug":"pont-jacques-cartier","status":"publish","type":"product","link":"https:\/\/shop.paulettesauve.com\/fr\/produit\/pont-jacques-cartier\/","title":{"rendered":"PONT JACQUES-CARTIER"},"content":{"rendered":"<p>Cette tapisserie est tiss\u00e9e avec du coton et des fibres optiques tr\u00e8s fines, qui produisent de minuscules lumi\u00e8res LED. Ces lumi\u00e8res sont anim\u00e9es par un dispositif micro\u00e9lectronique qui est cach\u00e9 dans le cadre.<\/p>\n<p>Collection priv\u00e9e.<\/p>\n<p>Pour plus d\u2019informations, voir ici :<\/p>\n<blockquote class=\"wp-embedded-content\" data-secret=\"P21ZWShfQN\"><p><a href=\"https:\/\/www.paulettesauve.com\/product\/le-pont-en-or-the-bridge-in-gold\/\">Pont Jacques-Cartier Bridge<\/a><\/p><\/blockquote>\n<p><iframe class=\"wp-embedded-content\" sandbox=\"allow-scripts\" security=\"restricted\" style=\"position: absolute; clip: rect(1px, 1px, 1px, 1px);\" title=\"&#8220;Pont Jacques-Cartier Bridge&#8221; &#8212; Paulette Marie Sauve fine art, paintings, tapestry.\" src=\"https:\/\/www.paulettesauve.com\/product\/le-pont-en-or-the-bridge-in-gold\/embed\/#?secret=pWbLn14lvT#?secret=P21ZWShfQN\" data-secret=\"P21ZWShfQN\" width=\"600\" height=\"338\" frameborder=\"0\" marginwidth=\"0\" marginheight=\"0\" scrolling=\"no\"><\/iframe><\/p>\n","protected":false},"excerpt":{"rendered":"<h3>Tapisserie tiss\u00e9e avec du coton, des fibres optiques, de minuscules lumi\u00e8res LED anim\u00e9es par un dispositif micro\u00e9lectronique<\/h3>\n<h3>Collection priv\u00e9e, pour commander une tapisserie similaire, demandez des informations \u00e0 l\u2019adresse suivante :<\/h3>\n<h3><a href=\"mailto:info@paulettesauve.com\">info@paulettesauve.com<\/a><\/h3>\n","protected":false},"featured_media":720,"comment_status":"closed","ping_status":"closed","template":"","meta":[],"product_brand":[],"product_cat":[99,208,147,66],"product_tag":[101,209,148,72],"class_list":{"0":"post-845","1":"product","2":"type-product","3":"status-publish","4":"has-post-thumbnail","6":"product_cat-art-electronique","7":"product_cat-art-numerique-fr-2","8":"product_cat-cityscape-fr","9":"product_cat-tapisseries-fr","10":"product_tag-art-electronique","11":"product_tag-art-numerique-fr-3","12":"product_tag-cityscape-fr","13":"product_tag-tapisseries","15":"first","16":"outofstock","17":"taxable","18":"shipping-taxable","19":"product-type-simple"},"jetpack_sharing_enabled":true,"_links":{"self":[{"href":"https:\/\/shop.paulettesauve.com\/fr\/wp-json\/wp\/v2\/product\/845","targetHints":{"allow":["GET"]}}],"collection":[{"href":"https:\/\/shop.paulettesauve.com\/fr\/wp-json\/wp\/v2\/product"}],"about":[{"href":"https:\/\/shop.paulettesauve.com\/fr\/wp-json\/wp\/v2\/types\/product"}],"replies":[{"embeddable":true,"href":"https:\/\/shop.paulettesauve.com\/fr\/wp-json\/wp\/v2\/comments?post=845"}],"version-history":[{"count":2,"href":"https:\/\/shop.paulettesauve.com\/fr\/wp-json\/wp\/v2\/product\/845\/revisions"}],"predecessor-version":[{"id":3874,"href":"https:\/\/shop.paulettesauve.com\/fr\/wp-json\/wp\/v2\/product\/845\/revisions\/3874"}],"wp:featuredmedia":[{"embeddable":true,"href":"https:\/\/shop.paulettesauve.com\/fr\/wp-json\/wp\/v2\/media\/720"}],"wp:attachment":[{"href":"https:\/\/shop.paulettesauve.com\/fr\/wp-json\/wp\/v2\/media?parent=845"}],"wp:term":[{"taxonomy":"product_brand","embeddable":true,"href":"https:\/\/shop.paulettesauve.com\/fr\/wp-json\/wp\/v2\/product_brand?post=845"},{"taxonomy":"product_cat","embeddable":true,"href":"https:\/\/shop.paulettesauve.com\/fr\/wp-json\/wp\/v2\/product_cat?post=845"},{"taxonomy":"product_tag","embeddable":true,"href":"https:\/\/shop.paulettesauve.com\/fr\/wp-json\/wp\/v2\/product_tag?post=845"}],"curies":[{"name":"wp","href":"https:\/\/api.w.org\/{rel}","templated":true}]}}