{"id":7829,"date":"2025-07-12T08:55:20","date_gmt":"2025-07-12T12:55:20","guid":{"rendered":"https:\/\/shop.paulettesauve.com\/product\/recif-de-corail-impressionnant-v379100\/"},"modified":"2026-03-14T12:31:17","modified_gmt":"2026-03-14T16:31:17","slug":"recif-de-corail-impressionnant-v379100","status":"publish","type":"product","link":"https:\/\/shop.paulettesauve.com\/fr\/produit\/recif-de-corail-impressionnant-v379100\/","title":{"rendered":"R\u00c9CIF DE CORAIL IMPRESSIONNANT V379100"},"content":{"rendered":"<p>R\u00c9CIF DE CORAIL IMPRESSIONNANT V379100<\/p>\n","protected":false},"excerpt":{"rendered":"<h5>Il s\u2019agit d\u2019une tapisserie unique, tiss\u00e9e \u00e0 la main. Un certificat d\u2019authenticit\u00e9 accompagne chaque \u0153uvre d\u2019art. L\u2019artiste, r\u00e9cipiendaire d\u2019une ma\u00eetrise en beaux-arts de l\u2019Universit\u00e9 du Qu\u00e9bec \u00e0 Montr\u00e9al, expose ses \u0153uvres dans des mus\u00e9es, des collections corporatives et priv\u00e9es dans plusieurs pays.<br \/>\nCette tapisserie repr\u00e9sente les jolis r\u00e9cifs coralliens qui doivent \u00eatre prot\u00e9g\u00e9s pour la diversit\u00e9 de l\u2019\u00e9cosyst\u00e8me, et est tiss\u00e9e \u00e0 la main sur un m\u00e9tier de style TC2 Jacquard en fils de coton chenille.\u00a0 \u00a0Cette tapisserie est install\u00e9e sur un cadre en bois avec des crochets install\u00e9s, et ses dimensions sont de 68 cm de haut sur 154 cm de large.<br \/>\nLe prix comprend les taxes.\u00a0 Les frais d\u2019exp\u00e9dition sont calcul\u00e9s \u00e0 la caisse.<\/h5>\n[caption id=\"attachment_4280\" align=\"alignnone\" width=\"265\"]<img decoding=\"async\" class=\"size-full wp-image-4280\" src=\"https:\/\/shop.paulettesauve.com\/wp-content\/uploads\/2023\/09\/P-M-Sauve_CREDIT-CARDS-ACCEPTED_1b.jpg\" alt=\".\" width=\"265\" height=\"59\" \/> Cartes de cr\u00e9dit accept\u00e9es dans PayPal[\/caption]\n","protected":false},"featured_media":7827,"comment_status":"open","ping_status":"closed","template":"","meta":[],"product_brand":[],"product_cat":[163,66],"product_tag":[159,72],"class_list":{"0":"post-7829","1":"product","2":"type-product","3":"status-publish","4":"has-post-thumbnail","6":"product_cat-resume-techniques-mixtes","7":"product_cat-tapisseries-fr","8":"product_tag-resume-techniques-mixtes","9":"product_tag-tapisseries","11":"first","12":"instock","13":"sold-individually","14":"shipping-taxable","15":"purchasable","16":"product-type-simple"},"jetpack_sharing_enabled":true,"_links":{"self":[{"href":"https:\/\/shop.paulettesauve.com\/fr\/wp-json\/wp\/v2\/product\/7829","targetHints":{"allow":["GET"]}}],"collection":[{"href":"https:\/\/shop.paulettesauve.com\/fr\/wp-json\/wp\/v2\/product"}],"about":[{"href":"https:\/\/shop.paulettesauve.com\/fr\/wp-json\/wp\/v2\/types\/product"}],"replies":[{"embeddable":true,"href":"https:\/\/shop.paulettesauve.com\/fr\/wp-json\/wp\/v2\/comments?post=7829"}],"version-history":[{"count":3,"href":"https:\/\/shop.paulettesauve.com\/fr\/wp-json\/wp\/v2\/product\/7829\/revisions"}],"predecessor-version":[{"id":8103,"href":"https:\/\/shop.paulettesauve.com\/fr\/wp-json\/wp\/v2\/product\/7829\/revisions\/8103"}],"wp:featuredmedia":[{"embeddable":true,"href":"https:\/\/shop.paulettesauve.com\/fr\/wp-json\/wp\/v2\/media\/7827"}],"wp:attachment":[{"href":"https:\/\/shop.paulettesauve.com\/fr\/wp-json\/wp\/v2\/media?parent=7829"}],"wp:term":[{"taxonomy":"product_brand","embeddable":true,"href":"https:\/\/shop.paulettesauve.com\/fr\/wp-json\/wp\/v2\/product_brand?post=7829"},{"taxonomy":"product_cat","embeddable":true,"href":"https:\/\/shop.paulettesauve.com\/fr\/wp-json\/wp\/v2\/product_cat?post=7829"},{"taxonomy":"product_tag","embeddable":true,"href":"https:\/\/shop.paulettesauve.com\/fr\/wp-json\/wp\/v2\/product_tag?post=7829"}],"curies":[{"name":"wp","href":"https:\/\/api.w.org\/{rel}","templated":true}]}}