{"id":7772,"date":"2025-05-30T07:26:48","date_gmt":"2025-05-30T11:26:48","guid":{"rendered":"https:\/\/shop.paulettesauve.com\/product\/la-teinture-naturelle-au-quebec\/"},"modified":"2025-05-30T09:11:28","modified_gmt":"2025-05-30T13:11:28","slug":"la-teinture-naturelle-au-quebec","status":"publish","type":"product","link":"https:\/\/shop.paulettesauve.com\/fr\/produit\/la-teinture-naturelle-au-quebec\/","title":{"rendered":"La Teinture Naturelle au Qu\u00e9bec"},"content":{"rendered":"<p>La Teinture Naturelle au Qu\u00e9bec<\/p>\n","protected":false},"excerpt":{"rendered":"<h5>(Teintures naturelles au Qu\u00e9bec) Ce livre est uniquement disponible en fran\u00e7ais ;<br \/>\nAuteure : Paulette Marie Sauv\u00e9&nbsp;;<br \/>\n\u00c9dit\u00e9 par : Jean Basile&nbsp;;<br \/>\nPubli\u00e9 par : Editions de l\u2019Aurore, Montr\u00e9al, 1977&nbsp;;<br \/>\nIllustrations de la couverture : Nicole Morisset&nbsp;;<br \/>\nPhotographie et illustrations int\u00e9rieures : Paulette-Marie Sauv\u00e9, Jean Basile&nbsp;;<br \/>\n-Nombre de pages : 138 (1 page en couleur) ; Ce livre est vendu dans la boutique du Mus\u00e9e MUMAQ \u00e0 Montr\u00e9al, mais pour les demandes sp\u00e9ciales, un livre est disponible ici. Le prix comprend les taxes. Les frais de port sont calcul\u00e9s \u00e0 la caisse.<\/h5>\n[caption id=\"attachment_4280\" align=\"alignnone\" width=\"265\"]<img decoding=\"async\" class=\"size-full wp-image-4280\" src=\"https:\/\/shop.paulettesauve.com\/wp-content\/uploads\/2023\/09\/P-M-Sauve_CREDIT-CARDS-ACCEPTED_1b.jpg\" alt=\".\" width=\"265\" height=\"59\"> Cartes de cr\u00e9dit accept\u00e9es dans PayPal[\/caption]\n","protected":false},"featured_media":5944,"comment_status":"open","ping_status":"closed","template":"","meta":[],"product_brand":[],"product_cat":[76],"product_tag":[110],"class_list":{"0":"post-7772","1":"product","2":"type-product","3":"status-publish","4":"has-post-thumbnail","6":"product_cat-publications-fr","7":"product_tag-publications-fr","9":"first","10":"outofstock","11":"sold-individually","12":"shipping-taxable","13":"purchasable","14":"product-type-simple"},"jetpack_sharing_enabled":true,"_links":{"self":[{"href":"https:\/\/shop.paulettesauve.com\/fr\/wp-json\/wp\/v2\/product\/7772","targetHints":{"allow":["GET"]}}],"collection":[{"href":"https:\/\/shop.paulettesauve.com\/fr\/wp-json\/wp\/v2\/product"}],"about":[{"href":"https:\/\/shop.paulettesauve.com\/fr\/wp-json\/wp\/v2\/types\/product"}],"replies":[{"embeddable":true,"href":"https:\/\/shop.paulettesauve.com\/fr\/wp-json\/wp\/v2\/comments?post=7772"}],"version-history":[{"count":0,"href":"https:\/\/shop.paulettesauve.com\/fr\/wp-json\/wp\/v2\/product\/7772\/revisions"}],"wp:featuredmedia":[{"embeddable":true,"href":"https:\/\/shop.paulettesauve.com\/fr\/wp-json\/wp\/v2\/media\/5944"}],"wp:attachment":[{"href":"https:\/\/shop.paulettesauve.com\/fr\/wp-json\/wp\/v2\/media?parent=7772"}],"wp:term":[{"taxonomy":"product_brand","embeddable":true,"href":"https:\/\/shop.paulettesauve.com\/fr\/wp-json\/wp\/v2\/product_brand?post=7772"},{"taxonomy":"product_cat","embeddable":true,"href":"https:\/\/shop.paulettesauve.com\/fr\/wp-json\/wp\/v2\/product_cat?post=7772"},{"taxonomy":"product_tag","embeddable":true,"href":"https:\/\/shop.paulettesauve.com\/fr\/wp-json\/wp\/v2\/product_tag?post=7772"}],"curies":[{"name":"wp","href":"https:\/\/api.w.org\/{rel}","templated":true}]}}