{"id":7682,"date":"2025-04-13T09:29:15","date_gmt":"2025-04-13T13:29:15","guid":{"rendered":"https:\/\/shop.paulettesauve.com\/product\/ancien-marais-au-lever-du-soleil\/"},"modified":"2025-04-14T13:44:26","modified_gmt":"2025-04-14T17:44:26","slug":"ancien-marais-au-lever-du-soleil","status":"publish","type":"product","link":"https:\/\/shop.paulettesauve.com\/fr\/produit\/ancien-marais-au-lever-du-soleil\/","title":{"rendered":"ANCIEN MARAIS AU LEVER DU SOLEIL"},"content":{"rendered":"<p>ANCIEN MARAIS AU LEVER DU SOLEIL<\/p>\n","protected":false},"excerpt":{"rendered":"<h4>Il s\u2019agit d\u2019une peinture \u00e0 l\u2019huile sur toile unique. Un certificat d\u2019authenticit\u00e9 accompagne chaque \u0153uvre d\u2019art. L\u2019artiste expose ses \u0153uvres dans des collections mus\u00e9ales, corporatives et priv\u00e9es dans plusieurs pays.<br \/>\nAvec ce tableau, elle se pr\u00e9occupe de la protection des lacs et de la faune des marais qui sont essentiels aux organismes aquatiques. Celui-ci est peint \u00e0 l\u2019huile et en techniques mixtes sur toile, les c\u00f4t\u00e9s sont peints et des crochets sont install\u00e9s \u00e0 l\u2019arri\u00e8re. La taille est de 92 cm de haut sur 122 cm de large sur 5 cm de profondeur.<br \/>\nLe prix comprend les taxes. Les frais de port sont calcul\u00e9s \u00e0 la caisse.<br \/>\nCartes de cr\u00e9dit accept\u00e9es<\/h4>\n[caption id=\"attachment_4280\" align=\"alignnone\" width=\"265\"]<img decoding=\"async\" class=\"size-full wp-image-4280\" src=\"https:\/\/shop.paulettesauve.com\/wp-content\/uploads\/2023\/09\/P-M-Sauve_CREDIT-CARDS-ACCEPTED_1b.jpg\" alt=\".\" width=\"265\" height=\"59\"> Cartes de cr\u00e9dit accept\u00e9es dans PayPal[\/caption]\n","protected":false},"featured_media":7680,"comment_status":"open","ping_status":"closed","template":"","meta":[],"product_brand":[],"product_cat":[59,163],"product_tag":[183,159],"class_list":{"0":"post-7682","1":"product","2":"type-product","3":"status-publish","4":"has-post-thumbnail","6":"product_cat-peintures","7":"product_cat-resume-techniques-mixtes","8":"product_tag-peintures-abstrait","9":"product_tag-resume-techniques-mixtes","11":"first","12":"instock","13":"shipping-taxable","14":"purchasable","15":"product-type-simple"},"jetpack_sharing_enabled":true,"_links":{"self":[{"href":"https:\/\/shop.paulettesauve.com\/fr\/wp-json\/wp\/v2\/product\/7682","targetHints":{"allow":["GET"]}}],"collection":[{"href":"https:\/\/shop.paulettesauve.com\/fr\/wp-json\/wp\/v2\/product"}],"about":[{"href":"https:\/\/shop.paulettesauve.com\/fr\/wp-json\/wp\/v2\/types\/product"}],"replies":[{"embeddable":true,"href":"https:\/\/shop.paulettesauve.com\/fr\/wp-json\/wp\/v2\/comments?post=7682"}],"version-history":[{"count":3,"href":"https:\/\/shop.paulettesauve.com\/fr\/wp-json\/wp\/v2\/product\/7682\/revisions"}],"predecessor-version":[{"id":7718,"href":"https:\/\/shop.paulettesauve.com\/fr\/wp-json\/wp\/v2\/product\/7682\/revisions\/7718"}],"wp:featuredmedia":[{"embeddable":true,"href":"https:\/\/shop.paulettesauve.com\/fr\/wp-json\/wp\/v2\/media\/7680"}],"wp:attachment":[{"href":"https:\/\/shop.paulettesauve.com\/fr\/wp-json\/wp\/v2\/media?parent=7682"}],"wp:term":[{"taxonomy":"product_brand","embeddable":true,"href":"https:\/\/shop.paulettesauve.com\/fr\/wp-json\/wp\/v2\/product_brand?post=7682"},{"taxonomy":"product_cat","embeddable":true,"href":"https:\/\/shop.paulettesauve.com\/fr\/wp-json\/wp\/v2\/product_cat?post=7682"},{"taxonomy":"product_tag","embeddable":true,"href":"https:\/\/shop.paulettesauve.com\/fr\/wp-json\/wp\/v2\/product_tag?post=7682"}],"curies":[{"name":"wp","href":"https:\/\/api.w.org\/{rel}","templated":true}]}}