{"id":7668,"date":"2025-04-13T08:44:50","date_gmt":"2025-04-13T12:44:50","guid":{"rendered":"https:\/\/shop.paulettesauve.com\/product\/lagon-avec-ciel-de-peche\/"},"modified":"2025-04-13T13:06:03","modified_gmt":"2025-04-13T17:06:03","slug":"lagon-avec-ciel-de-peche","status":"publish","type":"product","link":"https:\/\/shop.paulettesauve.com\/fr\/produit\/lagon-avec-ciel-de-peche\/","title":{"rendered":"LAGON AVEC CIEL DE P\u00caCHE"},"content":{"rendered":"<p>LAGON AVEC CIEL DE P\u00caCHE<\/p>\n","protected":false},"excerpt":{"rendered":"<h3>Il s\u2019agit d\u2019une peinture \u00e0 l\u2019huile sur toile unique. Un certificat d\u2019authenticit\u00e9 accompagne chaque \u0153uvre d\u2019art. L\u2019artiste expose ses \u0153uvres dans des mus\u00e9es, des entreprises et des collections priv\u00e9es dans le monde entier.<br \/>\nAvec ce tableau, elle se pr\u00e9occupe de la protection des lacs et de la faune des marais qui sont essentiels aux organismes aquatiques. Celui-ci est peint \u00e0 l\u2019huile et en techniques mixtes sur toile, les c\u00f4t\u00e9s sont peints et des crochets sont install\u00e9s \u00e0 l\u2019arri\u00e8re. La taille est de 61 cm de haut sur 61 cm de large sur 3 cm de profondeur.<br \/>\nVENDU<\/h3>\n<p>&nbsp;<\/p>\n","protected":false},"featured_media":7666,"comment_status":"open","ping_status":"closed","template":"","meta":[],"product_brand":[],"product_cat":[181,163],"product_tag":[183,159],"class_list":{"0":"post-7668","1":"product","2":"type-product","3":"status-publish","4":"has-post-thumbnail","6":"product_cat-peintures-abstrait","7":"product_cat-resume-techniques-mixtes","8":"product_tag-peintures-abstrait","9":"product_tag-resume-techniques-mixtes","11":"first","12":"outofstock","13":"shipping-taxable","14":"product-type-simple"},"jetpack_sharing_enabled":true,"_links":{"self":[{"href":"https:\/\/shop.paulettesauve.com\/fr\/wp-json\/wp\/v2\/product\/7668","targetHints":{"allow":["GET"]}}],"collection":[{"href":"https:\/\/shop.paulettesauve.com\/fr\/wp-json\/wp\/v2\/product"}],"about":[{"href":"https:\/\/shop.paulettesauve.com\/fr\/wp-json\/wp\/v2\/types\/product"}],"replies":[{"embeddable":true,"href":"https:\/\/shop.paulettesauve.com\/fr\/wp-json\/wp\/v2\/comments?post=7668"}],"version-history":[{"count":1,"href":"https:\/\/shop.paulettesauve.com\/fr\/wp-json\/wp\/v2\/product\/7668\/revisions"}],"predecessor-version":[{"id":7697,"href":"https:\/\/shop.paulettesauve.com\/fr\/wp-json\/wp\/v2\/product\/7668\/revisions\/7697"}],"wp:featuredmedia":[{"embeddable":true,"href":"https:\/\/shop.paulettesauve.com\/fr\/wp-json\/wp\/v2\/media\/7666"}],"wp:attachment":[{"href":"https:\/\/shop.paulettesauve.com\/fr\/wp-json\/wp\/v2\/media?parent=7668"}],"wp:term":[{"taxonomy":"product_brand","embeddable":true,"href":"https:\/\/shop.paulettesauve.com\/fr\/wp-json\/wp\/v2\/product_brand?post=7668"},{"taxonomy":"product_cat","embeddable":true,"href":"https:\/\/shop.paulettesauve.com\/fr\/wp-json\/wp\/v2\/product_cat?post=7668"},{"taxonomy":"product_tag","embeddable":true,"href":"https:\/\/shop.paulettesauve.com\/fr\/wp-json\/wp\/v2\/product_tag?post=7668"}],"curies":[{"name":"wp","href":"https:\/\/api.w.org\/{rel}","templated":true}]}}