{"id":7649,"date":"2025-04-07T15:54:16","date_gmt":"2025-04-07T19:54:16","guid":{"rendered":"https:\/\/shop.paulettesauve.com\/product\/la-grande-majeste-du-heron-encadre\/"},"modified":"2025-09-20T09:01:30","modified_gmt":"2025-09-20T13:01:30","slug":"la-grande-majeste-du-heron-encadre","status":"publish","type":"product","link":"https:\/\/shop.paulettesauve.com\/fr\/produit\/la-grande-majeste-du-heron-encadre\/","title":{"rendered":"LA GRANDE MAJEST\u00c9 DU H\u00c9RON (encadr\u00e9)"},"content":{"rendered":"<p>LA GRANDE MAJEST\u00c9 DU H\u00c9RON (encadr\u00e9)<\/p>\n","protected":false},"excerpt":{"rendered":"<h4>Il s\u2019agit d\u2019une tapisserie unique, tiss\u00e9e \u00e0 la main. Un certificat d\u2019authenticit\u00e9 accompagne chaque \u0153uvre d\u2019art. L\u2019artiste, r\u00e9cipiendaire d\u2019une ma\u00eetrise en beaux-arts de l\u2019Universit\u00e9 du Qu\u00e9bec \u00e0 Montr\u00e9al, expose ses \u0153uvres dans des mus\u00e9es, des collections corporatives et priv\u00e9es \u00e0 travers le monde.<br \/>\nNous devons prot\u00e9ger la faune, comme les Grands H\u00e9rons, qui sont essentiels \u00e0 l\u2019\u00e9cosyst\u00e8me et \u00e0 la biodiversit\u00e9.<br \/>\nCette tapisserie, tiss\u00e9e sur un m\u00e9tier \u00e0 tisser \u00e9lectronique TC2 Jacquard en laine et soie, est encadr\u00e9e d\u2019un cadre en bois d\u2019art avec crochets install\u00e9s. La taille du cadre est de 91 cm de haut x 71 cm de large x 2 cm de profondeur. <\/h4>\n","protected":false},"featured_media":7572,"comment_status":"open","ping_status":"closed","template":"","meta":[],"product_brand":[],"product_cat":[116],"product_tag":[117],"class_list":{"0":"post-7649","1":"product","2":"type-product","3":"status-publish","4":"has-post-thumbnail","6":"product_cat-proteger-la-faune","7":"product_tag-proteger-la-faune","9":"first","10":"instock","11":"shipping-taxable","12":"product-type-simple"},"jetpack_sharing_enabled":true,"_links":{"self":[{"href":"https:\/\/shop.paulettesauve.com\/fr\/wp-json\/wp\/v2\/product\/7649","targetHints":{"allow":["GET"]}}],"collection":[{"href":"https:\/\/shop.paulettesauve.com\/fr\/wp-json\/wp\/v2\/product"}],"about":[{"href":"https:\/\/shop.paulettesauve.com\/fr\/wp-json\/wp\/v2\/types\/product"}],"replies":[{"embeddable":true,"href":"https:\/\/shop.paulettesauve.com\/fr\/wp-json\/wp\/v2\/comments?post=7649"}],"version-history":[{"count":2,"href":"https:\/\/shop.paulettesauve.com\/fr\/wp-json\/wp\/v2\/product\/7649\/revisions"}],"predecessor-version":[{"id":7851,"href":"https:\/\/shop.paulettesauve.com\/fr\/wp-json\/wp\/v2\/product\/7649\/revisions\/7851"}],"wp:featuredmedia":[{"embeddable":true,"href":"https:\/\/shop.paulettesauve.com\/fr\/wp-json\/wp\/v2\/media\/7572"}],"wp:attachment":[{"href":"https:\/\/shop.paulettesauve.com\/fr\/wp-json\/wp\/v2\/media?parent=7649"}],"wp:term":[{"taxonomy":"product_brand","embeddable":true,"href":"https:\/\/shop.paulettesauve.com\/fr\/wp-json\/wp\/v2\/product_brand?post=7649"},{"taxonomy":"product_cat","embeddable":true,"href":"https:\/\/shop.paulettesauve.com\/fr\/wp-json\/wp\/v2\/product_cat?post=7649"},{"taxonomy":"product_tag","embeddable":true,"href":"https:\/\/shop.paulettesauve.com\/fr\/wp-json\/wp\/v2\/product_tag?post=7649"}],"curies":[{"name":"wp","href":"https:\/\/api.w.org\/{rel}","templated":true}]}}