{"id":7618,"date":"2025-03-24T13:24:47","date_gmt":"2025-03-24T17:24:47","guid":{"rendered":"https:\/\/shop.paulettesauve.com\/product\/marais-septentrional-opus\/"},"modified":"2025-03-24T13:53:18","modified_gmt":"2025-03-24T17:53:18","slug":"marais-septentrional-opus","status":"publish","type":"product","link":"https:\/\/shop.paulettesauve.com\/fr\/produit\/marais-septentrional-opus\/","title":{"rendered":"MARAIS SEPTENTRIONAL OPUS"},"content":{"rendered":"<p>MARAIS SEPTENTRIONAL OPUS<\/p>\n","protected":false},"excerpt":{"rendered":"<h4>Il s\u2019agit d\u2019une huile sur toile unique, peinte \u00e0 la main. Un certificat d\u2019authenticit\u00e9 accompagne chaque \u0153uvre d\u2019art. L\u2019artiste, r\u00e9cipiendaire d\u2019une ma\u00eetrise en beaux-arts de l\u2019Universit\u00e9 du Qu\u00e9bec \u00e0 Montr\u00e9al, expose ses \u0153uvres dans des mus\u00e9es, des collections corporatives et priv\u00e9es \u00e0 travers le monde.<br \/>\nAvec cette peinture, elle se soucie de la protection des plantes et de la faune des marais ! Celle-ci est peinte \u00e0 l\u2019huile et en techniques mixtes sur toile.<br \/>\nCe tableau est encadr\u00e9 dans du bois, et des crochets sont install\u00e9s \u00e0 l\u2019arri\u00e8re. La taille du cadre est de 65 cm de haut sur 97 cm de large sur 3 cm de profondeur.<br \/>\nLe prix comprend les taxes.   Les frais de port sont calcul\u00e9s \u00e0 la caisse.<br \/>\nCartes de cr\u00e9dit accept\u00e9es<\/h4>\n[caption id=\"attachment_4280\" align=\"alignnone\" width=\"265\"]<img decoding=\"async\" class=\"size-full wp-image-4280\" src=\"https:\/\/shop.paulettesauve.com\/wp-content\/uploads\/2023\/09\/P-M-Sauve_CREDIT-CARDS-ACCEPTED_1b.jpg\" alt=\".\" width=\"265\" height=\"59\"> Cartes de cr\u00e9dit accept\u00e9es dans PayPal[\/caption]\n","protected":false},"featured_media":7616,"comment_status":"open","ping_status":"closed","template":"","meta":[],"product_brand":[],"product_cat":[170,163],"product_tag":[79,159],"class_list":{"0":"post-7618","1":"product","2":"type-product","3":"status-publish","4":"has-post-thumbnail","6":"product_cat-huile-sur-toile","7":"product_cat-resume-techniques-mixtes","8":"product_tag-huile-sur-toile","9":"product_tag-resume-techniques-mixtes","11":"first","12":"instock","13":"shipping-taxable","14":"purchasable","15":"product-type-simple"},"jetpack_sharing_enabled":true,"_links":{"self":[{"href":"https:\/\/shop.paulettesauve.com\/fr\/wp-json\/wp\/v2\/product\/7618","targetHints":{"allow":["GET"]}}],"collection":[{"href":"https:\/\/shop.paulettesauve.com\/fr\/wp-json\/wp\/v2\/product"}],"about":[{"href":"https:\/\/shop.paulettesauve.com\/fr\/wp-json\/wp\/v2\/types\/product"}],"replies":[{"embeddable":true,"href":"https:\/\/shop.paulettesauve.com\/fr\/wp-json\/wp\/v2\/comments?post=7618"}],"version-history":[{"count":1,"href":"https:\/\/shop.paulettesauve.com\/fr\/wp-json\/wp\/v2\/product\/7618\/revisions"}],"predecessor-version":[{"id":7622,"href":"https:\/\/shop.paulettesauve.com\/fr\/wp-json\/wp\/v2\/product\/7618\/revisions\/7622"}],"wp:featuredmedia":[{"embeddable":true,"href":"https:\/\/shop.paulettesauve.com\/fr\/wp-json\/wp\/v2\/media\/7616"}],"wp:attachment":[{"href":"https:\/\/shop.paulettesauve.com\/fr\/wp-json\/wp\/v2\/media?parent=7618"}],"wp:term":[{"taxonomy":"product_brand","embeddable":true,"href":"https:\/\/shop.paulettesauve.com\/fr\/wp-json\/wp\/v2\/product_brand?post=7618"},{"taxonomy":"product_cat","embeddable":true,"href":"https:\/\/shop.paulettesauve.com\/fr\/wp-json\/wp\/v2\/product_cat?post=7618"},{"taxonomy":"product_tag","embeddable":true,"href":"https:\/\/shop.paulettesauve.com\/fr\/wp-json\/wp\/v2\/product_tag?post=7618"}],"curies":[{"name":"wp","href":"https:\/\/api.w.org\/{rel}","templated":true}]}}