{"id":7559,"date":"2025-03-05T07:32:39","date_gmt":"2025-03-05T12:32:39","guid":{"rendered":"https:\/\/shop.paulettesauve.com\/product\/rives-des-rivieres-canadiennes\/"},"modified":"2025-03-05T07:32:39","modified_gmt":"2025-03-05T12:32:39","slug":"rives-des-rivieres-canadiennes","status":"publish","type":"product","link":"https:\/\/shop.paulettesauve.com\/fr\/produit\/rives-des-rivieres-canadiennes\/","title":{"rendered":"RIVES DES RIVI\u00c8RES CANADIENNES"},"content":{"rendered":"<p>RIVES DES RIVI\u00c8RES CANADIENNES<\/p>\n","protected":false},"excerpt":{"rendered":"<h5>Il s\u2019agit d\u2019une huile sur toile unique, peinte \u00e0 la main. Un certificat d\u2019authenticit\u00e9 accompagne chaque \u0153uvre d\u2019art. L\u2019artiste, r\u00e9cipiendaire d\u2019une ma\u00eetrise en beaux-arts de l\u2019Universit\u00e9 du Qu\u00e9bec \u00e0 Montr\u00e9al, expose ses \u0153uvres dans des mus\u00e9es, des collections corporatives et priv\u00e9es \u00e0 travers le monde.<br \/>\nLa taille est de 41 X 51 cm.<br \/>\nLe prix comprend les taxes. Frais de port calcul\u00e9s \u00e0 la caisse.<\/h5>\n[caption id=\"attachment_4280\" align=\"alignnone\" width=\"265\"]<img decoding=\"async\" class=\"size-full wp-image-4280\" src=\"https:\/\/shop.paulettesauve.com\/wp-content\/uploads\/2023\/09\/P-M-Sauve_CREDIT-CARDS-ACCEPTED_1b.jpg\" alt=\".\" width=\"265\" height=\"59\"> Cartes de cr\u00e9dit accept\u00e9es dans PayPal[\/caption]\n","protected":false},"featured_media":7557,"comment_status":"open","ping_status":"closed","template":"","meta":[],"product_brand":[],"product_cat":[181,163],"product_tag":[183,159],"class_list":{"0":"post-7559","1":"product","2":"type-product","3":"status-publish","4":"has-post-thumbnail","6":"product_cat-peintures-abstrait","7":"product_cat-resume-techniques-mixtes","8":"product_tag-peintures-abstrait","9":"product_tag-resume-techniques-mixtes","11":"first","12":"instock","13":"sold-individually","14":"shipping-taxable","15":"purchasable","16":"product-type-simple"},"jetpack_sharing_enabled":true,"_links":{"self":[{"href":"https:\/\/shop.paulettesauve.com\/fr\/wp-json\/wp\/v2\/product\/7559","targetHints":{"allow":["GET"]}}],"collection":[{"href":"https:\/\/shop.paulettesauve.com\/fr\/wp-json\/wp\/v2\/product"}],"about":[{"href":"https:\/\/shop.paulettesauve.com\/fr\/wp-json\/wp\/v2\/types\/product"}],"replies":[{"embeddable":true,"href":"https:\/\/shop.paulettesauve.com\/fr\/wp-json\/wp\/v2\/comments?post=7559"}],"version-history":[{"count":0,"href":"https:\/\/shop.paulettesauve.com\/fr\/wp-json\/wp\/v2\/product\/7559\/revisions"}],"wp:featuredmedia":[{"embeddable":true,"href":"https:\/\/shop.paulettesauve.com\/fr\/wp-json\/wp\/v2\/media\/7557"}],"wp:attachment":[{"href":"https:\/\/shop.paulettesauve.com\/fr\/wp-json\/wp\/v2\/media?parent=7559"}],"wp:term":[{"taxonomy":"product_brand","embeddable":true,"href":"https:\/\/shop.paulettesauve.com\/fr\/wp-json\/wp\/v2\/product_brand?post=7559"},{"taxonomy":"product_cat","embeddable":true,"href":"https:\/\/shop.paulettesauve.com\/fr\/wp-json\/wp\/v2\/product_cat?post=7559"},{"taxonomy":"product_tag","embeddable":true,"href":"https:\/\/shop.paulettesauve.com\/fr\/wp-json\/wp\/v2\/product_tag?post=7559"}],"curies":[{"name":"wp","href":"https:\/\/api.w.org\/{rel}","templated":true}]}}