{"id":7537,"date":"2025-02-28T15:19:27","date_gmt":"2025-02-28T20:19:27","guid":{"rendered":"https:\/\/shop.paulettesauve.com\/product\/histoires-naturelles\/"},"modified":"2026-02-20T07:14:54","modified_gmt":"2026-02-20T12:14:54","slug":"histoires-naturelles","status":"publish","type":"product","link":"https:\/\/shop.paulettesauve.com\/fr\/produit\/histoires-naturelles\/","title":{"rendered":"HISTOIRES NATURELLES"},"content":{"rendered":"<p>HISTOIRES NATURELLES<\/p>\n","protected":false},"excerpt":{"rendered":"<h6>Il s\u2019agit d\u2019une tapisserie unique, tiss\u00e9e \u00e0 la main. Un certificat d\u2019authenticit\u00e9 accompagne chaque \u0153uvre d\u2019art. L\u2019artiste, r\u00e9cipiendaire d\u2019une ma\u00eetrise en beaux-arts de l\u2019Universit\u00e9 du Qu\u00e9bec \u00e0 Montr\u00e9al, expose ses \u0153uvres dans des mus\u00e9es, des collections corporatives et priv\u00e9es \u00e0 travers le monde. L\u2019artiste a cr\u00e9\u00e9 cette tapisserie \u00e0 partir d\u2019une peinture qu\u2019elle a r\u00e9alis\u00e9e en 2015, puis l\u2019a redessin\u00e9e en code num\u00e9rique num\u00e9rique en 2020 sur son ordinateur. Ensuite, elle a tiss\u00e9 l\u2019image num\u00e9rique sur un m\u00e9tier \u00e0 tisser TC2 Jacquard.<br \/>\nCette tapisserie repr\u00e9sente une vie marine microscopique qui doit \u00eatre prot\u00e9g\u00e9e pour la diversit\u00e9 des \u00e9cosyst\u00e8mes.<br \/>\nCette tapisserie est tiss\u00e9e dans un fil de coton de haute qualit\u00e9, sur un m\u00e9tier \u00e0 tisser \u00e9lectronique TC2 Jacquard, et est tendue sur un cadre avec des crochets install\u00e9s. La taille est de 72 x 67 cm.<br \/>\nLe prix inclut les imp\u00f4ts.   Frais de port calcul\u00e9s \u00e0 la caisse.<\/h6>\n[caption id=\"attachment_4280\" align=\"alignnone\" width=\"265\"]<img decoding=\"async\" class=\"size-full wp-image-4280\" src=\"https:\/\/shop.paulettesauve.com\/wp-content\/uploads\/2023\/09\/P-M-Sauve_CREDIT-CARDS-ACCEPTED_1b.jpg\" alt=\".\" width=\"265\" height=\"59\"> Cartes de cr\u00e9dit accept\u00e9es dans PayPal[\/caption]\n","protected":false},"featured_media":7535,"comment_status":"open","ping_status":"closed","template":"","meta":[],"product_brand":[],"product_cat":[116,163],"product_tag":[117,159],"class_list":{"0":"post-7537","1":"product","2":"type-product","3":"status-publish","4":"has-post-thumbnail","6":"product_cat-proteger-la-faune","7":"product_cat-resume-techniques-mixtes","8":"product_tag-proteger-la-faune","9":"product_tag-resume-techniques-mixtes","11":"first","12":"instock","13":"shipping-taxable","14":"purchasable","15":"product-type-simple"},"jetpack_sharing_enabled":true,"_links":{"self":[{"href":"https:\/\/shop.paulettesauve.com\/fr\/wp-json\/wp\/v2\/product\/7537","targetHints":{"allow":["GET"]}}],"collection":[{"href":"https:\/\/shop.paulettesauve.com\/fr\/wp-json\/wp\/v2\/product"}],"about":[{"href":"https:\/\/shop.paulettesauve.com\/fr\/wp-json\/wp\/v2\/types\/product"}],"replies":[{"embeddable":true,"href":"https:\/\/shop.paulettesauve.com\/fr\/wp-json\/wp\/v2\/comments?post=7537"}],"version-history":[{"count":1,"href":"https:\/\/shop.paulettesauve.com\/fr\/wp-json\/wp\/v2\/product\/7537\/revisions"}],"predecessor-version":[{"id":8078,"href":"https:\/\/shop.paulettesauve.com\/fr\/wp-json\/wp\/v2\/product\/7537\/revisions\/8078"}],"wp:featuredmedia":[{"embeddable":true,"href":"https:\/\/shop.paulettesauve.com\/fr\/wp-json\/wp\/v2\/media\/7535"}],"wp:attachment":[{"href":"https:\/\/shop.paulettesauve.com\/fr\/wp-json\/wp\/v2\/media?parent=7537"}],"wp:term":[{"taxonomy":"product_brand","embeddable":true,"href":"https:\/\/shop.paulettesauve.com\/fr\/wp-json\/wp\/v2\/product_brand?post=7537"},{"taxonomy":"product_cat","embeddable":true,"href":"https:\/\/shop.paulettesauve.com\/fr\/wp-json\/wp\/v2\/product_cat?post=7537"},{"taxonomy":"product_tag","embeddable":true,"href":"https:\/\/shop.paulettesauve.com\/fr\/wp-json\/wp\/v2\/product_tag?post=7537"}],"curies":[{"name":"wp","href":"https:\/\/api.w.org\/{rel}","templated":true}]}}