{"id":7313,"date":"2025-01-17T07:32:04","date_gmt":"2025-01-17T12:32:04","guid":{"rendered":"https:\/\/shop.paulettesauve.com\/product\/une-splendeur-oceanique\/"},"modified":"2025-05-11T06:50:04","modified_gmt":"2025-05-11T10:50:04","slug":"une-splendeur-oceanique","status":"publish","type":"product","link":"https:\/\/shop.paulettesauve.com\/fr\/produit\/une-splendeur-oceanique\/","title":{"rendered":"UNE SPLENDEUR OC\u00c9ANIQUE"},"content":{"rendered":"<p>UNE SPLENDEUR OC\u00c9ANIQUE<\/p>\n","protected":false},"excerpt":{"rendered":"<h5>Il s\u2019agit d\u2019une tapisserie unique, tiss\u00e9e \u00e0 la main. Un certificat d\u2019authenticit\u00e9 accompagne chaque \u0153uvre d\u2019art. L\u2019artiste, r\u00e9cipiendaire d\u2019une ma\u00eetrise en beaux-arts de l\u2019Universit\u00e9 du Qu\u00e9bec \u00e0 Montr\u00e9al, expose ses \u0153uvres dans des mus\u00e9es, des collections corporatives et priv\u00e9es dans plusieurs pays.<\/h5>\n<h5>Avec cette tapisserie, je me soucie de la protection des plantes oc\u00e9aniques et des r\u00e9cifs coralliens !<br \/>\nNous devons prot\u00e9ger la faune, comme les r\u00e9cifs coralliens qui sont essentiels aux organismes aquatiques et \u00e0 la vie marine dans les oc\u00e9ans.<br \/>\nCette tapisserie est tiss\u00e9e en teintures naturelles sur de la laine, et est tendue sur un cadre en bois avec des crochets de suspension install\u00e9s. La taille est de 70 x 49 cm.<br \/>\nLe prix comprend les taxes. Les frais de port sont calcul\u00e9s \u00e0 la caisse.<\/h5>\n[caption id=\"attachment_4280\" align=\"alignnone\" width=\"265\"]<img decoding=\"async\" class=\"size-full wp-image-4280\" src=\"https:\/\/shop.paulettesauve.com\/wp-content\/uploads\/2023\/09\/P-M-Sauve_CREDIT-CARDS-ACCEPTED_1b.jpg\" alt=\".\" width=\"265\" height=\"59\"> Cartes de cr\u00e9dit accept\u00e9es dans PayPal[\/caption]\n","protected":false},"featured_media":7311,"comment_status":"open","ping_status":"closed","template":"","meta":[],"product_brand":[],"product_cat":[120,116,163,66],"product_tag":[121,117,159,72],"class_list":{"0":"post-7313","1":"product","2":"type-product","3":"status-publish","4":"has-post-thumbnail","6":"product_cat-colorants-naturels","7":"product_cat-proteger-la-faune","8":"product_cat-resume-techniques-mixtes","9":"product_cat-tapisseries-fr","10":"product_tag-colorants-naturels","11":"product_tag-proteger-la-faune","12":"product_tag-resume-techniques-mixtes","13":"product_tag-tapisseries","15":"first","16":"instock","17":"sold-individually","18":"shipping-taxable","19":"purchasable","20":"product-type-simple"},"jetpack_sharing_enabled":true,"_links":{"self":[{"href":"https:\/\/shop.paulettesauve.com\/fr\/wp-json\/wp\/v2\/product\/7313","targetHints":{"allow":["GET"]}}],"collection":[{"href":"https:\/\/shop.paulettesauve.com\/fr\/wp-json\/wp\/v2\/product"}],"about":[{"href":"https:\/\/shop.paulettesauve.com\/fr\/wp-json\/wp\/v2\/types\/product"}],"replies":[{"embeddable":true,"href":"https:\/\/shop.paulettesauve.com\/fr\/wp-json\/wp\/v2\/comments?post=7313"}],"version-history":[{"count":12,"href":"https:\/\/shop.paulettesauve.com\/fr\/wp-json\/wp\/v2\/product\/7313\/revisions"}],"predecessor-version":[{"id":7748,"href":"https:\/\/shop.paulettesauve.com\/fr\/wp-json\/wp\/v2\/product\/7313\/revisions\/7748"}],"wp:featuredmedia":[{"embeddable":true,"href":"https:\/\/shop.paulettesauve.com\/fr\/wp-json\/wp\/v2\/media\/7311"}],"wp:attachment":[{"href":"https:\/\/shop.paulettesauve.com\/fr\/wp-json\/wp\/v2\/media?parent=7313"}],"wp:term":[{"taxonomy":"product_brand","embeddable":true,"href":"https:\/\/shop.paulettesauve.com\/fr\/wp-json\/wp\/v2\/product_brand?post=7313"},{"taxonomy":"product_cat","embeddable":true,"href":"https:\/\/shop.paulettesauve.com\/fr\/wp-json\/wp\/v2\/product_cat?post=7313"},{"taxonomy":"product_tag","embeddable":true,"href":"https:\/\/shop.paulettesauve.com\/fr\/wp-json\/wp\/v2\/product_tag?post=7313"}],"curies":[{"name":"wp","href":"https:\/\/api.w.org\/{rel}","templated":true}]}}