{"id":7300,"date":"2024-12-10T09:58:30","date_gmt":"2024-12-10T14:58:30","guid":{"rendered":"https:\/\/shop.paulettesauve.com\/product\/art-electronics-details-de-tissage\/"},"modified":"2025-01-22T11:31:53","modified_gmt":"2025-01-22T16:31:53","slug":"art-electronics-details-de-tissage","status":"publish","type":"product","link":"https:\/\/shop.paulettesauve.com\/fr\/produit\/art-electronics-details-de-tissage\/","title":{"rendered":"Art Electronics D\u00e9tails de tissage"},"content":{"rendered":"<p>Art Electronics D\u00e9tails de tissage<\/p>\n","protected":false},"excerpt":{"rendered":"<h3>Mon travail r\u00e9cent est une s\u00e9rie de tapisseries en art num\u00e9rique, tiss\u00e9es sur un m\u00e9tier \u00e0 tisser \u00e9lectronique appel\u00e9 TC2 Jacquard, construit en Norv\u00e8ge et invent\u00e9 par l\u2019enseignante de tissage, Vibeke Vestby. Mon mod\u00e8le de TC2, montr\u00e9 ici sur la photo, est \u00e9quip\u00e9 de 880 lisses qui sont contr\u00f4l\u00e9es individuellement comme dans le style Jacquard contemporain. Mon m\u00e9tier \u00e0 tisser a une cha\u00eene en coton merceris\u00e9, et les navettes contiennent une trame de fils de Tencel et de bambou.<\/h3>\n","protected":false},"featured_media":5647,"comment_status":"open","ping_status":"closed","template":"","meta":[],"product_brand":[],"product_cat":[204,99,208],"product_tag":[205,101,209],"class_list":{"0":"post-7300","1":"product","2":"type-product","3":"status-publish","4":"has-post-thumbnail","6":"product_cat-art-algorithmique","7":"product_cat-art-electronique","8":"product_cat-art-numerique-fr-2","9":"product_tag-art-algorithmique","10":"product_tag-art-electronique","11":"product_tag-art-numerique-fr-3","13":"first","14":"instock","15":"taxable","16":"shipping-taxable","17":"product-type-simple"},"jetpack_sharing_enabled":true,"_links":{"self":[{"href":"https:\/\/shop.paulettesauve.com\/fr\/wp-json\/wp\/v2\/product\/7300","targetHints":{"allow":["GET"]}}],"collection":[{"href":"https:\/\/shop.paulettesauve.com\/fr\/wp-json\/wp\/v2\/product"}],"about":[{"href":"https:\/\/shop.paulettesauve.com\/fr\/wp-json\/wp\/v2\/types\/product"}],"replies":[{"embeddable":true,"href":"https:\/\/shop.paulettesauve.com\/fr\/wp-json\/wp\/v2\/comments?post=7300"}],"version-history":[{"count":2,"href":"https:\/\/shop.paulettesauve.com\/fr\/wp-json\/wp\/v2\/product\/7300\/revisions"}],"predecessor-version":[{"id":7337,"href":"https:\/\/shop.paulettesauve.com\/fr\/wp-json\/wp\/v2\/product\/7300\/revisions\/7337"}],"wp:featuredmedia":[{"embeddable":true,"href":"https:\/\/shop.paulettesauve.com\/fr\/wp-json\/wp\/v2\/media\/5647"}],"wp:attachment":[{"href":"https:\/\/shop.paulettesauve.com\/fr\/wp-json\/wp\/v2\/media?parent=7300"}],"wp:term":[{"taxonomy":"product_brand","embeddable":true,"href":"https:\/\/shop.paulettesauve.com\/fr\/wp-json\/wp\/v2\/product_brand?post=7300"},{"taxonomy":"product_cat","embeddable":true,"href":"https:\/\/shop.paulettesauve.com\/fr\/wp-json\/wp\/v2\/product_cat?post=7300"},{"taxonomy":"product_tag","embeddable":true,"href":"https:\/\/shop.paulettesauve.com\/fr\/wp-json\/wp\/v2\/product_tag?post=7300"}],"curies":[{"name":"wp","href":"https:\/\/api.w.org\/{rel}","templated":true}]}}