{"id":7269,"date":"2024-12-01T08:50:37","date_gmt":"2024-12-01T13:50:37","guid":{"rendered":"https:\/\/shop.paulettesauve.com\/product\/details-de-construction-dart-electronics\/"},"modified":"2025-01-23T10:04:52","modified_gmt":"2025-01-23T15:04:52","slug":"details-de-construction-dart-electronics","status":"publish","type":"product","link":"https:\/\/shop.paulettesauve.com\/fr\/produit\/details-de-construction-dart-electronics\/","title":{"rendered":"D\u00e9tails de construction d\u2019Art Electronics"},"content":{"rendered":"<p>D\u00e9tails de construction d\u2019Art Electronics<\/p>\n","protected":false},"excerpt":{"rendered":"<h3>Dans mon travail r\u00e9cent, j\u2019anime l\u2019art textile avec un appareil \u00e9lectronique qui est programm\u00e9 pour apporter l\u2019art num\u00e9rique dans ma communaut\u00e9 en pr\u00e9sentant une exposition de tapisseries tiss\u00e9es anim\u00e9es.<br \/>\nJ\u2019ai pr\u00e9sent\u00e9 une s\u00e9rie de tapisseries tiss\u00e9es avec des filaments de coton et de fibres optiques. La fibre optique est anim\u00e9e par des appareils \u00e9lectroniques tels que des microcontr\u00f4leurs et de minuscules lumi\u00e8res LED. Les lumi\u00e8res LED sont cach\u00e9es \u00e0 l\u2019arri\u00e8re de la tapisserie et les connexions de la batterie sont \u00e0 l\u2019int\u00e9rieur du cadre. Cela invite les visiteurs de mes expositions \u00e0 faire l\u2019exp\u00e9rience de l\u2019art cin\u00e9tique qui, dans certaines \u0153uvres, les invite \u00e9galement \u00e0 participer.<\/h3>\n<h3>Certaines des pi\u00e8ces \u00e9lectroniques sont montr\u00e9es sur les photos suivantes :<\/h3>\n[caption id=\"attachment_7264\" align=\"alignnone\" width=\"300\"]<img decoding=\"async\" class=\"size-medium wp-image-7264\" src=\"https:\/\/shop.paulettesauve.com\/wp-content\/uploads\/2024\/12\/06_Paulette-M-Sauve_fibres-optiques-tissees-dans-oeuvre-interactive_detail-de-PONT-J-CARTIER-300x163.jpg\" alt=\"{%ALT_TEXT%}\" width=\"300\" height=\"163\" srcset=\"https:\/\/shop.paulettesauve.com\/wp-content\/uploads\/2024\/12\/06_Paulette-M-Sauve_fibres-optiques-tissees-dans-oeuvre-interactive_detail-de-PONT-J-CARTIER-300x163.jpg 300w, https:\/\/shop.paulettesauve.com\/wp-content\/uploads\/2024\/12\/06_Paulette-M-Sauve_fibres-optiques-tissees-dans-oeuvre-interactive_detail-de-PONT-J-CARTIER-1024x557.jpg 1024w, https:\/\/shop.paulettesauve.com\/wp-content\/uploads\/2024\/12\/06_Paulette-M-Sauve_fibres-optiques-tissees-dans-oeuvre-interactive_detail-de-PONT-J-CARTIER-768x418.jpg 768w, https:\/\/shop.paulettesauve.com\/wp-content\/uploads\/2024\/12\/06_Paulette-M-Sauve_fibres-optiques-tissees-dans-oeuvre-interactive_detail-de-PONT-J-CARTIER-1536x836.jpg 1536w, https:\/\/shop.paulettesauve.com\/wp-content\/uploads\/2024\/12\/06_Paulette-M-Sauve_fibres-optiques-tissees-dans-oeuvre-interactive_detail-de-PONT-J-CARTIER-600x326.jpg 600w, https:\/\/shop.paulettesauve.com\/wp-content\/uploads\/2024\/12\/06_Paulette-M-Sauve_fibres-optiques-tissees-dans-oeuvre-interactive_detail-de-PONT-J-CARTIER.jpg 1568w\" sizes=\"(max-width: 300px) 100vw, 300px\" \/>{%CAPTION%}[\/caption]\n<h4>Pour d\u2019autres types de connexions \u00e9lectroniques, j\u2019utilise soit des cartes d\u2019ordinateur Arduino, soit des cartes d\u2019ordinateur Raspberry Pi.<\/h4>\n[caption id=\"attachment_7272\" align=\"alignnone\" width=\"300\"]<img fetchpriority=\"high\" decoding=\"async\" class=\"size-medium wp-image-7272\" src=\"https:\/\/shop.paulettesauve.com\/wp-content\/uploads\/2024\/12\/Paulette_arduino_connections_2_20210320_1315128-e-300x225.jpg\" alt=\"{%ALT_TEXT%}\" width=\"300\" height=\"225\" srcset=\"https:\/\/shop.paulettesauve.com\/wp-content\/uploads\/2024\/12\/Paulette_arduino_connections_2_20210320_1315128-e-300x225.jpg 300w, https:\/\/shop.paulettesauve.com\/wp-content\/uploads\/2024\/12\/Paulette_arduino_connections_2_20210320_1315128-e-1024x768.jpg 1024w, https:\/\/shop.paulettesauve.com\/wp-content\/uploads\/2024\/12\/Paulette_arduino_connections_2_20210320_1315128-e-768x576.jpg 768w, https:\/\/shop.paulettesauve.com\/wp-content\/uploads\/2024\/12\/Paulette_arduino_connections_2_20210320_1315128-e-600x450.jpg 600w, https:\/\/shop.paulettesauve.com\/wp-content\/uploads\/2024\/12\/Paulette_arduino_connections_2_20210320_1315128-e.jpg 1440w\" sizes=\"(max-width: 300px) 100vw, 300px\" \/>{%CAPTION%}[\/caption]\n<p>&nbsp;<\/p>\n<p>&nbsp;<\/p>\n<p>&nbsp;<\/p>\n<p>&nbsp;<\/p>\n","protected":false},"featured_media":7267,"comment_status":"open","ping_status":"closed","template":"","meta":[],"product_brand":[],"product_cat":[204,99,208],"product_tag":[205,101,209],"class_list":{"0":"post-7269","1":"product","2":"type-product","3":"status-publish","4":"has-post-thumbnail","6":"product_cat-art-algorithmique","7":"product_cat-art-electronique","8":"product_cat-art-numerique-fr-2","9":"product_tag-art-algorithmique","10":"product_tag-art-electronique","11":"product_tag-art-numerique-fr-3","13":"first","14":"instock","15":"taxable","16":"shipping-taxable","17":"product-type-simple"},"jetpack_sharing_enabled":true,"_links":{"self":[{"href":"https:\/\/shop.paulettesauve.com\/fr\/wp-json\/wp\/v2\/product\/7269","targetHints":{"allow":["GET"]}}],"collection":[{"href":"https:\/\/shop.paulettesauve.com\/fr\/wp-json\/wp\/v2\/product"}],"about":[{"href":"https:\/\/shop.paulettesauve.com\/fr\/wp-json\/wp\/v2\/types\/product"}],"replies":[{"embeddable":true,"href":"https:\/\/shop.paulettesauve.com\/fr\/wp-json\/wp\/v2\/comments?post=7269"}],"version-history":[{"count":3,"href":"https:\/\/shop.paulettesauve.com\/fr\/wp-json\/wp\/v2\/product\/7269\/revisions"}],"predecessor-version":[{"id":7344,"href":"https:\/\/shop.paulettesauve.com\/fr\/wp-json\/wp\/v2\/product\/7269\/revisions\/7344"}],"wp:featuredmedia":[{"embeddable":true,"href":"https:\/\/shop.paulettesauve.com\/fr\/wp-json\/wp\/v2\/media\/7267"}],"wp:attachment":[{"href":"https:\/\/shop.paulettesauve.com\/fr\/wp-json\/wp\/v2\/media?parent=7269"}],"wp:term":[{"taxonomy":"product_brand","embeddable":true,"href":"https:\/\/shop.paulettesauve.com\/fr\/wp-json\/wp\/v2\/product_brand?post=7269"},{"taxonomy":"product_cat","embeddable":true,"href":"https:\/\/shop.paulettesauve.com\/fr\/wp-json\/wp\/v2\/product_cat?post=7269"},{"taxonomy":"product_tag","embeddable":true,"href":"https:\/\/shop.paulettesauve.com\/fr\/wp-json\/wp\/v2\/product_tag?post=7269"}],"curies":[{"name":"wp","href":"https:\/\/api.w.org\/{rel}","templated":true}]}}