{"id":7243,"date":"2024-11-23T14:05:54","date_gmt":"2024-11-23T19:05:54","guid":{"rendered":"https:\/\/shop.paulettesauve.com\/product\/ville-irisee-montreal\/"},"modified":"2024-11-25T07:17:41","modified_gmt":"2024-11-25T12:17:41","slug":"ville-irisee-montreal","status":"publish","type":"product","link":"https:\/\/shop.paulettesauve.com\/fr\/produit\/ville-irisee-montreal\/","title":{"rendered":"VILLE IRIS\u00c9E MONTR\u00c9AL"},"content":{"rendered":"<h4>VILLE IRIS\u00c9E MONTR\u00c9AL<\/h4>\n","protected":false},"excerpt":{"rendered":"<h3>Cette \u0153uvre d\u2019art \u00e9lectronique a \u00e9t\u00e9 con\u00e7ue en 2020, et, tiss\u00e9e \u00e0 la main sur un m\u00e9tier TC2 Jacquard, et assembl\u00e9e en 2022.<\/h3>\n<h3>La trame est tiss\u00e9e en coton, et, en fibres optiques anim\u00e9es par un microcontr\u00f4leur, et un circuit \u00e9lectrique.<br \/>\nDimensions encadr\u00e9es : 74 x 102 cm<br \/>\nCollection priv\u00e9e<\/h3>\n<h3>Pour plus d\u2019informations, contactez-nous par email :<br \/>\ninfo@paulettesauve.com<\/h3>\n","protected":false},"featured_media":716,"comment_status":"open","ping_status":"closed","template":"","meta":[],"product_brand":[],"product_cat":[99,208],"product_tag":[101,209],"class_list":{"0":"post-7243","1":"product","2":"type-product","3":"status-publish","4":"has-post-thumbnail","6":"product_cat-art-electronique","7":"product_cat-art-numerique-fr-2","8":"product_tag-art-electronique","9":"product_tag-art-numerique-fr-3","11":"first","12":"outofstock","13":"taxable","14":"shipping-taxable","15":"product-type-simple"},"jetpack_sharing_enabled":true,"_links":{"self":[{"href":"https:\/\/shop.paulettesauve.com\/fr\/wp-json\/wp\/v2\/product\/7243","targetHints":{"allow":["GET"]}}],"collection":[{"href":"https:\/\/shop.paulettesauve.com\/fr\/wp-json\/wp\/v2\/product"}],"about":[{"href":"https:\/\/shop.paulettesauve.com\/fr\/wp-json\/wp\/v2\/types\/product"}],"replies":[{"embeddable":true,"href":"https:\/\/shop.paulettesauve.com\/fr\/wp-json\/wp\/v2\/comments?post=7243"}],"version-history":[{"count":3,"href":"https:\/\/shop.paulettesauve.com\/fr\/wp-json\/wp\/v2\/product\/7243\/revisions"}],"predecessor-version":[{"id":7253,"href":"https:\/\/shop.paulettesauve.com\/fr\/wp-json\/wp\/v2\/product\/7243\/revisions\/7253"}],"wp:featuredmedia":[{"embeddable":true,"href":"https:\/\/shop.paulettesauve.com\/fr\/wp-json\/wp\/v2\/media\/716"}],"wp:attachment":[{"href":"https:\/\/shop.paulettesauve.com\/fr\/wp-json\/wp\/v2\/media?parent=7243"}],"wp:term":[{"taxonomy":"product_brand","embeddable":true,"href":"https:\/\/shop.paulettesauve.com\/fr\/wp-json\/wp\/v2\/product_brand?post=7243"},{"taxonomy":"product_cat","embeddable":true,"href":"https:\/\/shop.paulettesauve.com\/fr\/wp-json\/wp\/v2\/product_cat?post=7243"},{"taxonomy":"product_tag","embeddable":true,"href":"https:\/\/shop.paulettesauve.com\/fr\/wp-json\/wp\/v2\/product_tag?post=7243"}],"curies":[{"name":"wp","href":"https:\/\/api.w.org\/{rel}","templated":true}]}}