{"id":7184,"date":"2024-10-19T13:04:03","date_gmt":"2024-10-19T17:04:03","guid":{"rendered":"https:\/\/shop.paulettesauve.com\/product\/bouquet-de-fleurs\/"},"modified":"2025-05-10T13:31:55","modified_gmt":"2025-05-10T17:31:55","slug":"bouquet-de-fleurs","status":"publish","type":"product","link":"https:\/\/shop.paulettesauve.com\/fr\/produit\/bouquet-de-fleurs\/","title":{"rendered":"BOUQUET DE FLEURS"},"content":{"rendered":"<p>BOUQUET DE FLEURS<\/p>\n","protected":false},"excerpt":{"rendered":"<h4><strong>Il s\u2019agit d\u2019une tapisserie unique, tiss\u00e9e \u00e0 la main. Un certificat d\u2019authenticit\u00e9 accompagne chaque \u0153uvre d\u2019art. L\u2019artiste, r\u00e9cipiendaire d\u2019une ma\u00eetrise en beaux-arts de l\u2019Universit\u00e9 du Qu\u00e9bec \u00e0 Montr\u00e9al, expose ses \u0153uvres dans des mus\u00e9es, des collections corporatives et priv\u00e9es \u00e0 travers le monde.<br \/>\nCette tapisserie repr\u00e9sente un vase rempli de belles fleurs que mon mari plante dans notre jardin chaque ann\u00e9e. Les fleurs attirent les oiseaux et les insectes pour la pollinisation afin de prot\u00e9ger la diversit\u00e9 de l\u2019\u00e9cosyst\u00e8me. Cette \u0153uvre est tiss\u00e9e \u00e0 la main sur un Jacquard TC2 en fil de chenille de coton. Il a un joli cadre en bois et des crochets sont install\u00e9s \u00e0 l\u2019arri\u00e8re. Les dimensions sont de 88 x 72 cm. <\/strong><strong>Le prix comprend les taxes. Frais de port calcul\u00e9s \u00e0 la caisse.<\/strong><\/h4>\n[caption id=\"attachment_4280\" align=\"alignnone\" width=\"265\"]<img decoding=\"async\" class=\"size-full wp-image-4280\" src=\"https:\/\/shop.paulettesauve.com\/wp-content\/uploads\/2023\/09\/P-M-Sauve_CREDIT-CARDS-ACCEPTED_1b.jpg\" alt=\"CARTES DE CR\u00c9DIT ACCEPT\u00c9ES\" width=\"265\" height=\"59\" \/> Cartes de cr\u00e9dit accept\u00e9es dans PayPal[\/caption]\n","protected":false},"featured_media":7182,"comment_status":"open","ping_status":"closed","template":"","meta":[],"product_brand":[],"product_cat":[116,66],"product_tag":[117,72],"class_list":{"0":"post-7184","1":"product","2":"type-product","3":"status-publish","4":"has-post-thumbnail","6":"product_cat-proteger-la-faune","7":"product_cat-tapisseries-fr","8":"product_tag-proteger-la-faune","9":"product_tag-tapisseries","11":"first","12":"instock","13":"sold-individually","14":"shipping-taxable","15":"purchasable","16":"product-type-simple"},"jetpack_sharing_enabled":true,"_links":{"self":[{"href":"https:\/\/shop.paulettesauve.com\/fr\/wp-json\/wp\/v2\/product\/7184","targetHints":{"allow":["GET"]}}],"collection":[{"href":"https:\/\/shop.paulettesauve.com\/fr\/wp-json\/wp\/v2\/product"}],"about":[{"href":"https:\/\/shop.paulettesauve.com\/fr\/wp-json\/wp\/v2\/types\/product"}],"replies":[{"embeddable":true,"href":"https:\/\/shop.paulettesauve.com\/fr\/wp-json\/wp\/v2\/comments?post=7184"}],"version-history":[{"count":1,"href":"https:\/\/shop.paulettesauve.com\/fr\/wp-json\/wp\/v2\/product\/7184\/revisions"}],"predecessor-version":[{"id":7730,"href":"https:\/\/shop.paulettesauve.com\/fr\/wp-json\/wp\/v2\/product\/7184\/revisions\/7730"}],"wp:featuredmedia":[{"embeddable":true,"href":"https:\/\/shop.paulettesauve.com\/fr\/wp-json\/wp\/v2\/media\/7182"}],"wp:attachment":[{"href":"https:\/\/shop.paulettesauve.com\/fr\/wp-json\/wp\/v2\/media?parent=7184"}],"wp:term":[{"taxonomy":"product_brand","embeddable":true,"href":"https:\/\/shop.paulettesauve.com\/fr\/wp-json\/wp\/v2\/product_brand?post=7184"},{"taxonomy":"product_cat","embeddable":true,"href":"https:\/\/shop.paulettesauve.com\/fr\/wp-json\/wp\/v2\/product_cat?post=7184"},{"taxonomy":"product_tag","embeddable":true,"href":"https:\/\/shop.paulettesauve.com\/fr\/wp-json\/wp\/v2\/product_tag?post=7184"}],"curies":[{"name":"wp","href":"https:\/\/api.w.org\/{rel}","templated":true}]}}