{"id":7123,"date":"2024-09-27T08:54:09","date_gmt":"2024-09-27T12:54:09","guid":{"rendered":"https:\/\/shop.paulettesauve.com\/product\/coral-reef-v9014\/"},"modified":"2025-05-16T10:29:20","modified_gmt":"2025-05-16T14:29:20","slug":"coral-reef-v9014","status":"publish","type":"product","link":"https:\/\/shop.paulettesauve.com\/fr\/produit\/coral-reef-v9014\/","title":{"rendered":"CORAL REEF V9014"},"content":{"rendered":"<p>CORAL REEF V9014<\/p>\n","protected":false},"excerpt":{"rendered":"<h5>Il s\u2019agit d\u2019une tapisserie unique, tiss\u00e9e \u00e0 la main. Un certificat d\u2019authenticit\u00e9 accompagne chaque \u0153uvre d\u2019art. L\u2019artiste, r\u00e9cipiendaire d\u2019une ma\u00eetrise en beaux-arts de l\u2019Universit\u00e9 du Qu\u00e9bec \u00e0 Montr\u00e9al, expose ses \u0153uvres dans des mus\u00e9es, des collections corporatives et priv\u00e9es dans plusieurs pays.<br \/>\nTiss\u00e9e \u00e0 la main avec fils de laine, cette tapisserie est r\u00e9alis\u00e9e en teintures naturelles. Elle repr\u00e9sente les charmants r\u00e9cifs coralliens que nous devons prot\u00e9ger pour la diversit\u00e9 de l\u2019\u00e9cosyst\u00e8me de nos oc\u00e9ans.\u00a0 <strong>Cette \u0153uvre est tiss\u00e9e \u00e0 la main sur un m\u00e9tier du style Jacquard.\u00a0 Elle est encadr\u00e9e<\/strong><strong> en bois, et des crochets sont install\u00e9s. Les dimensions sont de 43 x 74 cm.<\/strong><br \/>\n<strong>Le prix comprend les taxes. Les frais de port sont calcul\u00e9s \u00e0 la caisse.<br \/>\n<\/strong><\/h5>\n[caption id=\"attachment_4280\" align=\"alignnone\" width=\"265\"]<img decoding=\"async\" class=\"size-full wp-image-4280\" src=\"https:\/\/shop.paulettesauve.com\/wp-content\/uploads\/2023\/09\/P-M-Sauve_CREDIT-CARDS-ACCEPTED_1b.jpg\" alt=\"CARTES DE CR\u00c9DIT ACCEPT\u00c9ES\" width=\"265\" height=\"59\" \/> Cartes de cr\u00e9dit accept\u00e9es dans PayPal[\/caption]\n","protected":false},"featured_media":7121,"comment_status":"open","ping_status":"closed","template":"","meta":[],"product_brand":[],"product_cat":[120,116,163,66],"product_tag":[121,117,159,72],"class_list":{"0":"post-7123","1":"product","2":"type-product","3":"status-publish","4":"has-post-thumbnail","6":"product_cat-colorants-naturels","7":"product_cat-proteger-la-faune","8":"product_cat-resume-techniques-mixtes","9":"product_cat-tapisseries-fr","10":"product_tag-colorants-naturels","11":"product_tag-proteger-la-faune","12":"product_tag-resume-techniques-mixtes","13":"product_tag-tapisseries","15":"first","16":"instock","17":"shipping-taxable","18":"purchasable","19":"product-type-simple"},"jetpack_sharing_enabled":true,"_links":{"self":[{"href":"https:\/\/shop.paulettesauve.com\/fr\/wp-json\/wp\/v2\/product\/7123","targetHints":{"allow":["GET"]}}],"collection":[{"href":"https:\/\/shop.paulettesauve.com\/fr\/wp-json\/wp\/v2\/product"}],"about":[{"href":"https:\/\/shop.paulettesauve.com\/fr\/wp-json\/wp\/v2\/types\/product"}],"replies":[{"embeddable":true,"href":"https:\/\/shop.paulettesauve.com\/fr\/wp-json\/wp\/v2\/comments?post=7123"}],"version-history":[{"count":7,"href":"https:\/\/shop.paulettesauve.com\/fr\/wp-json\/wp\/v2\/product\/7123\/revisions"}],"predecessor-version":[{"id":7761,"href":"https:\/\/shop.paulettesauve.com\/fr\/wp-json\/wp\/v2\/product\/7123\/revisions\/7761"}],"wp:featuredmedia":[{"embeddable":true,"href":"https:\/\/shop.paulettesauve.com\/fr\/wp-json\/wp\/v2\/media\/7121"}],"wp:attachment":[{"href":"https:\/\/shop.paulettesauve.com\/fr\/wp-json\/wp\/v2\/media?parent=7123"}],"wp:term":[{"taxonomy":"product_brand","embeddable":true,"href":"https:\/\/shop.paulettesauve.com\/fr\/wp-json\/wp\/v2\/product_brand?post=7123"},{"taxonomy":"product_cat","embeddable":true,"href":"https:\/\/shop.paulettesauve.com\/fr\/wp-json\/wp\/v2\/product_cat?post=7123"},{"taxonomy":"product_tag","embeddable":true,"href":"https:\/\/shop.paulettesauve.com\/fr\/wp-json\/wp\/v2\/product_tag?post=7123"}],"curies":[{"name":"wp","href":"https:\/\/api.w.org\/{rel}","templated":true}]}}