{"id":7115,"date":"2024-09-26T09:54:50","date_gmt":"2024-09-26T13:54:50","guid":{"rendered":"https:\/\/shop.paulettesauve.com\/product\/vepres-iii-premiere-lueur-du-jour\/"},"modified":"2025-07-01T11:33:10","modified_gmt":"2025-07-01T15:33:10","slug":"vepres-iii-premiere-lueur-du-jour","status":"publish","type":"product","link":"https:\/\/shop.paulettesauve.com\/fr\/produit\/vepres-iii-premiere-lueur-du-jour\/","title":{"rendered":"V\u00caPRES III-PREMI\u00c8RE LUEUR DU JOUR"},"content":{"rendered":"<p>V\u00caPRES III-PREMI\u00c8RE LUEUR DU JOUR<\/p>\n","protected":false},"excerpt":{"rendered":"<p><strong>Il s\u2019agit d\u2019une tapisserie unique tiss\u00e9e \u00e0 la main sur un m\u00e9tier \u00e0 tisser de style \u00ab&nbsp;Gobelins&nbsp;\u00bb \u00e0 haute cha\u00eene. Un certificat d\u2019authenticit\u00e9 accompagne chaque \u0153uvre d\u2019art. L\u2019artiste, r\u00e9cipiendaire d\u2019une ma\u00eetrise en beaux-arts de l\u2019Universit\u00e9 du Qu\u00e9bec \u00e0 Montr\u00e9al, expose ses \u0153uvres dans des collections mus\u00e9ales, corporatives et priv\u00e9es dans plusieurs pays.  <\/strong><\/p>\n<p><strong>Cette \u0153uvre repr\u00e9sente un moment spirituel. Il est tiss\u00e9 en fil de laine teint \u00e0 la main, et dispose d\u2019un support en bois \u00e0 l\u2019arri\u00e8re avec des crochets pour une installation sur un mur. La taille est de 152 cm de haut sur 205 cm de large.  <\/strong><strong>Le prix comprend les taxes. Frais de port calcul\u00e9s \u00e0 la caisse<\/strong><\/p>\n[caption id=\"attachment_4280\" align=\"alignnone\" width=\"265\"]<img decoding=\"async\" class=\"size-full wp-image-4280\" src=\"https:\/\/shop.paulettesauve.com\/wp-content\/uploads\/2023\/09\/P-M-Sauve_CREDIT-CARDS-ACCEPTED_1b.jpg\" alt=\".\" width=\"265\" height=\"59\"> Cartes de cr\u00e9dit accept\u00e9es dans PayPal[\/caption]\n<p>&nbsp;<\/p>\n<p>&nbsp;<\/p>\n<p>&nbsp;<\/p>\n<p>&nbsp;<\/p>\n<p>&nbsp;<\/p>\n<p>&nbsp;<\/p>\n","protected":false},"featured_media":7113,"comment_status":"open","ping_status":"closed","template":"","meta":[],"product_brand":[],"product_cat":[120,66],"product_tag":[121,159,72],"class_list":{"0":"post-7115","1":"product","2":"type-product","3":"status-publish","4":"has-post-thumbnail","6":"product_cat-colorants-naturels","7":"product_cat-tapisseries-fr","8":"product_tag-colorants-naturels","9":"product_tag-resume-techniques-mixtes","10":"product_tag-tapisseries","12":"first","13":"instock","14":"shipping-taxable","15":"purchasable","16":"product-type-simple"},"jetpack_sharing_enabled":true,"_links":{"self":[{"href":"https:\/\/shop.paulettesauve.com\/fr\/wp-json\/wp\/v2\/product\/7115","targetHints":{"allow":["GET"]}}],"collection":[{"href":"https:\/\/shop.paulettesauve.com\/fr\/wp-json\/wp\/v2\/product"}],"about":[{"href":"https:\/\/shop.paulettesauve.com\/fr\/wp-json\/wp\/v2\/types\/product"}],"replies":[{"embeddable":true,"href":"https:\/\/shop.paulettesauve.com\/fr\/wp-json\/wp\/v2\/comments?post=7115"}],"version-history":[{"count":8,"href":"https:\/\/shop.paulettesauve.com\/fr\/wp-json\/wp\/v2\/product\/7115\/revisions"}],"predecessor-version":[{"id":7823,"href":"https:\/\/shop.paulettesauve.com\/fr\/wp-json\/wp\/v2\/product\/7115\/revisions\/7823"}],"wp:featuredmedia":[{"embeddable":true,"href":"https:\/\/shop.paulettesauve.com\/fr\/wp-json\/wp\/v2\/media\/7113"}],"wp:attachment":[{"href":"https:\/\/shop.paulettesauve.com\/fr\/wp-json\/wp\/v2\/media?parent=7115"}],"wp:term":[{"taxonomy":"product_brand","embeddable":true,"href":"https:\/\/shop.paulettesauve.com\/fr\/wp-json\/wp\/v2\/product_brand?post=7115"},{"taxonomy":"product_cat","embeddable":true,"href":"https:\/\/shop.paulettesauve.com\/fr\/wp-json\/wp\/v2\/product_cat?post=7115"},{"taxonomy":"product_tag","embeddable":true,"href":"https:\/\/shop.paulettesauve.com\/fr\/wp-json\/wp\/v2\/product_tag?post=7115"}],"curies":[{"name":"wp","href":"https:\/\/api.w.org\/{rel}","templated":true}]}}