{"id":7040,"date":"2024-09-17T09:20:56","date_gmt":"2024-09-17T13:20:56","guid":{"rendered":"https:\/\/shop.paulettesauve.com\/product\/coral-reef-v8957\/"},"modified":"2025-05-11T07:29:03","modified_gmt":"2025-05-11T11:29:03","slug":"coral-reef-v8957","status":"publish","type":"product","link":"https:\/\/shop.paulettesauve.com\/fr\/produit\/coral-reef-v8957\/","title":{"rendered":"BEAUT\u00c9 DE LA FAUNE CORALLIENNE V8957"},"content":{"rendered":"<p>BEAUT\u00c9 DU R\u00c9CIF DE CORAIL V8957<\/p>\n","protected":false},"excerpt":{"rendered":"<h5><strong>Il s\u2019agit d\u2019une tapisserie unique, tiss\u00e9e \u00e0 la main. Un certificat d\u2019authenticit\u00e9 accompagne chaque \u0153uvre d\u2019art. L\u2019artiste, r\u00e9cipiendaire d\u2019une ma\u00eetrise en beaux-arts de l\u2019Universit\u00e9 du Qu\u00e9bec \u00e0 Montr\u00e9al, expose ses \u0153uvres dans des mus\u00e9es, des collections corporatives et priv\u00e9es dans plusieurs pays.<br \/>\nTiss\u00e9e sur un m\u00e9tier \u00e0 tisser de style Jacquard, cette tapisserie repr\u00e9sente les jolis r\u00e9cifs coralliens que nous devons prot\u00e9ger pour la diversit\u00e9 des \u00e9cosyst\u00e8mes de nos oc\u00e9ans. Cette \u0153uvre est tiss\u00e9e avec des fils de coton et de Tencel de haute qualit\u00e9, et est tendue sur un cadre en bois avec des crochets install\u00e9s. Les dimensions sont de 41 x 70 cm.   Le prix comprend les taxes. Les frais d\u2019exp\u00e9dition sont calcul\u00e9s \u00e0 la caisse.<br \/>\n<\/strong><\/h5>\n[caption id=\"attachment_4280\" align=\"alignnone\" width=\"265\"]<img decoding=\"async\" class=\"size-full wp-image-4280\" src=\"https:\/\/shop.paulettesauve.com\/wp-content\/uploads\/2023\/09\/P-M-Sauve_CREDIT-CARDS-ACCEPTED_1b.jpg\" alt=\".\" width=\"265\" height=\"59\"> Cartes de cr\u00e9dit accept\u00e9es dans PayPal[\/caption]\n","protected":false},"featured_media":7038,"comment_status":"open","ping_status":"closed","template":"","meta":[],"product_brand":[],"product_cat":[116,163,66],"product_tag":[117,159,72],"class_list":{"0":"post-7040","1":"product","2":"type-product","3":"status-publish","4":"has-post-thumbnail","6":"product_cat-proteger-la-faune","7":"product_cat-resume-techniques-mixtes","8":"product_cat-tapisseries-fr","9":"product_tag-proteger-la-faune","10":"product_tag-resume-techniques-mixtes","11":"product_tag-tapisseries","13":"first","14":"instock","15":"shipping-taxable","16":"purchasable","17":"product-type-simple"},"jetpack_sharing_enabled":true,"_links":{"self":[{"href":"https:\/\/shop.paulettesauve.com\/fr\/wp-json\/wp\/v2\/product\/7040","targetHints":{"allow":["GET"]}}],"collection":[{"href":"https:\/\/shop.paulettesauve.com\/fr\/wp-json\/wp\/v2\/product"}],"about":[{"href":"https:\/\/shop.paulettesauve.com\/fr\/wp-json\/wp\/v2\/types\/product"}],"replies":[{"embeddable":true,"href":"https:\/\/shop.paulettesauve.com\/fr\/wp-json\/wp\/v2\/comments?post=7040"}],"version-history":[{"count":14,"href":"https:\/\/shop.paulettesauve.com\/fr\/wp-json\/wp\/v2\/product\/7040\/revisions"}],"predecessor-version":[{"id":7755,"href":"https:\/\/shop.paulettesauve.com\/fr\/wp-json\/wp\/v2\/product\/7040\/revisions\/7755"}],"wp:featuredmedia":[{"embeddable":true,"href":"https:\/\/shop.paulettesauve.com\/fr\/wp-json\/wp\/v2\/media\/7038"}],"wp:attachment":[{"href":"https:\/\/shop.paulettesauve.com\/fr\/wp-json\/wp\/v2\/media?parent=7040"}],"wp:term":[{"taxonomy":"product_brand","embeddable":true,"href":"https:\/\/shop.paulettesauve.com\/fr\/wp-json\/wp\/v2\/product_brand?post=7040"},{"taxonomy":"product_cat","embeddable":true,"href":"https:\/\/shop.paulettesauve.com\/fr\/wp-json\/wp\/v2\/product_cat?post=7040"},{"taxonomy":"product_tag","embeddable":true,"href":"https:\/\/shop.paulettesauve.com\/fr\/wp-json\/wp\/v2\/product_tag?post=7040"}],"curies":[{"name":"wp","href":"https:\/\/api.w.org\/{rel}","templated":true}]}}