{"id":7006,"date":"2024-09-14T09:22:10","date_gmt":"2024-09-14T13:22:10","guid":{"rendered":"https:\/\/shop.paulettesauve.com\/product\/le-grotto\/"},"modified":"2024-09-14T09:22:10","modified_gmt":"2024-09-14T13:22:10","slug":"le-grotto","status":"publish","type":"product","link":"https:\/\/shop.paulettesauve.com\/fr\/produit\/le-grotto\/","title":{"rendered":"LE GROTTO"},"content":{"rendered":"<p>LE GROTTO<\/p>\n","protected":false},"excerpt":{"rendered":"<p><strong>Cr\u00e9\u00e9e en 1992, installation de s\u00e9rigraphie sur tissu de coton et techniques mixtes, <\/strong><strong>216 de haut sur 237 cm de large (84 x 92 pouces) SKU57340005<\/strong><strong>Collection de l\u2019artiste<\/strong><\/p>\n","protected":false},"featured_media":7004,"comment_status":"open","ping_status":"closed","template":"","meta":[],"product_brand":[],"product_cat":[191,192],"product_tag":[193,194],"class_list":{"0":"post-7006","1":"product","2":"type-product","3":"status-publish","4":"has-post-thumbnail","6":"product_cat-peintures-figuratives","7":"product_cat-serigraphie-sur-tissu","8":"product_tag-peintures-figuratives","9":"product_tag-serigraphie-sur-tissu","11":"first","12":"instock","13":"taxable","14":"shipping-taxable","15":"product-type-simple"},"jetpack_sharing_enabled":true,"_links":{"self":[{"href":"https:\/\/shop.paulettesauve.com\/fr\/wp-json\/wp\/v2\/product\/7006","targetHints":{"allow":["GET"]}}],"collection":[{"href":"https:\/\/shop.paulettesauve.com\/fr\/wp-json\/wp\/v2\/product"}],"about":[{"href":"https:\/\/shop.paulettesauve.com\/fr\/wp-json\/wp\/v2\/types\/product"}],"replies":[{"embeddable":true,"href":"https:\/\/shop.paulettesauve.com\/fr\/wp-json\/wp\/v2\/comments?post=7006"}],"version-history":[{"count":0,"href":"https:\/\/shop.paulettesauve.com\/fr\/wp-json\/wp\/v2\/product\/7006\/revisions"}],"wp:featuredmedia":[{"embeddable":true,"href":"https:\/\/shop.paulettesauve.com\/fr\/wp-json\/wp\/v2\/media\/7004"}],"wp:attachment":[{"href":"https:\/\/shop.paulettesauve.com\/fr\/wp-json\/wp\/v2\/media?parent=7006"}],"wp:term":[{"taxonomy":"product_brand","embeddable":true,"href":"https:\/\/shop.paulettesauve.com\/fr\/wp-json\/wp\/v2\/product_brand?post=7006"},{"taxonomy":"product_cat","embeddable":true,"href":"https:\/\/shop.paulettesauve.com\/fr\/wp-json\/wp\/v2\/product_cat?post=7006"},{"taxonomy":"product_tag","embeddable":true,"href":"https:\/\/shop.paulettesauve.com\/fr\/wp-json\/wp\/v2\/product_tag?post=7006"}],"curies":[{"name":"wp","href":"https:\/\/api.w.org\/{rel}","templated":true}]}}