{"id":6988,"date":"2024-09-13T14:49:34","date_gmt":"2024-09-13T18:49:34","guid":{"rendered":"https:\/\/shop.paulettesauve.com\/product\/coral-reef-v9017\/"},"modified":"2024-09-13T22:42:09","modified_gmt":"2024-09-14T02:42:09","slug":"coral-reef-v9017","status":"publish","type":"product","link":"https:\/\/shop.paulettesauve.com\/fr\/produit\/coral-reef-v9017\/","title":{"rendered":"R\u00c9CIF DE CORAIL V9017"},"content":{"rendered":"<p>R\u00c9CIF DE CORAIL V9017<\/p>\n","protected":false},"excerpt":{"rendered":"<p><strong>Cette tapisserie color\u00e9e s\u2019inspire de magnifiques r\u00e9cifs coralliens en voie de disparition.<br \/>\nTiss\u00e9e \u00e0 la main sur un m\u00e9tier \u00e0 tisser TC2 Jacquard avec de la chenille de rayonne et des fils de coton, cette tenture murale est joliment tendue sur un cadre en bois pr\u00eat \u00e0 \u00eatre accroch\u00e9 dans votre maison ou votre bureau.<br \/>\nLes dimensions sont de 36 x 69 cm (14 x 27 pouces). <\/strong><br \/>\n<strong>Le prix comprend les taxes<\/strong><strong>Cartes de cr\u00e9dit accept\u00e9es \u00e0 la caisse<\/strong><\/p>\n[caption id=\"attachment_4280\" align=\"alignnone\" width=\"265\"]<img decoding=\"async\" class=\"size-full wp-image-4280\" src=\"https:\/\/shop.paulettesauve.com\/wp-content\/uploads\/2023\/09\/P-M-Sauve_CREDIT-CARDS-ACCEPTED_1b.jpg\" alt=\"CARTES DE CR\u00c9DIT ACCEPT\u00c9ES\" width=\"265\" height=\"59\" \/> Cartes de cr\u00e9dit accept\u00e9es dans PayPal[\/caption]\n","protected":false},"featured_media":6986,"comment_status":"open","ping_status":"closed","template":"","meta":[],"product_brand":[],"product_cat":[116,163,66],"product_tag":[117,159,72],"class_list":{"0":"post-6988","1":"product","2":"type-product","3":"status-publish","4":"has-post-thumbnail","6":"product_cat-proteger-la-faune","7":"product_cat-resume-techniques-mixtes","8":"product_cat-tapisseries-fr","9":"product_tag-proteger-la-faune","10":"product_tag-resume-techniques-mixtes","11":"product_tag-tapisseries","13":"first","14":"instock","15":"shipping-taxable","16":"purchasable","17":"product-type-simple"},"jetpack_sharing_enabled":true,"_links":{"self":[{"href":"https:\/\/shop.paulettesauve.com\/fr\/wp-json\/wp\/v2\/product\/6988","targetHints":{"allow":["GET"]}}],"collection":[{"href":"https:\/\/shop.paulettesauve.com\/fr\/wp-json\/wp\/v2\/product"}],"about":[{"href":"https:\/\/shop.paulettesauve.com\/fr\/wp-json\/wp\/v2\/types\/product"}],"replies":[{"embeddable":true,"href":"https:\/\/shop.paulettesauve.com\/fr\/wp-json\/wp\/v2\/comments?post=6988"}],"version-history":[{"count":2,"href":"https:\/\/shop.paulettesauve.com\/fr\/wp-json\/wp\/v2\/product\/6988\/revisions"}],"predecessor-version":[{"id":6993,"href":"https:\/\/shop.paulettesauve.com\/fr\/wp-json\/wp\/v2\/product\/6988\/revisions\/6993"}],"wp:featuredmedia":[{"embeddable":true,"href":"https:\/\/shop.paulettesauve.com\/fr\/wp-json\/wp\/v2\/media\/6986"}],"wp:attachment":[{"href":"https:\/\/shop.paulettesauve.com\/fr\/wp-json\/wp\/v2\/media?parent=6988"}],"wp:term":[{"taxonomy":"product_brand","embeddable":true,"href":"https:\/\/shop.paulettesauve.com\/fr\/wp-json\/wp\/v2\/product_brand?post=6988"},{"taxonomy":"product_cat","embeddable":true,"href":"https:\/\/shop.paulettesauve.com\/fr\/wp-json\/wp\/v2\/product_cat?post=6988"},{"taxonomy":"product_tag","embeddable":true,"href":"https:\/\/shop.paulettesauve.com\/fr\/wp-json\/wp\/v2\/product_tag?post=6988"}],"curies":[{"name":"wp","href":"https:\/\/api.w.org\/{rel}","templated":true}]}}