{"id":6979,"date":"2024-09-13T09:33:59","date_gmt":"2024-09-13T13:33:59","guid":{"rendered":"https:\/\/shop.paulettesauve.com\/product\/marais-refletant-le-ciel-dore\/"},"modified":"2024-09-18T15:46:54","modified_gmt":"2024-09-18T19:46:54","slug":"marais-refletant-le-ciel-dore","status":"publish","type":"product","link":"https:\/\/shop.paulettesauve.com\/fr\/produit\/marais-refletant-le-ciel-dore\/","title":{"rendered":"MARAIS REFL\u00c9TANT LE CIEL DOR\u00c9"},"content":{"rendered":"<p>MARAIS REFL\u00c9TANT LE CIEL DOR\u00c9<\/p>\n","protected":false},"excerpt":{"rendered":"<h3><strong>Il s\u2019agit d\u2019un paysage abstrait \u00e0 l\u2019huile et techniques mixtes sur toile.<br \/>\nLes couleurs principales sont l\u2019or, l\u2019orange, la terre de Sienne br\u00fbl\u00e9e et le bleu, cr\u00e9ant un paysage vibrant.<br \/>\nIl est peint \u00e0 l\u2019huile et en techniques mixtes sur  <\/strong><strong>  toile qui est galerie tendue.<br \/>\nLa taille est de 153 x 76 cm (60 pouces de haut sur 30 de large), est peinte sur les c\u00f4t\u00e9s et est pr\u00eate \u00e0 \u00eatre install\u00e9e.  Le prix comprend les taxes. Disponible sur demande, contacter : info@paulettesauve.com<\/strong><br \/>\n<strong><br \/>\n<\/strong><\/h3>\n","protected":false},"featured_media":6977,"comment_status":"open","ping_status":"closed","template":"","meta":[],"product_brand":[],"product_cat":[94,176,170,181],"product_tag":[79,183],"class_list":{"0":"post-6979","1":"product","2":"type-product","3":"status-publish","4":"has-post-thumbnail","6":"product_cat-art","7":"product_cat-huile-sur-techniques-mixtes","8":"product_cat-huile-sur-toile","9":"product_cat-peintures-abstrait","10":"product_tag-huile-sur-toile","11":"product_tag-peintures-abstrait","13":"first","14":"instock","15":"shipping-taxable","16":"product-type-simple"},"jetpack_sharing_enabled":true,"_links":{"self":[{"href":"https:\/\/shop.paulettesauve.com\/fr\/wp-json\/wp\/v2\/product\/6979","targetHints":{"allow":["GET"]}}],"collection":[{"href":"https:\/\/shop.paulettesauve.com\/fr\/wp-json\/wp\/v2\/product"}],"about":[{"href":"https:\/\/shop.paulettesauve.com\/fr\/wp-json\/wp\/v2\/types\/product"}],"replies":[{"embeddable":true,"href":"https:\/\/shop.paulettesauve.com\/fr\/wp-json\/wp\/v2\/comments?post=6979"}],"version-history":[{"count":2,"href":"https:\/\/shop.paulettesauve.com\/fr\/wp-json\/wp\/v2\/product\/6979\/revisions"}],"predecessor-version":[{"id":7080,"href":"https:\/\/shop.paulettesauve.com\/fr\/wp-json\/wp\/v2\/product\/6979\/revisions\/7080"}],"wp:featuredmedia":[{"embeddable":true,"href":"https:\/\/shop.paulettesauve.com\/fr\/wp-json\/wp\/v2\/media\/6977"}],"wp:attachment":[{"href":"https:\/\/shop.paulettesauve.com\/fr\/wp-json\/wp\/v2\/media?parent=6979"}],"wp:term":[{"taxonomy":"product_brand","embeddable":true,"href":"https:\/\/shop.paulettesauve.com\/fr\/wp-json\/wp\/v2\/product_brand?post=6979"},{"taxonomy":"product_cat","embeddable":true,"href":"https:\/\/shop.paulettesauve.com\/fr\/wp-json\/wp\/v2\/product_cat?post=6979"},{"taxonomy":"product_tag","embeddable":true,"href":"https:\/\/shop.paulettesauve.com\/fr\/wp-json\/wp\/v2\/product_tag?post=6979"}],"curies":[{"name":"wp","href":"https:\/\/api.w.org\/{rel}","templated":true}]}}