{"id":6972,"date":"2024-09-13T09:17:24","date_gmt":"2024-09-13T13:17:24","guid":{"rendered":"https:\/\/shop.paulettesauve.com\/product\/opus-celeste\/"},"modified":"2024-09-18T15:14:38","modified_gmt":"2024-09-18T19:14:38","slug":"opus-celeste","status":"publish","type":"product","link":"https:\/\/shop.paulettesauve.com\/fr\/produit\/opus-celeste\/","title":{"rendered":"OPUS C\u00c9LESTE"},"content":{"rendered":"<p>OPUS C\u00c9LESTE<\/p>\n","protected":false},"excerpt":{"rendered":"<p><strong>Il s\u2019agit d\u2019un paysage abstrait \u00e0 l\u2019huile et techniques mixtes sur bois.<br \/>\nLes couleurs principales sont l\u2019or, l\u2019orange, la terre de Sienne br\u00fbl\u00e9e et le bleu, cr\u00e9ant un paysage vibrant.<br \/>\nIl est peint \u00e0 l\u2019huile et en techniques mixtes sur une toile qui est une galerie \u00e9tir\u00e9e et encadr\u00e9e.<br \/>\nLa taille est de 61 x 76 cm (24 pouces de haut sur 30 de large), les c\u00f4t\u00e9s en bois sont peints et il est pr\u00eat \u00e0 \u00eatre install\u00e9.    Disponible sur demande, contacter : info@paulettesauve.com  <\/strong><strong><br \/>\n<\/strong><\/p>\n","protected":false},"featured_media":6970,"comment_status":"open","ping_status":"closed","template":"","meta":[],"product_brand":[],"product_cat":[94,176,181],"product_tag":[177,183],"class_list":{"0":"post-6972","1":"product","2":"type-product","3":"status-publish","4":"has-post-thumbnail","6":"product_cat-art","7":"product_cat-huile-sur-techniques-mixtes","8":"product_cat-peintures-abstrait","9":"product_tag-huile-sur-techniques-mixtes","10":"product_tag-peintures-abstrait","12":"first","13":"instock","14":"shipping-taxable","15":"product-type-simple"},"jetpack_sharing_enabled":true,"_links":{"self":[{"href":"https:\/\/shop.paulettesauve.com\/fr\/wp-json\/wp\/v2\/product\/6972","targetHints":{"allow":["GET"]}}],"collection":[{"href":"https:\/\/shop.paulettesauve.com\/fr\/wp-json\/wp\/v2\/product"}],"about":[{"href":"https:\/\/shop.paulettesauve.com\/fr\/wp-json\/wp\/v2\/types\/product"}],"replies":[{"embeddable":true,"href":"https:\/\/shop.paulettesauve.com\/fr\/wp-json\/wp\/v2\/comments?post=6972"}],"version-history":[{"count":1,"href":"https:\/\/shop.paulettesauve.com\/fr\/wp-json\/wp\/v2\/product\/6972\/revisions"}],"predecessor-version":[{"id":7064,"href":"https:\/\/shop.paulettesauve.com\/fr\/wp-json\/wp\/v2\/product\/6972\/revisions\/7064"}],"wp:featuredmedia":[{"embeddable":true,"href":"https:\/\/shop.paulettesauve.com\/fr\/wp-json\/wp\/v2\/media\/6970"}],"wp:attachment":[{"href":"https:\/\/shop.paulettesauve.com\/fr\/wp-json\/wp\/v2\/media?parent=6972"}],"wp:term":[{"taxonomy":"product_brand","embeddable":true,"href":"https:\/\/shop.paulettesauve.com\/fr\/wp-json\/wp\/v2\/product_brand?post=6972"},{"taxonomy":"product_cat","embeddable":true,"href":"https:\/\/shop.paulettesauve.com\/fr\/wp-json\/wp\/v2\/product_cat?post=6972"},{"taxonomy":"product_tag","embeddable":true,"href":"https:\/\/shop.paulettesauve.com\/fr\/wp-json\/wp\/v2\/product_tag?post=6972"}],"curies":[{"name":"wp","href":"https:\/\/api.w.org\/{rel}","templated":true}]}}