{"id":6965,"date":"2024-09-13T08:54:31","date_gmt":"2024-09-13T12:54:31","guid":{"rendered":"https:\/\/shop.paulettesauve.com\/product\/marais-rideau\/"},"modified":"2024-09-18T15:35:59","modified_gmt":"2024-09-18T19:35:59","slug":"marais-rideau","status":"publish","type":"product","link":"https:\/\/shop.paulettesauve.com\/fr\/produit\/marais-rideau\/","title":{"rendered":"MARAIS RIDEAU"},"content":{"rendered":"<p>MARAIS RIDEAU<\/p>\n","protected":false},"excerpt":{"rendered":"<p><strong>Il s\u2019agit d\u2019un paysage abstrait \u00e0 l\u2019huile et techniques mixtes sur toile.<br \/>\nLes couleurs principales sont l\u2019or, l\u2019orange, la terre de Sienne br\u00fbl\u00e9e et le bleu, cr\u00e9ant un paysage vibrant.<br \/>\nIl est peint \u00e0 l\u2019huile et en techniques mixtes sur une toile qui est une galerie \u00e9tir\u00e9e et encadr\u00e9e.<br \/>\nLa taille est de 61 x92 cm (24 pouces de haut sur 36 de large), est encadr\u00e9e et pr\u00eate \u00e0 \u00eatre install\u00e9e.   <\/strong><br \/>\n<strong>Le prix comprend les taxes. Disponible sur demande, contacter : info@paulettesauve.com<\/strong><\/p>\n<p>&nbsp;<\/p>\n","protected":false},"featured_media":6963,"comment_status":"open","ping_status":"closed","template":"","meta":[],"product_brand":[],"product_cat":[94,176,170,181],"product_tag":[183],"class_list":{"0":"post-6965","1":"product","2":"type-product","3":"status-publish","4":"has-post-thumbnail","6":"product_cat-art","7":"product_cat-huile-sur-techniques-mixtes","8":"product_cat-huile-sur-toile","9":"product_cat-peintures-abstrait","10":"product_tag-peintures-abstrait","12":"first","13":"instock","14":"shipping-taxable","15":"product-type-simple"},"jetpack_sharing_enabled":true,"_links":{"self":[{"href":"https:\/\/shop.paulettesauve.com\/fr\/wp-json\/wp\/v2\/product\/6965","targetHints":{"allow":["GET"]}}],"collection":[{"href":"https:\/\/shop.paulettesauve.com\/fr\/wp-json\/wp\/v2\/product"}],"about":[{"href":"https:\/\/shop.paulettesauve.com\/fr\/wp-json\/wp\/v2\/types\/product"}],"replies":[{"embeddable":true,"href":"https:\/\/shop.paulettesauve.com\/fr\/wp-json\/wp\/v2\/comments?post=6965"}],"version-history":[{"count":2,"href":"https:\/\/shop.paulettesauve.com\/fr\/wp-json\/wp\/v2\/product\/6965\/revisions"}],"predecessor-version":[{"id":7074,"href":"https:\/\/shop.paulettesauve.com\/fr\/wp-json\/wp\/v2\/product\/6965\/revisions\/7074"}],"wp:featuredmedia":[{"embeddable":true,"href":"https:\/\/shop.paulettesauve.com\/fr\/wp-json\/wp\/v2\/media\/6963"}],"wp:attachment":[{"href":"https:\/\/shop.paulettesauve.com\/fr\/wp-json\/wp\/v2\/media?parent=6965"}],"wp:term":[{"taxonomy":"product_brand","embeddable":true,"href":"https:\/\/shop.paulettesauve.com\/fr\/wp-json\/wp\/v2\/product_brand?post=6965"},{"taxonomy":"product_cat","embeddable":true,"href":"https:\/\/shop.paulettesauve.com\/fr\/wp-json\/wp\/v2\/product_cat?post=6965"},{"taxonomy":"product_tag","embeddable":true,"href":"https:\/\/shop.paulettesauve.com\/fr\/wp-json\/wp\/v2\/product_tag?post=6965"}],"curies":[{"name":"wp","href":"https:\/\/api.w.org\/{rel}","templated":true}]}}