{"id":6951,"date":"2024-09-12T11:09:15","date_gmt":"2024-09-12T15:09:15","guid":{"rendered":"https:\/\/shop.paulettesauve.com\/product\/riviere-opus-iv\/"},"modified":"2025-04-13T14:37:45","modified_gmt":"2025-04-13T18:37:45","slug":"riviere-opus-iv","status":"publish","type":"product","link":"https:\/\/shop.paulettesauve.com\/fr\/produit\/riviere-opus-iv\/","title":{"rendered":"RIVI\u00c8RE OPUS IV"},"content":{"rendered":"<p>RIVI\u00c8RE OPUS IV<\/p>\n","protected":false},"excerpt":{"rendered":"<h4>Il s\u2019agit d\u2019un technique mixte unique, peint \u00e0 la main sur bois. Un certificat d\u2019authenticit\u00e9 accompagne chaque \u0153uvre d\u2019art. L\u2019artiste, r\u00e9cipiendaire d\u2019une ma\u00eetrise en beaux-arts de l\u2019Universit\u00e9 du Qu\u00e9bec \u00e0 Montr\u00e9al, expose ses \u0153uvres dans des mus\u00e9es, des collections corporatives et priv\u00e9es \u00e0 travers le monde. Avec cette peinture, je me soucie de la protection de la faune, des plantes oc\u00e9aniques et des r\u00e9cifs coralliens. Peint sur un panneau en bois massif, les c\u00f4t\u00e9s sont \u00e9galement peints et ont une \u00e9paisseur de 7 cm. Des crochets sont install\u00e9s \u00e0 l\u2019arri\u00e8re et la taille est de 122 cm de haut sur 61 cm de large sur 7 cm de profondeur.<br \/>\nLe prix comprend les taxes. Les frais de port sont calcul\u00e9s \u00e0 la caisse.<br \/>\nCartes de cr\u00e9dit accept\u00e9es<\/h4>\n[caption id=\"attachment_4280\" align=\"alignnone\" width=\"265\"]<img decoding=\"async\" class=\"size-full wp-image-4280\" src=\"https:\/\/shop.paulettesauve.com\/wp-content\/uploads\/2023\/09\/P-M-Sauve_CREDIT-CARDS-ACCEPTED_1b.jpg\" alt=\".\" width=\"265\" height=\"59\"> Cartes de cr\u00e9dit accept\u00e9es dans PayPal[\/caption]\n","protected":false},"featured_media":6949,"comment_status":"open","ping_status":"closed","template":"","meta":[],"product_brand":[],"product_cat":[181,163],"product_tag":[183,159],"class_list":{"0":"post-6951","1":"product","2":"type-product","3":"status-publish","4":"has-post-thumbnail","6":"product_cat-peintures-abstrait","7":"product_cat-resume-techniques-mixtes","8":"product_tag-peintures-abstrait","9":"product_tag-resume-techniques-mixtes","11":"first","12":"instock","13":"shipping-taxable","14":"purchasable","15":"product-type-simple"},"jetpack_sharing_enabled":true,"_links":{"self":[{"href":"https:\/\/shop.paulettesauve.com\/fr\/wp-json\/wp\/v2\/product\/6951","targetHints":{"allow":["GET"]}}],"collection":[{"href":"https:\/\/shop.paulettesauve.com\/fr\/wp-json\/wp\/v2\/product"}],"about":[{"href":"https:\/\/shop.paulettesauve.com\/fr\/wp-json\/wp\/v2\/types\/product"}],"replies":[{"embeddable":true,"href":"https:\/\/shop.paulettesauve.com\/fr\/wp-json\/wp\/v2\/comments?post=6951"}],"version-history":[{"count":5,"href":"https:\/\/shop.paulettesauve.com\/fr\/wp-json\/wp\/v2\/product\/6951\/revisions"}],"predecessor-version":[{"id":7708,"href":"https:\/\/shop.paulettesauve.com\/fr\/wp-json\/wp\/v2\/product\/6951\/revisions\/7708"}],"wp:featuredmedia":[{"embeddable":true,"href":"https:\/\/shop.paulettesauve.com\/fr\/wp-json\/wp\/v2\/media\/6949"}],"wp:attachment":[{"href":"https:\/\/shop.paulettesauve.com\/fr\/wp-json\/wp\/v2\/media?parent=6951"}],"wp:term":[{"taxonomy":"product_brand","embeddable":true,"href":"https:\/\/shop.paulettesauve.com\/fr\/wp-json\/wp\/v2\/product_brand?post=6951"},{"taxonomy":"product_cat","embeddable":true,"href":"https:\/\/shop.paulettesauve.com\/fr\/wp-json\/wp\/v2\/product_cat?post=6951"},{"taxonomy":"product_tag","embeddable":true,"href":"https:\/\/shop.paulettesauve.com\/fr\/wp-json\/wp\/v2\/product_tag?post=6951"}],"curies":[{"name":"wp","href":"https:\/\/api.w.org\/{rel}","templated":true}]}}