{"id":6944,"date":"2024-09-12T10:56:37","date_gmt":"2024-09-12T14:56:37","guid":{"rendered":"https:\/\/shop.paulettesauve.com\/product\/opus-paysage\/"},"modified":"2024-09-18T15:26:19","modified_gmt":"2024-09-18T19:26:19","slug":"opus-paysage","status":"publish","type":"product","link":"https:\/\/shop.paulettesauve.com\/fr\/produit\/opus-paysage\/","title":{"rendered":"OPUS PAYSAGE"},"content":{"rendered":"<p>OPUS PAYSAGE<\/p>\n","protected":false},"excerpt":{"rendered":"<p><strong>Il s\u2019agit d\u2019un vaste paysage abstrait en techniques mixtes.<br \/>\nLes couleurs principales sont l\u2019or, l\u2019orange, la terre de Sienne br\u00fbl\u00e9e et le bleu, cr\u00e9ant un paysage vibrant.<br \/>\nLa taille est de 76 cm x 153 cm (30 pouces de haut sur 60 de large), est peinte sur les c\u00f4t\u00e9s et est pr\u00eate \u00e0 \u00eatre install\u00e9e.  <\/strong><br \/>\n<strong>Le prix comprend les taxes. Disponible sur demande, contacter : info@paulettesauve.com<\/strong><\/p>\n<p>&nbsp;<\/p>\n","protected":false},"featured_media":6942,"comment_status":"open","ping_status":"closed","template":"","meta":[],"product_brand":[],"product_cat":[176,181],"product_tag":[183],"class_list":{"0":"post-6944","1":"product","2":"type-product","3":"status-publish","4":"has-post-thumbnail","6":"product_cat-huile-sur-techniques-mixtes","7":"product_cat-peintures-abstrait","8":"product_tag-peintures-abstrait","10":"first","11":"instock","12":"shipping-taxable","13":"product-type-simple"},"jetpack_sharing_enabled":true,"_links":{"self":[{"href":"https:\/\/shop.paulettesauve.com\/fr\/wp-json\/wp\/v2\/product\/6944","targetHints":{"allow":["GET"]}}],"collection":[{"href":"https:\/\/shop.paulettesauve.com\/fr\/wp-json\/wp\/v2\/product"}],"about":[{"href":"https:\/\/shop.paulettesauve.com\/fr\/wp-json\/wp\/v2\/types\/product"}],"replies":[{"embeddable":true,"href":"https:\/\/shop.paulettesauve.com\/fr\/wp-json\/wp\/v2\/comments?post=6944"}],"version-history":[{"count":3,"href":"https:\/\/shop.paulettesauve.com\/fr\/wp-json\/wp\/v2\/product\/6944\/revisions"}],"predecessor-version":[{"id":7070,"href":"https:\/\/shop.paulettesauve.com\/fr\/wp-json\/wp\/v2\/product\/6944\/revisions\/7070"}],"wp:featuredmedia":[{"embeddable":true,"href":"https:\/\/shop.paulettesauve.com\/fr\/wp-json\/wp\/v2\/media\/6942"}],"wp:attachment":[{"href":"https:\/\/shop.paulettesauve.com\/fr\/wp-json\/wp\/v2\/media?parent=6944"}],"wp:term":[{"taxonomy":"product_brand","embeddable":true,"href":"https:\/\/shop.paulettesauve.com\/fr\/wp-json\/wp\/v2\/product_brand?post=6944"},{"taxonomy":"product_cat","embeddable":true,"href":"https:\/\/shop.paulettesauve.com\/fr\/wp-json\/wp\/v2\/product_cat?post=6944"},{"taxonomy":"product_tag","embeddable":true,"href":"https:\/\/shop.paulettesauve.com\/fr\/wp-json\/wp\/v2\/product_tag?post=6944"}],"curies":[{"name":"wp","href":"https:\/\/api.w.org\/{rel}","templated":true}]}}