{"id":6925,"date":"2024-09-11T11:23:26","date_gmt":"2024-09-11T15:23:26","guid":{"rendered":"https:\/\/shop.paulettesauve.com\/product\/ancienne-riviere\/"},"modified":"2025-04-14T13:28:35","modified_gmt":"2025-04-14T17:28:35","slug":"ancienne-riviere","status":"publish","type":"product","link":"https:\/\/shop.paulettesauve.com\/fr\/produit\/ancienne-riviere\/","title":{"rendered":"Ancienne rivi\u00e8re"},"content":{"rendered":"<p>Ancienne rivi\u00e8re<\/p>\n","protected":false},"excerpt":{"rendered":"<h3>Il s\u2019agit d\u2019une peinture unique sur panneau de bois. Un certificat d\u2019authenticit\u00e9 accompagne chaque \u0153uvre d\u2019art. L\u2019artiste expose ses \u0153uvres dans des mus\u00e9es, des collections d\u2019entreprises et priv\u00e9es dans le monde entier. Avec cette peinture, elle se soucie de la protection de la faune et des r\u00e9cifs coralliens qui sont essentiels aux organismes aquatiques et \u00e0 la vie marine.<br \/>\nCette peinture est en techniques mixtes sur un panneau de bois massif avec des c\u00f4t\u00e9s qui sont peints, et des crochets sont install\u00e9s \u00e0 l\u2019arri\u00e8re. La taille est de 122 cm de haut sur 61 cm de large sur 7 cm de profondeur.  <\/h3>\n<h3>Le prix comprend les taxes. Les frais de port sont calcul\u00e9s \u00e0 la caisse.<\/h3>\n[caption id=\"attachment_4280\" align=\"alignnone\" width=\"265\"]<img decoding=\"async\" class=\"size-full wp-image-4280\" src=\"https:\/\/shop.paulettesauve.com\/wp-content\/uploads\/2023\/09\/P-M-Sauve_CREDIT-CARDS-ACCEPTED_1b.jpg\" alt=\".\" width=\"265\" height=\"59\"> Cartes de cr\u00e9dit accept\u00e9es dans PayPal[\/caption]\n<h3><\/h3>\n<h3><strong> <\/strong><\/h3>\n","protected":false},"featured_media":6955,"comment_status":"open","ping_status":"closed","template":"","meta":[],"product_brand":[],"product_cat":[199,181,163],"product_tag":[183,159],"class_list":{"0":"post-6925","1":"product","2":"type-product","3":"status-publish","4":"has-post-thumbnail","6":"product_cat-abstrait-techniques-mixtes","7":"product_cat-peintures-abstrait","8":"product_cat-resume-techniques-mixtes","9":"product_tag-peintures-abstrait","10":"product_tag-resume-techniques-mixtes","12":"first","13":"instock","14":"shipping-taxable","15":"purchasable","16":"product-type-simple"},"jetpack_sharing_enabled":true,"_links":{"self":[{"href":"https:\/\/shop.paulettesauve.com\/fr\/wp-json\/wp\/v2\/product\/6925","targetHints":{"allow":["GET"]}}],"collection":[{"href":"https:\/\/shop.paulettesauve.com\/fr\/wp-json\/wp\/v2\/product"}],"about":[{"href":"https:\/\/shop.paulettesauve.com\/fr\/wp-json\/wp\/v2\/types\/product"}],"replies":[{"embeddable":true,"href":"https:\/\/shop.paulettesauve.com\/fr\/wp-json\/wp\/v2\/comments?post=6925"}],"version-history":[{"count":11,"href":"https:\/\/shop.paulettesauve.com\/fr\/wp-json\/wp\/v2\/product\/6925\/revisions"}],"predecessor-version":[{"id":7714,"href":"https:\/\/shop.paulettesauve.com\/fr\/wp-json\/wp\/v2\/product\/6925\/revisions\/7714"}],"wp:featuredmedia":[{"embeddable":true,"href":"https:\/\/shop.paulettesauve.com\/fr\/wp-json\/wp\/v2\/media\/6955"}],"wp:attachment":[{"href":"https:\/\/shop.paulettesauve.com\/fr\/wp-json\/wp\/v2\/media?parent=6925"}],"wp:term":[{"taxonomy":"product_brand","embeddable":true,"href":"https:\/\/shop.paulettesauve.com\/fr\/wp-json\/wp\/v2\/product_brand?post=6925"},{"taxonomy":"product_cat","embeddable":true,"href":"https:\/\/shop.paulettesauve.com\/fr\/wp-json\/wp\/v2\/product_cat?post=6925"},{"taxonomy":"product_tag","embeddable":true,"href":"https:\/\/shop.paulettesauve.com\/fr\/wp-json\/wp\/v2\/product_tag?post=6925"}],"curies":[{"name":"wp","href":"https:\/\/api.w.org\/{rel}","templated":true}]}}