{"id":6907,"date":"2024-09-07T16:30:11","date_gmt":"2024-09-07T20:30:11","guid":{"rendered":"https:\/\/shop.paulettesauve.com\/product\/recif-de-corail-abstrait-v5699\/"},"modified":"2025-02-19T12:35:11","modified_gmt":"2025-02-19T17:35:11","slug":"recif-de-corail-abstrait-v5699","status":"publish","type":"product","link":"https:\/\/shop.paulettesauve.com\/fr\/produit\/recif-de-corail-abstrait-v5699\/","title":{"rendered":"R\u00c9CIF DE CORAIL ABSTRAIT V5699"},"content":{"rendered":"<p>R\u00c9CIF DE CORAIL ABSTRAIT V5699<\/p>\n<p>&nbsp;<\/p>\n","protected":false},"excerpt":{"rendered":"<p><strong>Il s\u2019agit d\u2019une peinture sur toile unique. Un certificat d\u2019authenticit\u00e9 accompagne chaque \u0153uvre d\u2019art. L\u2019artiste a des \u0153uvres d\u2019art dans des mus\u00e9es, des entreprises et des collections priv\u00e9es dans le monde entier.<br \/>\nCette peinture color\u00e9e est une technique mixte sur toile, dans ma s\u00e9rie d\u2019\u0153uvres d\u2019art \u00ab&nbsp;Protect the Coral Reef&nbsp;\u00bb.  <\/strong><strong>La taille non encadr\u00e9e est de 61 cm de haut sur 61 cm de large (24H X 24L pouces).<\/strong><br \/>\n<strong>Le prix comprend les taxes. Les frais d\u2019exp\u00e9dition sont calcul\u00e9s \u00e0 la caisse.<\/strong><\/p>\n[caption id=\"attachment_4280\" align=\"alignnone\" width=\"265\"]<img decoding=\"async\" class=\"size-full wp-image-4280\" src=\"https:\/\/shop.paulettesauve.com\/wp-content\/uploads\/2023\/09\/P-M-Sauve_CREDIT-CARDS-ACCEPTED_1b.jpg\" alt=\".\" width=\"265\" height=\"59\"> Cartes de cr\u00e9dit accept\u00e9es dans PayPal[\/caption]\n","protected":false},"featured_media":6905,"comment_status":"open","ping_status":"closed","template":"","meta":[],"product_brand":[],"product_cat":[134,181,163],"product_tag":[167,135,183],"class_list":{"0":"post-6907","1":"product","2":"type-product","3":"status-publish","4":"has-post-thumbnail","6":"product_cat-acrylique-techniques-mixtes","7":"product_cat-peintures-abstrait","8":"product_cat-resume-techniques-mixtes","9":"product_tag-absract-techniques-mixtes","10":"product_tag-acrylique-techniques-mixtes","11":"product_tag-peintures-abstrait","13":"first","14":"instock","15":"shipping-taxable","16":"purchasable","17":"product-type-simple"},"jetpack_sharing_enabled":true,"_links":{"self":[{"href":"https:\/\/shop.paulettesauve.com\/fr\/wp-json\/wp\/v2\/product\/6907","targetHints":{"allow":["GET"]}}],"collection":[{"href":"https:\/\/shop.paulettesauve.com\/fr\/wp-json\/wp\/v2\/product"}],"about":[{"href":"https:\/\/shop.paulettesauve.com\/fr\/wp-json\/wp\/v2\/types\/product"}],"replies":[{"embeddable":true,"href":"https:\/\/shop.paulettesauve.com\/fr\/wp-json\/wp\/v2\/comments?post=6907"}],"version-history":[{"count":2,"href":"https:\/\/shop.paulettesauve.com\/fr\/wp-json\/wp\/v2\/product\/6907\/revisions"}],"predecessor-version":[{"id":7493,"href":"https:\/\/shop.paulettesauve.com\/fr\/wp-json\/wp\/v2\/product\/6907\/revisions\/7493"}],"wp:featuredmedia":[{"embeddable":true,"href":"https:\/\/shop.paulettesauve.com\/fr\/wp-json\/wp\/v2\/media\/6905"}],"wp:attachment":[{"href":"https:\/\/shop.paulettesauve.com\/fr\/wp-json\/wp\/v2\/media?parent=6907"}],"wp:term":[{"taxonomy":"product_brand","embeddable":true,"href":"https:\/\/shop.paulettesauve.com\/fr\/wp-json\/wp\/v2\/product_brand?post=6907"},{"taxonomy":"product_cat","embeddable":true,"href":"https:\/\/shop.paulettesauve.com\/fr\/wp-json\/wp\/v2\/product_cat?post=6907"},{"taxonomy":"product_tag","embeddable":true,"href":"https:\/\/shop.paulettesauve.com\/fr\/wp-json\/wp\/v2\/product_tag?post=6907"}],"curies":[{"name":"wp","href":"https:\/\/api.w.org\/{rel}","templated":true}]}}