{"id":6655,"date":"2024-08-18T09:13:37","date_gmt":"2024-08-18T13:13:37","guid":{"rendered":"https:\/\/shop.paulettesauve.com\/product\/tapisserie-dessai-2024-08-18-1a\/"},"modified":"2024-09-04T07:27:33","modified_gmt":"2024-09-04T11:27:33","slug":"tapisserie-dessai-2024-08-18-1a","status":"publish","type":"product","link":"https:\/\/shop.paulettesauve.com\/fr\/produit\/tapisserie-dessai-2024-08-18-1a\/","title":{"rendered":"Tapisserie d\u2019essai 2024-08-18-1a"},"content":{"rendered":"<p>Tapisserie d\u2019essai 2024-08-18-1a<\/p>\n","protected":false},"excerpt":{"rendered":"<p>Tapisserie d\u2019essai 2024-08-18-1a Poids = 0.5k 72 X 72 cm Cartes de cr\u00e9dit accept\u00e9es \u00e0 la caisse [caption id=\"attachment_4280\" align=\"alignnone\" width=\"265\"]<img decoding=\"async\" class=\"size-full wp-image-4280\" src=\"https:\/\/shop.paulettesauve.com\/wp-content\/uploads\/2023\/09\/P-M-Sauve_CREDIT-CARDS-ACCEPTED_1b.jpg\" alt=\"CARTES DE CR\u00c9DIT ACCEPT\u00c9ES\" width=\"265\" height=\"59\"> Cartes de cr\u00e9dit accept\u00e9es dans PayPal[\/caption]<\/p>\n","protected":false},"featured_media":6653,"comment_status":"open","ping_status":"closed","template":"","meta":[],"product_brand":[],"product_cat":[51],"product_tag":[],"class_list":{"0":"post-6655","1":"product","2":"type-product","3":"status-publish","4":"has-post-thumbnail","6":"product_cat-non-classifiee","8":"first","9":"outofstock","10":"taxable","11":"shipping-taxable","12":"purchasable","13":"product-type-simple"},"jetpack_sharing_enabled":true,"_links":{"self":[{"href":"https:\/\/shop.paulettesauve.com\/fr\/wp-json\/wp\/v2\/product\/6655","targetHints":{"allow":["GET"]}}],"collection":[{"href":"https:\/\/shop.paulettesauve.com\/fr\/wp-json\/wp\/v2\/product"}],"about":[{"href":"https:\/\/shop.paulettesauve.com\/fr\/wp-json\/wp\/v2\/types\/product"}],"replies":[{"embeddable":true,"href":"https:\/\/shop.paulettesauve.com\/fr\/wp-json\/wp\/v2\/comments?post=6655"}],"version-history":[{"count":1,"href":"https:\/\/shop.paulettesauve.com\/fr\/wp-json\/wp\/v2\/product\/6655\/revisions"}],"predecessor-version":[{"id":6657,"href":"https:\/\/shop.paulettesauve.com\/fr\/wp-json\/wp\/v2\/product\/6655\/revisions\/6657"}],"wp:featuredmedia":[{"embeddable":true,"href":"https:\/\/shop.paulettesauve.com\/fr\/wp-json\/wp\/v2\/media\/6653"}],"wp:attachment":[{"href":"https:\/\/shop.paulettesauve.com\/fr\/wp-json\/wp\/v2\/media?parent=6655"}],"wp:term":[{"taxonomy":"product_brand","embeddable":true,"href":"https:\/\/shop.paulettesauve.com\/fr\/wp-json\/wp\/v2\/product_brand?post=6655"},{"taxonomy":"product_cat","embeddable":true,"href":"https:\/\/shop.paulettesauve.com\/fr\/wp-json\/wp\/v2\/product_cat?post=6655"},{"taxonomy":"product_tag","embeddable":true,"href":"https:\/\/shop.paulettesauve.com\/fr\/wp-json\/wp\/v2\/product_tag?post=6655"}],"curies":[{"name":"wp","href":"https:\/\/api.w.org\/{rel}","templated":true}]}}