{"id":6549,"date":"2024-08-04T11:09:25","date_gmt":"2024-08-04T15:09:25","guid":{"rendered":"https:\/\/shop.paulettesauve.com\/product\/glace-sur-recif-corallien-v8943\/"},"modified":"2025-03-24T07:32:01","modified_gmt":"2025-03-24T11:32:01","slug":"glace-sur-recif-corallien-v8943","status":"publish","type":"product","link":"https:\/\/shop.paulettesauve.com\/fr\/produit\/glace-sur-recif-corallien-v8943\/","title":{"rendered":"FONTE DES GLACES ET R\u00c9CIF CORALLIEN V8943"},"content":{"rendered":"<p>FONTE DES GLACES ET R\u00c9CIF CORALLIEN V8943<\/p>\n","protected":false},"excerpt":{"rendered":"<p><strong>Il s\u2019agit d\u2019une peinture sur toile unique. Un certificat d\u2019authenticit\u00e9 accompagne chaque \u0153uvre d\u2019art. L\u2019artiste a des \u0153uvres d\u2019art dans des mus\u00e9es, des entreprises et des collections priv\u00e9es dans le monde entier.<br \/>\nAvec cette peinture, je m\u2019inqui\u00e8te de la fonte des glaciers et du blanchiment des r\u00e9cifs coralliens !    <\/strong><strong>Nous devons prot\u00e9ger la faune, comme les r\u00e9cifs coralliens qui sont essentiels aux organismes aquatiques et \u00e0 la vie marine dans les oc\u00e9ans.  <\/strong><strong>Cette peinture color\u00e9e est un m\u00e9lange de techniques sur toile, dans ma s\u00e9rie d\u2019\u0153uvres d\u2019art \u00ab&nbsp;Protect the Coral Reef&nbsp;\u00bb.<\/strong><\/p>\n<p><strong>Les c\u00f4t\u00e9s sont peints, des crochets de suspension sont install\u00e9s \u00e0 l\u2019arri\u00e8re, la taille non encadr\u00e9e est de 69 cm de haut sur 69 cm de large (27 x 27 pouces).<\/strong><br \/>\n<strong>Le prix comprend les taxes.  <\/strong><strong>  Les frais d\u2019exp\u00e9dition sont calcul\u00e9s \u00e0 la caisse.<\/strong><\/p>\n<p>&nbsp;<\/p>\n[caption id=\"attachment_4280\" align=\"alignnone\" width=\"265\"]<img decoding=\"async\" class=\"size-full wp-image-4280\" src=\"https:\/\/shop.paulettesauve.com\/wp-content\/uploads\/2023\/09\/P-M-Sauve_CREDIT-CARDS-ACCEPTED_1b.jpg\" alt=\".\" width=\"265\" height=\"59\"> Cartes de cr\u00e9dit accept\u00e9es dans PayPal[\/caption]\n","protected":false},"featured_media":6547,"comment_status":"open","ping_status":"closed","template":"","meta":[],"product_brand":[],"product_cat":[134,181,163],"product_tag":[135,183,159],"class_list":{"0":"post-6549","1":"product","2":"type-product","3":"status-publish","4":"has-post-thumbnail","6":"product_cat-acrylique-techniques-mixtes","7":"product_cat-peintures-abstrait","8":"product_cat-resume-techniques-mixtes","9":"product_tag-acrylique-techniques-mixtes","10":"product_tag-peintures-abstrait","11":"product_tag-resume-techniques-mixtes","13":"first","14":"instock","15":"shipping-taxable","16":"purchasable","17":"product-type-simple"},"jetpack_sharing_enabled":true,"_links":{"self":[{"href":"https:\/\/shop.paulettesauve.com\/fr\/wp-json\/wp\/v2\/product\/6549","targetHints":{"allow":["GET"]}}],"collection":[{"href":"https:\/\/shop.paulettesauve.com\/fr\/wp-json\/wp\/v2\/product"}],"about":[{"href":"https:\/\/shop.paulettesauve.com\/fr\/wp-json\/wp\/v2\/types\/product"}],"replies":[{"embeddable":true,"href":"https:\/\/shop.paulettesauve.com\/fr\/wp-json\/wp\/v2\/comments?post=6549"}],"version-history":[{"count":10,"href":"https:\/\/shop.paulettesauve.com\/fr\/wp-json\/wp\/v2\/product\/6549\/revisions"}],"predecessor-version":[{"id":7595,"href":"https:\/\/shop.paulettesauve.com\/fr\/wp-json\/wp\/v2\/product\/6549\/revisions\/7595"}],"wp:featuredmedia":[{"embeddable":true,"href":"https:\/\/shop.paulettesauve.com\/fr\/wp-json\/wp\/v2\/media\/6547"}],"wp:attachment":[{"href":"https:\/\/shop.paulettesauve.com\/fr\/wp-json\/wp\/v2\/media?parent=6549"}],"wp:term":[{"taxonomy":"product_brand","embeddable":true,"href":"https:\/\/shop.paulettesauve.com\/fr\/wp-json\/wp\/v2\/product_brand?post=6549"},{"taxonomy":"product_cat","embeddable":true,"href":"https:\/\/shop.paulettesauve.com\/fr\/wp-json\/wp\/v2\/product_cat?post=6549"},{"taxonomy":"product_tag","embeddable":true,"href":"https:\/\/shop.paulettesauve.com\/fr\/wp-json\/wp\/v2\/product_tag?post=6549"}],"curies":[{"name":"wp","href":"https:\/\/api.w.org\/{rel}","templated":true}]}}