{"id":6520,"date":"2024-07-09T09:39:29","date_gmt":"2024-07-09T13:39:29","guid":{"rendered":"https:\/\/shop.paulettesauve.com\/product\/coral-reef-electronique-v8608\/"},"modified":"2024-09-13T22:48:42","modified_gmt":"2024-09-14T02:48:42","slug":"recif-corallien-electronique-v8608","status":"publish","type":"product","link":"https:\/\/shop.paulettesauve.com\/fr\/produit\/recif-corallien-electronique-v8608\/","title":{"rendered":"R\u00c9CIF DE CORAIL \u00c9lectronique V8608"},"content":{"rendered":"<p>R\u00c9CIF DE CORAIL \u00c9lectronique V8608<\/p>\n","protected":false},"excerpt":{"rendered":"<h4>Tapisserie color\u00e9e tiss\u00e9e \u00e0 la main inspir\u00e9e par de magnifiques r\u00e9cifs coralliens en voie de disparition.<\/h4>\n<h4>Une animation \u00e9lectronique spectaculaire est produite lorsque le spectateur parle.<\/h4>\n<h4>Fibres optiques tiss\u00e9es avec des fils de chenille de coton et de rayonne. Dimensions du cadre : 39 x 64 cm (15 x 25 pouces) Le prix comprend toutes les taxes Cartes de cr\u00e9dit accept\u00e9es \u00e0 la caisse Pour un devis, contactez : info@paulettesauve.com<\/h4>\n","protected":false},"featured_media":6518,"comment_status":"open","ping_status":"closed","template":"","meta":[],"product_brand":[],"product_cat":[163,65,66],"product_tag":[159,69,72],"class_list":{"0":"post-6520","1":"product","2":"type-product","3":"status-publish","4":"has-post-thumbnail","6":"product_cat-resume-techniques-mixtes","7":"product_cat-tapisserie","8":"product_cat-tapisseries-fr","9":"product_tag-resume-techniques-mixtes","10":"product_tag-tapisserie","11":"product_tag-tapisseries","13":"first","14":"outofstock","15":"shipping-taxable","16":"product-type-simple"},"jetpack_sharing_enabled":true,"_links":{"self":[{"href":"https:\/\/shop.paulettesauve.com\/fr\/wp-json\/wp\/v2\/product\/6520","targetHints":{"allow":["GET"]}}],"collection":[{"href":"https:\/\/shop.paulettesauve.com\/fr\/wp-json\/wp\/v2\/product"}],"about":[{"href":"https:\/\/shop.paulettesauve.com\/fr\/wp-json\/wp\/v2\/types\/product"}],"replies":[{"embeddable":true,"href":"https:\/\/shop.paulettesauve.com\/fr\/wp-json\/wp\/v2\/comments?post=6520"}],"version-history":[{"count":4,"href":"https:\/\/shop.paulettesauve.com\/fr\/wp-json\/wp\/v2\/product\/6520\/revisions"}],"predecessor-version":[{"id":7417,"href":"https:\/\/shop.paulettesauve.com\/fr\/wp-json\/wp\/v2\/product\/6520\/revisions\/7417"}],"wp:featuredmedia":[{"embeddable":true,"href":"https:\/\/shop.paulettesauve.com\/fr\/wp-json\/wp\/v2\/media\/6518"}],"wp:attachment":[{"href":"https:\/\/shop.paulettesauve.com\/fr\/wp-json\/wp\/v2\/media?parent=6520"}],"wp:term":[{"taxonomy":"product_brand","embeddable":true,"href":"https:\/\/shop.paulettesauve.com\/fr\/wp-json\/wp\/v2\/product_brand?post=6520"},{"taxonomy":"product_cat","embeddable":true,"href":"https:\/\/shop.paulettesauve.com\/fr\/wp-json\/wp\/v2\/product_cat?post=6520"},{"taxonomy":"product_tag","embeddable":true,"href":"https:\/\/shop.paulettesauve.com\/fr\/wp-json\/wp\/v2\/product_tag?post=6520"}],"curies":[{"name":"wp","href":"https:\/\/api.w.org\/{rel}","templated":true}]}}