{"id":6493,"date":"2024-07-04T10:50:40","date_gmt":"2024-07-04T14:50:40","guid":{"rendered":"https:\/\/shop.paulettesauve.com\/product\/coral-reef-v8612\/"},"modified":"2025-10-22T20:25:14","modified_gmt":"2025-10-23T00:25:14","slug":"recif-de-corail-v8612","status":"publish","type":"product","link":"https:\/\/shop.paulettesauve.com\/fr\/produit\/recif-de-corail-v8612\/","title":{"rendered":"R\u00c9CIF DE CORAIL V8612"},"content":{"rendered":"<p>R\u00c9CIF DE CORAIL V8612<\/p>\n","protected":false},"excerpt":{"rendered":"<h5>Tapisserie color\u00e9e tiss\u00e9e \u00e0 la main inspir\u00e9e par de magnifiques r\u00e9cifs coralliens qui sont en voie de disparition &#8211; fils de coton et de bambou. Cette tapisserie est encadr\u00e9e en bois, et les dimensions sont : 26 par 71 cm.<\/h5>\n<h5>Le prix comprend toutes les taxes Cartes de cr\u00e9dit accept\u00e9es \u00e0 la caisse<\/h5>\n[caption id=\"attachment_4280\" align=\"alignnone\" width=\"265\"]<img decoding=\"async\" class=\"size-full wp-image-4280\" src=\"https:\/\/shop.paulettesauve.com\/wp-content\/uploads\/2023\/09\/P-M-Sauve_CREDIT-CARDS-ACCEPTED_1b.jpg\" alt=\"CARTES DE CR\u00c9DIT ACCEPT\u00c9ES\" width=\"265\" height=\"59\" \/> Cartes de cr\u00e9dit accept\u00e9es dans PayPal[\/caption]\n","protected":false},"featured_media":6491,"comment_status":"open","ping_status":"closed","template":"","meta":[],"product_brand":[],"product_cat":[116,163,66],"product_tag":[117,159,72],"class_list":{"0":"post-6493","1":"product","2":"type-product","3":"status-publish","4":"has-post-thumbnail","6":"product_cat-proteger-la-faune","7":"product_cat-resume-techniques-mixtes","8":"product_cat-tapisseries-fr","9":"product_tag-proteger-la-faune","10":"product_tag-resume-techniques-mixtes","11":"product_tag-tapisseries","13":"first","14":"instock","15":"shipping-taxable","16":"purchasable","17":"product-type-simple"},"jetpack_sharing_enabled":true,"_links":{"self":[{"href":"https:\/\/shop.paulettesauve.com\/fr\/wp-json\/wp\/v2\/product\/6493","targetHints":{"allow":["GET"]}}],"collection":[{"href":"https:\/\/shop.paulettesauve.com\/fr\/wp-json\/wp\/v2\/product"}],"about":[{"href":"https:\/\/shop.paulettesauve.com\/fr\/wp-json\/wp\/v2\/types\/product"}],"replies":[{"embeddable":true,"href":"https:\/\/shop.paulettesauve.com\/fr\/wp-json\/wp\/v2\/comments?post=6493"}],"version-history":[{"count":5,"href":"https:\/\/shop.paulettesauve.com\/fr\/wp-json\/wp\/v2\/product\/6493\/revisions"}],"predecessor-version":[{"id":7860,"href":"https:\/\/shop.paulettesauve.com\/fr\/wp-json\/wp\/v2\/product\/6493\/revisions\/7860"}],"wp:featuredmedia":[{"embeddable":true,"href":"https:\/\/shop.paulettesauve.com\/fr\/wp-json\/wp\/v2\/media\/6491"}],"wp:attachment":[{"href":"https:\/\/shop.paulettesauve.com\/fr\/wp-json\/wp\/v2\/media?parent=6493"}],"wp:term":[{"taxonomy":"product_brand","embeddable":true,"href":"https:\/\/shop.paulettesauve.com\/fr\/wp-json\/wp\/v2\/product_brand?post=6493"},{"taxonomy":"product_cat","embeddable":true,"href":"https:\/\/shop.paulettesauve.com\/fr\/wp-json\/wp\/v2\/product_cat?post=6493"},{"taxonomy":"product_tag","embeddable":true,"href":"https:\/\/shop.paulettesauve.com\/fr\/wp-json\/wp\/v2\/product_tag?post=6493"}],"curies":[{"name":"wp","href":"https:\/\/api.w.org\/{rel}","templated":true}]}}