{"id":6463,"date":"2024-06-27T16:29:00","date_gmt":"2024-06-27T20:29:00","guid":{"rendered":"https:\/\/shop.paulettesauve.com\/product\/coral-reef-v8891\/"},"modified":"2025-09-08T10:52:42","modified_gmt":"2025-09-08T14:52:42","slug":"recif-corallien-v8891","status":"publish","type":"product","link":"https:\/\/shop.paulettesauve.com\/fr\/produit\/recif-corallien-v8891\/","title":{"rendered":"R\u00c9CIF DE CORAIL V8891"},"content":{"rendered":"<p>R\u00c9CIF DE CORAIL V8891<\/p>\n","protected":false},"excerpt":{"rendered":"<h5>Tiss\u00e9 \u00e0 la main sur un m\u00e9tier \u00e0 tisser vertical de style Gobelins, cette tapisserie color\u00e9e, inspir\u00e9e par les r\u00e9cifs coralliens magnifiques qui doivent \u00eatre prot\u00e9ger, est tiss\u00e9e en fils de laine et de soie.\u00a0 Cette forme organique et irr\u00e9guli\u00e8re rappelle ma tapisserie intitul\u00e9e \u00ab Mutation\u00bb, et est tendue sur un cadre en bois, dimensions : 122 x 89 cm.\u00a0 Pour information, contacter l&rsquo;artiste : paulette@paulettesauve.com<\/h5>\n","protected":false},"featured_media":6467,"comment_status":"open","ping_status":"closed","template":"","meta":[],"product_brand":[],"product_cat":[116,65,66],"product_tag":[117,69,72],"class_list":{"0":"post-6463","1":"product","2":"type-product","3":"status-publish","4":"has-post-thumbnail","6":"product_cat-proteger-la-faune","7":"product_cat-tapisserie","8":"product_cat-tapisseries-fr","9":"product_tag-proteger-la-faune","10":"product_tag-tapisserie","11":"product_tag-tapisseries","13":"first","14":"instock","15":"shipping-taxable","16":"product-type-simple"},"jetpack_sharing_enabled":true,"_links":{"self":[{"href":"https:\/\/shop.paulettesauve.com\/fr\/wp-json\/wp\/v2\/product\/6463","targetHints":{"allow":["GET"]}}],"collection":[{"href":"https:\/\/shop.paulettesauve.com\/fr\/wp-json\/wp\/v2\/product"}],"about":[{"href":"https:\/\/shop.paulettesauve.com\/fr\/wp-json\/wp\/v2\/types\/product"}],"replies":[{"embeddable":true,"href":"https:\/\/shop.paulettesauve.com\/fr\/wp-json\/wp\/v2\/comments?post=6463"}],"version-history":[{"count":10,"href":"https:\/\/shop.paulettesauve.com\/fr\/wp-json\/wp\/v2\/product\/6463\/revisions"}],"predecessor-version":[{"id":7848,"href":"https:\/\/shop.paulettesauve.com\/fr\/wp-json\/wp\/v2\/product\/6463\/revisions\/7848"}],"wp:featuredmedia":[{"embeddable":true,"href":"https:\/\/shop.paulettesauve.com\/fr\/wp-json\/wp\/v2\/media\/6467"}],"wp:attachment":[{"href":"https:\/\/shop.paulettesauve.com\/fr\/wp-json\/wp\/v2\/media?parent=6463"}],"wp:term":[{"taxonomy":"product_brand","embeddable":true,"href":"https:\/\/shop.paulettesauve.com\/fr\/wp-json\/wp\/v2\/product_brand?post=6463"},{"taxonomy":"product_cat","embeddable":true,"href":"https:\/\/shop.paulettesauve.com\/fr\/wp-json\/wp\/v2\/product_cat?post=6463"},{"taxonomy":"product_tag","embeddable":true,"href":"https:\/\/shop.paulettesauve.com\/fr\/wp-json\/wp\/v2\/product_tag?post=6463"}],"curies":[{"name":"wp","href":"https:\/\/api.w.org\/{rel}","templated":true}]}}