{"id":6391,"date":"2024-06-01T08:42:39","date_gmt":"2024-06-01T12:42:39","guid":{"rendered":"https:\/\/shop.paulettesauve.com\/product\/coral-reef-v8608\/"},"modified":"2025-01-22T11:42:07","modified_gmt":"2025-01-22T16:42:07","slug":"recif-corallien-v8608-2","status":"publish","type":"product","link":"https:\/\/shop.paulettesauve.com\/fr\/produit\/recif-corallien-v8608-2\/","title":{"rendered":"CORAL REEF V8608-EL"},"content":{"rendered":"<p>CORAL REEF V8608-EL<\/p>\n<p>chenille de rayonne de coton 16 par 29 pouces SKU378608<\/p>\n","protected":false},"excerpt":{"rendered":"<p><strong>Cette tapisserie repr\u00e9sente les charmants r\u00e9cifs coralliens qui doivent \u00eatre prot\u00e9g\u00e9s pour la diversit\u00e9 de l\u2019\u00e9cosyst\u00e8me. Cet Art Num\u00e9rique, cr\u00e9\u00e9 sur ordinateur par l\u2019artiste, est tiss\u00e9 \u00e0 la main sur un Jacquard TC2 en fils de chenille de coton et de rayonne, fibre optique, minuscules lumi\u00e8res LED anim\u00e9es par un dispositif micro\u00e9lectronique.  <\/strong><\/p>\n<p><strong>Cette tapisserie est magnifiquement install\u00e9e dans un cadre en bois, et les dimensions sont de 43 x 69 cm (17&#215;27 pouces). Il est pr\u00eat \u00e0 \u00eatre accroch\u00e9 dans votre maison ou votre bureau. <\/strong><br \/>\n<strong>Pour obtenir un devis, veuillez contacter :<\/strong><br \/>\n<strong>info@paulettesauve.com<\/strong><\/p>\n","protected":false},"featured_media":6389,"comment_status":"open","ping_status":"closed","template":"","meta":[],"product_brand":[],"product_cat":[99,208],"product_tag":[101,209],"class_list":{"0":"post-6391","1":"product","2":"type-product","3":"status-publish","4":"has-post-thumbnail","6":"product_cat-art-electronique","7":"product_cat-art-numerique-fr-2","8":"product_tag-art-electronique","9":"product_tag-art-numerique-fr-3","11":"first","12":"instock","13":"shipping-taxable","14":"product-type-simple"},"jetpack_sharing_enabled":true,"_links":{"self":[{"href":"https:\/\/shop.paulettesauve.com\/fr\/wp-json\/wp\/v2\/product\/6391","targetHints":{"allow":["GET"]}}],"collection":[{"href":"https:\/\/shop.paulettesauve.com\/fr\/wp-json\/wp\/v2\/product"}],"about":[{"href":"https:\/\/shop.paulettesauve.com\/fr\/wp-json\/wp\/v2\/types\/product"}],"replies":[{"embeddable":true,"href":"https:\/\/shop.paulettesauve.com\/fr\/wp-json\/wp\/v2\/comments?post=6391"}],"version-history":[{"count":14,"href":"https:\/\/shop.paulettesauve.com\/fr\/wp-json\/wp\/v2\/product\/6391\/revisions"}],"predecessor-version":[{"id":7342,"href":"https:\/\/shop.paulettesauve.com\/fr\/wp-json\/wp\/v2\/product\/6391\/revisions\/7342"}],"wp:featuredmedia":[{"embeddable":true,"href":"https:\/\/shop.paulettesauve.com\/fr\/wp-json\/wp\/v2\/media\/6389"}],"wp:attachment":[{"href":"https:\/\/shop.paulettesauve.com\/fr\/wp-json\/wp\/v2\/media?parent=6391"}],"wp:term":[{"taxonomy":"product_brand","embeddable":true,"href":"https:\/\/shop.paulettesauve.com\/fr\/wp-json\/wp\/v2\/product_brand?post=6391"},{"taxonomy":"product_cat","embeddable":true,"href":"https:\/\/shop.paulettesauve.com\/fr\/wp-json\/wp\/v2\/product_cat?post=6391"},{"taxonomy":"product_tag","embeddable":true,"href":"https:\/\/shop.paulettesauve.com\/fr\/wp-json\/wp\/v2\/product_tag?post=6391"}],"curies":[{"name":"wp","href":"https:\/\/api.w.org\/{rel}","templated":true}]}}