{"id":6210,"date":"2024-02-29T10:24:09","date_gmt":"2024-02-29T15:24:09","guid":{"rendered":"https:\/\/shop.paulettesauve.com\/product\/couverture-mediatique\/"},"modified":"2024-02-29T11:28:14","modified_gmt":"2024-02-29T16:28:14","slug":"mediatisation","status":"publish","type":"product","link":"https:\/\/shop.paulettesauve.com\/fr\/produit\/mediatisation\/","title":{"rendered":"COUVERTURE M\u00c9DIATIQUE"},"content":{"rendered":"","protected":false},"excerpt":{"rendered":"<h3>Des commissaires et des journalistes pr\u00e9sentent des \u0153uvres de Paulette-Marie Sauv\u00e9 <a href=\"https:\/\/shop.paulettesauve.com\/elementor-6211\/\">https:\/\/shop.paulettesauve.com\/elementor-6211\/<\/a><\/h3>\n<p>https:\/\/shop.paulettesauve.com\/elementor-6211\/<\/p>\n","protected":false},"featured_media":6208,"comment_status":"open","ping_status":"closed","template":"","meta":[],"product_brand":[],"product_cat":[112,76],"product_tag":[],"class_list":{"0":"post-6210","1":"product","2":"type-product","3":"status-publish","4":"has-post-thumbnail","6":"product_cat-couverture-mediatique","7":"product_cat-publications-fr","9":"first","10":"instock","11":"taxable","12":"shipping-taxable","13":"product-type-simple"},"jetpack_sharing_enabled":true,"_links":{"self":[{"href":"https:\/\/shop.paulettesauve.com\/fr\/wp-json\/wp\/v2\/product\/6210","targetHints":{"allow":["GET"]}}],"collection":[{"href":"https:\/\/shop.paulettesauve.com\/fr\/wp-json\/wp\/v2\/product"}],"about":[{"href":"https:\/\/shop.paulettesauve.com\/fr\/wp-json\/wp\/v2\/types\/product"}],"replies":[{"embeddable":true,"href":"https:\/\/shop.paulettesauve.com\/fr\/wp-json\/wp\/v2\/comments?post=6210"}],"version-history":[{"count":3,"href":"https:\/\/shop.paulettesauve.com\/fr\/wp-json\/wp\/v2\/product\/6210\/revisions"}],"predecessor-version":[{"id":6242,"href":"https:\/\/shop.paulettesauve.com\/fr\/wp-json\/wp\/v2\/product\/6210\/revisions\/6242"}],"wp:featuredmedia":[{"embeddable":true,"href":"https:\/\/shop.paulettesauve.com\/fr\/wp-json\/wp\/v2\/media\/6208"}],"wp:attachment":[{"href":"https:\/\/shop.paulettesauve.com\/fr\/wp-json\/wp\/v2\/media?parent=6210"}],"wp:term":[{"taxonomy":"product_brand","embeddable":true,"href":"https:\/\/shop.paulettesauve.com\/fr\/wp-json\/wp\/v2\/product_brand?post=6210"},{"taxonomy":"product_cat","embeddable":true,"href":"https:\/\/shop.paulettesauve.com\/fr\/wp-json\/wp\/v2\/product_cat?post=6210"},{"taxonomy":"product_tag","embeddable":true,"href":"https:\/\/shop.paulettesauve.com\/fr\/wp-json\/wp\/v2\/product_tag?post=6210"}],"curies":[{"name":"wp","href":"https:\/\/api.w.org\/{rel}","templated":true}]}}