{"id":6159,"date":"2024-02-21T10:13:21","date_gmt":"2024-02-21T15:13:21","guid":{"rendered":"https:\/\/shop.paulettesauve.com\/product\/recif-de-corail-v714\/"},"modified":"2025-03-24T07:37:50","modified_gmt":"2025-03-24T11:37:50","slug":"recif-corail-v714","status":"publish","type":"product","link":"https:\/\/shop.paulettesauve.com\/fr\/produit\/recif-corail-v714\/","title":{"rendered":"R\u00c9CIF DE CORAIL V5720"},"content":{"rendered":"<p>R\u00c9CIF DE CORAIL V5720<\/p>\n","protected":false},"excerpt":{"rendered":"<h4>Il s\u2019agit d\u2019une peinture sur toile unique. Un certificat d\u2019authenticit\u00e9 accompagne chaque \u0153uvre d\u2019art. L\u2019artiste, titulaire d\u2019une ma\u00eetrise en beaux-arts de l\u2019Universit\u00e9 du Qu\u00e9bec \u00e0 Montr\u00e9al, poss\u00e8de des \u0153uvres d\u2019art dans des collections mus\u00e9ales, corporatives et priv\u00e9es dans le monde entier.<br \/>\nCette peinture color\u00e9e est une technique mixte sur toile, dans ma s\u00e9rie d\u2019\u0153uvres d\u2019art \u00ab&nbsp;Protect the Coral Reef&nbsp;\u00bb.<\/h4>\n<h4>La taille non encadr\u00e9e est de 69 cm de haut par 69 cm de large (27H X 27W pouces).<\/h4>\n<h4>Le prix comprend les taxes. Les frais d\u2019exp\u00e9dition sont calcul\u00e9s \u00e0 la caisse.<\/h4>\n<p><img decoding=\"async\" class=\"alignnone size-full wp-image-4280\" src=\"https:\/\/shop.paulettesauve.com\/wp-content\/uploads\/2023\/09\/P-M-Sauve_CREDIT-CARDS-ACCEPTED_1b.jpg\" alt=\".\" width=\"265\" height=\"59\"><\/p>\n","protected":false},"featured_media":6342,"comment_status":"open","ping_status":"closed","template":"","meta":[],"product_brand":[],"product_cat":[134,181,163],"product_tag":[167,135,183],"class_list":{"0":"post-6159","1":"product","2":"type-product","3":"status-publish","4":"has-post-thumbnail","6":"product_cat-acrylique-techniques-mixtes","7":"product_cat-peintures-abstrait","8":"product_cat-resume-techniques-mixtes","9":"product_tag-absract-techniques-mixtes","10":"product_tag-acrylique-techniques-mixtes","11":"product_tag-peintures-abstrait","13":"first","14":"instock","15":"shipping-taxable","16":"purchasable","17":"product-type-simple"},"jetpack_sharing_enabled":true,"_links":{"self":[{"href":"https:\/\/shop.paulettesauve.com\/fr\/wp-json\/wp\/v2\/product\/6159","targetHints":{"allow":["GET"]}}],"collection":[{"href":"https:\/\/shop.paulettesauve.com\/fr\/wp-json\/wp\/v2\/product"}],"about":[{"href":"https:\/\/shop.paulettesauve.com\/fr\/wp-json\/wp\/v2\/types\/product"}],"replies":[{"embeddable":true,"href":"https:\/\/shop.paulettesauve.com\/fr\/wp-json\/wp\/v2\/comments?post=6159"}],"version-history":[{"count":9,"href":"https:\/\/shop.paulettesauve.com\/fr\/wp-json\/wp\/v2\/product\/6159\/revisions"}],"predecessor-version":[{"id":7491,"href":"https:\/\/shop.paulettesauve.com\/fr\/wp-json\/wp\/v2\/product\/6159\/revisions\/7491"}],"wp:featuredmedia":[{"embeddable":true,"href":"https:\/\/shop.paulettesauve.com\/fr\/wp-json\/wp\/v2\/media\/6342"}],"wp:attachment":[{"href":"https:\/\/shop.paulettesauve.com\/fr\/wp-json\/wp\/v2\/media?parent=6159"}],"wp:term":[{"taxonomy":"product_brand","embeddable":true,"href":"https:\/\/shop.paulettesauve.com\/fr\/wp-json\/wp\/v2\/product_brand?post=6159"},{"taxonomy":"product_cat","embeddable":true,"href":"https:\/\/shop.paulettesauve.com\/fr\/wp-json\/wp\/v2\/product_cat?post=6159"},{"taxonomy":"product_tag","embeddable":true,"href":"https:\/\/shop.paulettesauve.com\/fr\/wp-json\/wp\/v2\/product_tag?post=6159"}],"curies":[{"name":"wp","href":"https:\/\/api.w.org\/{rel}","templated":true}]}}