{"id":6126,"date":"2024-01-26T09:15:23","date_gmt":"2024-01-26T14:15:23","guid":{"rendered":"https:\/\/shop.paulettesauve.com\/product\/fresco-higher-vision-m-q-w\/"},"modified":"2024-09-18T16:09:33","modified_gmt":"2024-09-18T20:09:33","slug":"fresco-vision-superieure-m-q-w","status":"publish","type":"product","link":"https:\/\/shop.paulettesauve.com\/fr\/produit\/fresco-vision-superieure-m-q-w\/","title":{"rendered":"FRESCO HIGHER VISION M.Q.W."},"content":{"rendered":"<p>FRESQUE VISION SUP\u00c9RIEURE M.Q.W.  &nbsp;<\/p>\n","protected":false},"excerpt":{"rendered":"<h4><strong>Cr\u00e9\u00e9 en 2015, inspir\u00e9 par la Basilique Marie-Qween du Monde.<\/strong><br \/>\n<strong>Montage photo num\u00e9rique, encre d\u2019archives sur aluminium<\/strong><\/h4>\n<h4><strong>Taille encadr\u00e9e : 100 cm de haut sur 131 cm de large.<\/strong><br \/>\n<strong>Le prix comprend les taxes. Disponible sur demande, contacter : info@paulettesauve.com  <\/strong><\/h4>\n<p>&nbsp;<\/p>\n<p>&nbsp;<\/p>\n","protected":false},"featured_media":6124,"comment_status":"open","ping_status":"closed","template":"","meta":[],"product_brand":[],"product_cat":[94,174,59,185],"product_tag":[148,73],"class_list":{"0":"post-6126","1":"product","2":"type-product","3":"status-publish","4":"has-post-thumbnail","6":"product_cat-art","7":"product_cat-encre-darchives-sur-aluminium","8":"product_cat-peintures","9":"product_cat-peintures-paysages-urbains","10":"product_tag-cityscape-fr","11":"product_tag-encre-darchivage-sur-aluminium","13":"first","14":"instock","15":"sold-individually","16":"shipping-taxable","17":"product-type-simple"},"jetpack_sharing_enabled":true,"_links":{"self":[{"href":"https:\/\/shop.paulettesauve.com\/fr\/wp-json\/wp\/v2\/product\/6126","targetHints":{"allow":["GET"]}}],"collection":[{"href":"https:\/\/shop.paulettesauve.com\/fr\/wp-json\/wp\/v2\/product"}],"about":[{"href":"https:\/\/shop.paulettesauve.com\/fr\/wp-json\/wp\/v2\/types\/product"}],"replies":[{"embeddable":true,"href":"https:\/\/shop.paulettesauve.com\/fr\/wp-json\/wp\/v2\/comments?post=6126"}],"version-history":[{"count":7,"href":"https:\/\/shop.paulettesauve.com\/fr\/wp-json\/wp\/v2\/product\/6126\/revisions"}],"predecessor-version":[{"id":7085,"href":"https:\/\/shop.paulettesauve.com\/fr\/wp-json\/wp\/v2\/product\/6126\/revisions\/7085"}],"wp:featuredmedia":[{"embeddable":true,"href":"https:\/\/shop.paulettesauve.com\/fr\/wp-json\/wp\/v2\/media\/6124"}],"wp:attachment":[{"href":"https:\/\/shop.paulettesauve.com\/fr\/wp-json\/wp\/v2\/media?parent=6126"}],"wp:term":[{"taxonomy":"product_brand","embeddable":true,"href":"https:\/\/shop.paulettesauve.com\/fr\/wp-json\/wp\/v2\/product_brand?post=6126"},{"taxonomy":"product_cat","embeddable":true,"href":"https:\/\/shop.paulettesauve.com\/fr\/wp-json\/wp\/v2\/product_cat?post=6126"},{"taxonomy":"product_tag","embeddable":true,"href":"https:\/\/shop.paulettesauve.com\/fr\/wp-json\/wp\/v2\/product_tag?post=6126"}],"curies":[{"name":"wp","href":"https:\/\/api.w.org\/{rel}","templated":true}]}}