{"id":6110,"date":"2024-01-25T09:57:25","date_gmt":"2024-01-25T14:57:25","guid":{"rendered":"https:\/\/shop.paulettesauve.com\/product\/rue-saint-paul\/"},"modified":"2024-09-15T11:08:49","modified_gmt":"2024-09-15T15:08:49","slug":"rue-saint-paul","status":"publish","type":"product","link":"https:\/\/shop.paulettesauve.com\/fr\/produit\/rue-saint-paul\/","title":{"rendered":"RUE SAINT-PAUL"},"content":{"rendered":"<p>RUE SAINT-PAUL<\/p>\n","protected":false},"excerpt":{"rendered":"<h4><strong>Encre d\u2019archives sur papier Hahnem\u00fchle<\/strong><strong>Non encadr\u00e9 Format : 49 x 36 cm (19\u00d714 pouces)<\/strong><strong>Prix comprend les taxes<\/strong><strong>Cartes de cr\u00e9dit accept\u00e9es \u00e0 la caisse<\/strong><br \/>\n<img decoding=\"async\" class=\"alignnone size-full wp-image-1670\" src=\"https:\/\/shop.paulettesauve.com\/wp-content\/uploads\/2023\/11\/P-M-Sauve_CREDIT-CARDS-ACCEPTED_1b.jpg\" alt=\"\" width=\"265\" height=\"59\"><\/h4>\n","protected":false},"featured_media":735,"comment_status":"open","ping_status":"closed","template":"","meta":[],"product_brand":[],"product_cat":[94,92,197],"product_tag":[63,198],"class_list":{"0":"post-6110","1":"product","2":"type-product","3":"status-publish","4":"has-post-thumbnail","6":"product_cat-art","7":"product_cat-estampes","8":"product_cat-impressions-sur-papier-dart","9":"product_tag-art","10":"product_tag-papier-dart","12":"first","13":"instock","14":"sold-individually","15":"shipping-taxable","16":"purchasable","17":"product-type-simple"},"jetpack_sharing_enabled":true,"_links":{"self":[{"href":"https:\/\/shop.paulettesauve.com\/fr\/wp-json\/wp\/v2\/product\/6110","targetHints":{"allow":["GET"]}}],"collection":[{"href":"https:\/\/shop.paulettesauve.com\/fr\/wp-json\/wp\/v2\/product"}],"about":[{"href":"https:\/\/shop.paulettesauve.com\/fr\/wp-json\/wp\/v2\/types\/product"}],"replies":[{"embeddable":true,"href":"https:\/\/shop.paulettesauve.com\/fr\/wp-json\/wp\/v2\/comments?post=6110"}],"version-history":[{"count":5,"href":"https:\/\/shop.paulettesauve.com\/fr\/wp-json\/wp\/v2\/product\/6110\/revisions"}],"predecessor-version":[{"id":7028,"href":"https:\/\/shop.paulettesauve.com\/fr\/wp-json\/wp\/v2\/product\/6110\/revisions\/7028"}],"wp:featuredmedia":[{"embeddable":true,"href":"https:\/\/shop.paulettesauve.com\/fr\/wp-json\/wp\/v2\/media\/735"}],"wp:attachment":[{"href":"https:\/\/shop.paulettesauve.com\/fr\/wp-json\/wp\/v2\/media?parent=6110"}],"wp:term":[{"taxonomy":"product_brand","embeddable":true,"href":"https:\/\/shop.paulettesauve.com\/fr\/wp-json\/wp\/v2\/product_brand?post=6110"},{"taxonomy":"product_cat","embeddable":true,"href":"https:\/\/shop.paulettesauve.com\/fr\/wp-json\/wp\/v2\/product_cat?post=6110"},{"taxonomy":"product_tag","embeddable":true,"href":"https:\/\/shop.paulettesauve.com\/fr\/wp-json\/wp\/v2\/product_tag?post=6110"}],"curies":[{"name":"wp","href":"https:\/\/api.w.org\/{rel}","templated":true}]}}