{"id":5745,"date":"2024-01-11T10:02:44","date_gmt":"2024-01-11T15:02:44","guid":{"rendered":"https:\/\/shop.paulettesauve.com\/product\/diaporama-par-paulette-marie-sauve\/"},"modified":"2024-01-11T10:23:00","modified_gmt":"2024-01-11T15:23:00","slug":"diaporama-par-paulette-marie-sauve","status":"publish","type":"product","link":"https:\/\/shop.paulettesauve.com\/fr\/produit\/diaporama-par-paulette-marie-sauve\/","title":{"rendered":"DIAPORAMA par Paulette-Marie Sauv\u00e9"},"content":{"rendered":"<p>DIAPORAMA par Paulette-Marie Sauv\u00e9<\/p>\n","protected":false},"excerpt":{"rendered":"<p>PARTIE 1<br \/>\nJ\u2019aimerais vous pr\u00e9senter les textiles anciens qui ont influenc\u00e9 ma passion pour l\u2019art textile et pour l\u2019utilisation de teintures anciennes dans mon travail.<br \/>\nA00001b1_Bali sac \u00e0 main<br \/>\nBali, ancien, tissage<br \/>\nhttps:\/\/en.wikipedia.org\/wiki\/Balinese_textiles<br \/>\nLes textiles balinais refl\u00e8tent les traditions historiques de Bali, en Indon\u00e9sie. Bali a \u00e9t\u00e9 historiquement li\u00e9e aux grandes cours de Java avant le 10\u00e8me si\u00e8cle &#8230;&#8230;&#8230;. Bali peut donc \u00eatre consid\u00e9r\u00e9e comme un d\u00e9positaire non seulement de ses propres arts, mais aussi de ceux de Java au XVe si\u00e8cle pr\u00e9islamique. &#8230;&#8230;&#8230; L\u2019utilisation du textile est une tradition vivante et est donc en constante \u00e9volution. Il variera \u00e9galement d\u2019un quartier \u00e0 l\u2019autre. Pour la plupart, les vieilles \u00e9toffes (\u00e0 l\u2019exception de celles qui sont particuli\u00e8rement sacr\u00e9es) ne sont pas v\u00e9n\u00e9r\u00e9es pour leur \u00e2ge. Neuf, c\u2019est beaucoup mieux. Sous les tropiques, les tissus se d\u00e9t\u00e9riorent rapidement et la vertu est donc g\u00e9n\u00e9r\u00e9e en les rempla\u00e7ant.<br \/>\n&#8230;&#8230;&#8230;. \u00c0 commencer par le fil et le tissu tiss\u00e9, ils sont un moyen par lequel la nature divine de l\u2019univers et ses manifestations mat\u00e9rielles sont reconnues et exprim\u00e9es. Le tissu est au c\u0153ur de toutes les activit\u00e9s spirituelles balinaises.<\/p>\n<p>A00001b2_Bali_Selendang de Singaraja. Soie, d\u00e9but du 20e si\u00e8cle 350 x 50 cm Collection d\u2019arts baliques d\u2019Indon\u00e9sie20121123 3.JPG Photo par Chris Hazzard &#8211; Travail personnel, CC BY-SA 3.0, https:\/\/commons.wikimedia.org\/w\/index.php?curid=22822480Ikat de la cha\u00eene, appel\u00e9 endek \u00e0 Bali. Selendang de soie tr\u00e8s pr\u00e9coce 350 x 50 cm. Comme il sied \u00e0 son \u00e2ge, il est dans un \u00e9tat tr\u00e8s fragile. De la collection des Arts baliques d\u2019Indon\u00e9sie<\/p>\n<p>&#8212;&#8212;&#8212;&#8212;&#8212;&#8212;&#8212;&#8211;<br \/>\nA00001c_This est un fragment de tapisserie de Nazca provenant de l\u2019ancien P\u00e9rou.<br \/>\nhttps:\/\/en.wikipedia.org\/wiki\/Nazca_culture<\/p>\n<p>La culture de Nazca a prosp\u00e9r\u00e9 d\u2019environ 100 av. J.-C. \u00e0 800 apr. J.-C. Fortement influenc\u00e9e par la culture Paracas pr\u00e9c\u00e9dente, qui \u00e9tait connue pour ses textiles extr\u00eamement complexes, Nazca a produit de nombreuses c\u00e9ramiques, textiles et g\u00e9oglyphes. La culture Paracas \u00e9tait une soci\u00e9t\u00e9 andine existant entre environ 800 et 100 avant notre \u00e8re, avec une connaissance approfondie de l\u2019irrigation et de la gestion de l\u2019eau et qui a apport\u00e9 des contributions significatives dans les arts textiles. Les textiles Paracas comprennent de nombreuses structures de tissage complexes, ainsi que des techniques de tressage et de nouage \u00e9labor\u00e9es.<\/p>\n<p>&#8212;&#8212;&#8212;&#8212;&#8212;&#8212;&#8212;&#8211;<br \/>\nA00001d_Lekythos,_ca._550\u2013530_B.CE._Amasis_peintre_attr._Tissage,_upright_loom._D\u00e9roul\u00e9.Le_Met.jpg<br \/>\nhttps:\/\/www.metmuseum.org\/art\/collection\/search\/253348?searchField=All&amp;sortBy=Relevance&amp;high=on&amp;ao=on&amp;showOnly=openAccess&amp;ft=*&amp;offset=560&amp;rpp=80&amp;pos=573<\/p>\n<p>Au Metropolitan Museum of Art de New York, nous trouvons ce l\u00e9cythe en terre cuite (flacon d\u2019huile) de la Gr\u00e8ce antique, vers 1000 av. 550-530 av. J.-C. Le tissage dans la Gr\u00e8ce antique est un sujet fascinant \u00e0 explorer&#8230; le c\u00e9l\u00e8bre L\u00e9cythe \u00e0 figures noires illustre des femmes fabriquant des \u00e9toffes de laine.<\/p>\n<p>&#8212;&#8212;&#8212;&#8212;&#8212;&#8212;&#8211;<br \/>\nA00002a_Dame une Licorne \/ La Dame \u00e0 la Licorne &#8211; est l\u2019une des six tapisseries interpr\u00e9t\u00e9es comme repr\u00e9sentant les cinq sens &#8211; cette tapisserie repr\u00e9sente le go\u00fbt.<\/p>\n<p>https:\/\/en.wikipedia.org\/wiki\/The_Lady_and_the_Unicorn<\/p>\n<p>La Dame \u00e0 la licorne est le titre moderne donn\u00e9 \u00e0 une s\u00e9rie de six tapisseries cr\u00e9\u00e9es dans le style des \u00ab mille fleurs \u00bb et tiss\u00e9es en Flandre \u00e0 partir de laine et de soie, d\u2019apr\u00e8s des dessins (\u00ab cartoons \u00bb) dessin\u00e9s \u00e0 Paris vers 1500. L\u2019ensemble est expos\u00e9 au mus\u00e9e de Cluny \u00e0 Paris.<br \/>\nCinq des tapisseries sont g\u00e9n\u00e9ralement interpr\u00e9t\u00e9es comme repr\u00e9sentant les cinq sens : le go\u00fbt, l\u2019ou\u00efe, la vue, l\u2019odorat et le toucher. Le sixi\u00e8me affiche les mots \u00ab \u00c0 mon seul d\u00e9sir \u00bb. La signification voulue de la tapisserie est obscure, mais a \u00e9t\u00e9 interpr\u00e9t\u00e9e comme repr\u00e9sentant l\u2019amour ou la compr\u00e9hension. Chacune des six tapisseries repr\u00e9sente une noble dame avec une licorne \u00e0 sa gauche et un lion \u00e0 sa droite ; Certains incluent un singe dans la sc\u00e8ne. &#8230;&#8230;&#8230;&#8230;.<br \/>\nLes fanions, ainsi que l\u2019armure de la licorne et du lion dans la tapisserie semblent porter les armes d\u2019Antoine II ou de Jean IV Le Viste, baron de Montreuil, un puissant noble de la cour de Charles VII de France et vraisemblablement son commanditaire. Les armoiries, cependant, semblent enfreindre les r\u00e8gles de l\u2019h\u00e9raldique fran\u00e7aise avec une superposition incorrecte de couleurs. Une \u00e9tude tr\u00e8s r\u00e9cente de l\u2019h\u00e9raldique semble accr\u00e9diter une autre hypoth\u00e8se (pr\u00e9c\u00e9demment \u00e9cart\u00e9e) selon laquelle le v\u00e9ritable commanditaire de la tapisserie serait Antoine II Le Viste (1470-1534), descendant de la branche cadette de la famille Le Viste et personnage important de la cour de Charles VIII, Louis XII et Fran\u00e7ois Ier.<\/p>\n<p>&#8212;&#8212;&#8212;&#8212;&#8212;&#8211;<\/p>\n<p>A100003a_Mary Ebbets Hunt, Chilkat, couverture<\/p>\n<p>https:\/\/en.m.wikipedia.org\/wiki\/File:Chilkat_robe_by_Mary_Ebbetts_Hunt_(Anisalaga),_Tlingit_people,_Honolulu_Museum_of_Art,_4183.JPG<\/p>\n<p>Il s\u2019agit d\u2019une couverture ou d\u2019une robe Chilkat, tiss\u00e9e en tapisserie avec de la laine de ch\u00e8vre de montagne, des fils de laine teints dans le commerce, par Mary Ebbetts Hunt (Anisalaga), 1823-1919, de Fort Rupert, en Colombie-Britannique. Hauteur&nbsp;: 117 cm. (46 po) Mary Ebbetts Hunt (Anisalaga) \u00e9tait originaire de la Premi\u00e8re Nation Tlingit.<\/p>\n<p>Cette tapisserie se trouve au mus\u00e9e d\u2019art d\u2019Honolulu.<\/p>\n","protected":false},"featured_media":5743,"comment_status":"open","ping_status":"closed","template":"","meta":[],"product_brand":[],"product_cat":[105],"product_tag":[106],"class_list":{"0":"post-5745","1":"product","2":"type-product","3":"status-publish","4":"has-post-thumbnail","6":"product_cat-informations-sur-la-conference","7":"product_tag-informations-sur-la-conference","9":"first","10":"instock","11":"taxable","12":"shipping-taxable","13":"product-type-simple"},"jetpack_sharing_enabled":true,"_links":{"self":[{"href":"https:\/\/shop.paulettesauve.com\/fr\/wp-json\/wp\/v2\/product\/5745","targetHints":{"allow":["GET"]}}],"collection":[{"href":"https:\/\/shop.paulettesauve.com\/fr\/wp-json\/wp\/v2\/product"}],"about":[{"href":"https:\/\/shop.paulettesauve.com\/fr\/wp-json\/wp\/v2\/types\/product"}],"replies":[{"embeddable":true,"href":"https:\/\/shop.paulettesauve.com\/fr\/wp-json\/wp\/v2\/comments?post=5745"}],"version-history":[{"count":3,"href":"https:\/\/shop.paulettesauve.com\/fr\/wp-json\/wp\/v2\/product\/5745\/revisions"}],"predecessor-version":[{"id":5756,"href":"https:\/\/shop.paulettesauve.com\/fr\/wp-json\/wp\/v2\/product\/5745\/revisions\/5756"}],"wp:featuredmedia":[{"embeddable":true,"href":"https:\/\/shop.paulettesauve.com\/fr\/wp-json\/wp\/v2\/media\/5743"}],"wp:attachment":[{"href":"https:\/\/shop.paulettesauve.com\/fr\/wp-json\/wp\/v2\/media?parent=5745"}],"wp:term":[{"taxonomy":"product_brand","embeddable":true,"href":"https:\/\/shop.paulettesauve.com\/fr\/wp-json\/wp\/v2\/product_brand?post=5745"},{"taxonomy":"product_cat","embeddable":true,"href":"https:\/\/shop.paulettesauve.com\/fr\/wp-json\/wp\/v2\/product_cat?post=5745"},{"taxonomy":"product_tag","embeddable":true,"href":"https:\/\/shop.paulettesauve.com\/fr\/wp-json\/wp\/v2\/product_tag?post=5745"}],"curies":[{"name":"wp","href":"https:\/\/api.w.org\/{rel}","templated":true}]}}