{"id":5666,"date":"2024-01-02T15:16:20","date_gmt":"2024-01-02T20:16:20","guid":{"rendered":"https:\/\/shop.paulettesauve.com\/product\/vibrations-sur-fibres-23-retrospective-paulette-marie-sauve\/"},"modified":"2024-05-17T00:41:50","modified_gmt":"2024-05-17T04:41:50","slug":"vibrations-sur-fibres-23-retrospective-paulette-marie-sauve","status":"publish","type":"product","link":"https:\/\/shop.paulettesauve.com\/fr\/produit\/vibrations-sur-fibres-23-retrospective-paulette-marie-sauve\/","title":{"rendered":"Vibrations sur fibres 23 R\u00e9trospective Paulette-Marie Sauv\u00e9"},"content":{"rendered":"<p>Vibrations sur fibres 23 R\u00e9trospective Paulette-Marie Sauv\u00e9<\/p>\n<p>&nbsp;<\/p>\n","protected":false},"excerpt":{"rendered":"<p>A voir sur Fabrique Culturelle :<\/p>\n<p><a href=\"https:\/\/www.lafabriqueculturelle.tv\/capsules\/14620\/vibrations-sur-fibres-23-retrospective-du-travail-de-l-artiste-liciere-paulette-marie-sauve\">https:\/\/www.lafabriqueculturelle.tv\/capsules\/14620\/vibrations-sur-fibres-23-retrospective-du-travail-de-l-artiste-liciere-paulette-marie-sauve<\/a><\/p>\n","protected":false},"featured_media":5647,"comment_status":"open","ping_status":"closed","template":"","meta":[],"product_brand":[],"product_cat":[76],"product_tag":[110],"class_list":{"0":"post-5666","1":"product","2":"type-product","3":"status-publish","4":"has-post-thumbnail","6":"product_cat-publications-fr","7":"product_tag-publications-fr","9":"first","10":"instock","11":"taxable","12":"shipping-taxable","13":"product-type-simple"},"jetpack_sharing_enabled":true,"_links":{"self":[{"href":"https:\/\/shop.paulettesauve.com\/fr\/wp-json\/wp\/v2\/product\/5666","targetHints":{"allow":["GET"]}}],"collection":[{"href":"https:\/\/shop.paulettesauve.com\/fr\/wp-json\/wp\/v2\/product"}],"about":[{"href":"https:\/\/shop.paulettesauve.com\/fr\/wp-json\/wp\/v2\/types\/product"}],"replies":[{"embeddable":true,"href":"https:\/\/shop.paulettesauve.com\/fr\/wp-json\/wp\/v2\/comments?post=5666"}],"version-history":[{"count":1,"href":"https:\/\/shop.paulettesauve.com\/fr\/wp-json\/wp\/v2\/product\/5666\/revisions"}],"predecessor-version":[{"id":6364,"href":"https:\/\/shop.paulettesauve.com\/fr\/wp-json\/wp\/v2\/product\/5666\/revisions\/6364"}],"wp:featuredmedia":[{"embeddable":true,"href":"https:\/\/shop.paulettesauve.com\/fr\/wp-json\/wp\/v2\/media\/5647"}],"wp:attachment":[{"href":"https:\/\/shop.paulettesauve.com\/fr\/wp-json\/wp\/v2\/media?parent=5666"}],"wp:term":[{"taxonomy":"product_brand","embeddable":true,"href":"https:\/\/shop.paulettesauve.com\/fr\/wp-json\/wp\/v2\/product_brand?post=5666"},{"taxonomy":"product_cat","embeddable":true,"href":"https:\/\/shop.paulettesauve.com\/fr\/wp-json\/wp\/v2\/product_cat?post=5666"},{"taxonomy":"product_tag","embeddable":true,"href":"https:\/\/shop.paulettesauve.com\/fr\/wp-json\/wp\/v2\/product_tag?post=5666"}],"curies":[{"name":"wp","href":"https:\/\/api.w.org\/{rel}","templated":true}]}}